{"id":1902,"date":"2017-04-12T19:19:15","date_gmt":"2017-04-12T17:19:15","guid":{"rendered":"http:\/\/bozppo-neu.cz\/?page_id=1902"},"modified":"2026-04-11T19:16:39","modified_gmt":"2026-04-11T17:16:39","slug":"faustuv-dum-v-praze","status":"publish","type":"page","link":"http:\/\/bozppo-neu.cz\/?page_id=1902","title":{"rendered":"Faust\u016fv d\u016fm v Praze"},"content":{"rendered":"<div id=\"attachment_3849\" style=\"width: 300px\" class=\"wp-caption alignright\"><img aria-describedby=\"caption-attachment-3849\" decoding=\"async\" loading=\"lazy\" class=\"wp-image-3849\" src=\"http:\/\/bozppo-neu.cz\/wp-content\/uploads\/2020\/12\/cvik2-150x150.jpg\" alt=\"cvik2\" width=\"290\" height=\"310\" srcset=\"http:\/\/bozppo-neu.cz\/wp-content\/uploads\/2020\/12\/cvik2-281x300.jpg 281w, http:\/\/bozppo-neu.cz\/wp-content\/uploads\/2020\/12\/cvik2.jpg 501w\" sizes=\"(max-width: 290px) 100vw, 290px\" \/><p id=\"caption-attachment-3849\" class=\"wp-caption-text\"><span style=\"color: #400050;\"><em>Artistick\u00fd v\u00fdstup ve v\u00fdrobn\u00ed hale<\/em><\/span><\/p><\/div>\n<p>\u00a0<\/p>\n<div id=\"attachment_1906\" style=\"width: 310px\" class=\"wp-caption alignright\"><img aria-describedby=\"caption-attachment-1906\" decoding=\"async\" loading=\"lazy\" class=\"wp-image-1906\" src=\"http:\/\/bozppo-neu.cz\/wp-content\/uploads\/2017\/04\/PICT1023.jpg\" alt=\"\" width=\"300\" height=\"225\" srcset=\"http:\/\/bozppo-neu.cz\/wp-content\/uploads\/2017\/04\/PICT1023.jpg 3744w, http:\/\/bozppo-neu.cz\/wp-content\/uploads\/2017\/04\/PICT1023-300x225.jpg 300w, http:\/\/bozppo-neu.cz\/wp-content\/uploads\/2017\/04\/PICT1023-768x576.jpg 768w, http:\/\/bozppo-neu.cz\/wp-content\/uploads\/2017\/04\/PICT1023-1024x768.jpg 1024w, http:\/\/bozppo-neu.cz\/wp-content\/uploads\/2017\/04\/PICT1023-1200x900.jpg 1200w\" sizes=\"(max-width: 300px) 100vw, 300px\" \/><p id=\"caption-attachment-1906\" class=\"wp-caption-text\"><span style=\"color: #400050;\"><em>Zvon v are\u00e1lu Foniatrick\u00e9 kliniky VFN Praha<\/em><\/span><\/p><\/div>\n<p>Pr\u00e1ce <strong><a href=\"http:\/\/bozppo-neu.cz\/?page_id=739\">odborn\u011b zp\u016fsobil\u00e9 osoby<\/a><\/strong> k zaji\u0161\u0165ov\u00e1n\u00ed \u00fakol\u016f v prevenci rizik, jako\u017e i v po\u017e\u00e1rn\u00ed ochran\u011b, sebou ob\u010das p\u0159in\u00e1\u0161\u00ed zaj\u00edmav\u00e1 pozn\u00e1n\u00ed. Dostanete se nap\u0159\u00edklad do trezoru banky, na vrchol zvonice nebo k nejv\u011bt\u0161\u00edmu laseru na sv\u011bt\u011b. P\u0159i studiu stavebn\u00ed dokumentace objektu pro zpracov\u00e1n\u00ed dokumentace PO objev\u00edte t\u0159icet let starou p\u011btadvacetikub\u00edkovou podzemn\u00ed po\u017e\u00e1rn\u00ed n\u00e1dr\u017e, o kter\u00e9 jej\u00ed majitel nem\u00e1 ani zd\u00e1n\u00ed, \u010di \u00fapravnu vody s automatick\u00fdm provozem, o kterou se nikdo nestar\u00e1 (neexistuje od n\u00ed kl\u00ed\u010d). P\u0159\u00edpadn\u011b si vyzko\u0161\u00edte proch\u00e1zen\u00ed se ve virtu\u00e1ln\u00ed realit\u011b (proch\u00e1zen\u00ed se prostory s technologick\u00fdm vybaven\u00edm s mo\u017enostmi vstupu nejen do prostor, ale i do jednotliv\u00fdch za\u0159\u00edzen\u00ed) atd. Tak\u00e9 z titulu sv\u00e9 funkce se m\u016f\u017eete dostat k nat\u00e1\u010den\u00ed artistick\u00e9ho v\u00fdstupu ve v\u00fdrobn\u00ed hale. Zvl\u00e1\u0161tn\u00ed pocit za\u017eijete p\u0159i z\u00e1pisu do Kontroln\u00ed knihy veden\u00e9 na provozovn\u011b ji\u017e od doby Protektor\u00e1tu \u010cechy a Morava.<\/p>\n<div id=\"attachment_1914\" style=\"width: 232px\" class=\"wp-caption alignleft\"><img aria-describedby=\"caption-attachment-1914\" decoding=\"async\" loading=\"lazy\" class=\"wp-image-1914\" src=\"http:\/\/bozppo-neu.cz\/wp-content\/uploads\/2017\/04\/Sn\u00edmek-008-300x225.jpg\" alt=\"snimek-008\" width=\"222\" height=\"167\" srcset=\"http:\/\/bozppo-neu.cz\/wp-content\/uploads\/2017\/04\/Sn\u00edmek-008-300x225.jpg 300w, http:\/\/bozppo-neu.cz\/wp-content\/uploads\/2017\/04\/Sn\u00edmek-008-768x576.jpg 768w, http:\/\/bozppo-neu.cz\/wp-content\/uploads\/2017\/04\/Sn\u00edmek-008-1024x768.jpg 1024w, http:\/\/bozppo-neu.cz\/wp-content\/uploads\/2017\/04\/Sn\u00edmek-008-1200x900.jpg 1200w\" sizes=\"(max-width: 222px) 100vw, 222px\" \/><p id=\"caption-attachment-1914\" class=\"wp-caption-text\"><span style=\"color: #400050;\"><em>\u00dapravna vody<\/em><\/span><\/p><\/div>\n<p>Jedn\u00edm z velmi zaj\u00edmav\u00fdch m\u00edst, kam jsem se d\u00edky sv\u00e9 profesi mohl pod\u00edvat, a to s odborn\u00fdm v\u00fdkladem zasv\u011bcen\u00e9 osoby, byl interi\u00e9r Faustova domu v Praze na Karlov\u011b n\u00e1m\u011bst\u00ed. I kdy\u017e v tomto dom\u011b \u017e\u00e1dn\u00fd Faust s nejv\u011bt\u0161\u00ed pravd\u011bpodobnost\u00ed nikdy nebydlel, m\u00e1 velmi zaj\u00edmavou minulost. Nem\u00e9n\u011b zaj\u00edmav\u00e9 jsou malby na st\u011bn\u00e1ch a stropech.<\/p>\n<p>Pokud v\u00e1s zaj\u00edm\u00e1, zda opravdu existuje d\u00edra ve strop\u011b, kterou si Fausta (nebo snad n\u011bkoho jin\u00e9ho, kdy\u017e ten zde asi nebydlel) odnesl Mefistofeles, tak \u010dt\u011bte d\u00e1l. Dozv\u00edte se nejen zaj\u00edmav\u00e9 informace z d\u011bjin alchymie, ale i o zaj\u00edmav\u00fdch n\u00e1lezech u\u010din\u011bn\u00fdch v dom\u011b. Prohl\u00e9dnout si m\u016f\u017eete, jak vypad\u00e1 interi\u00e9r tohoto domu.<\/p>\n<h4>Historie Faustova domu<\/h4>\n<p>Historie m\u00edsta, kde dnes stoj\u00ed Faust\u016fv d\u016fm, sah\u00e1 a\u017e do dob pohansk\u00fdch, jak p\u0159ipom\u00edn\u00e1 m\u00edstn\u00ed n\u00e1zev Na Mor\u00e1ni. M\u011bl se zde nach\u00e1zet h\u00e1j bohyn\u011b Morany (za n\u00edm sm\u011brem k Vy\u0161ehradu m\u011blo b\u00fdt poh\u0159ebi\u0161t\u011b vladyk\u016f \u2013 dnes D\u016fm u p\u011bti kr\u00e1l\u016f, Vy\u0161ehradsk\u00e1 9, d\u0159\u00edve &#8222;Hrobka&#8220; nebo &#8222;Na hrobce&#8220;). Pr\u00e1v\u011b v m\u00edst\u011b dne\u0161n\u00edho Faustova domu m\u011bl b\u00fdt b\u00e1jn\u00fd pramen. Kde p\u0159esn\u011b, se nev\u00ed. Hovo\u0159\u00ed se o t\u0159ech m\u00edstech \u2013 pod to\u010dit\u00fdm schodi\u0161t\u011bm vedle ark\u00fd\u0159e, ve dvo\u0159e domu, kde je dnes okapn\u00ed svod, nebo pod laborato\u0159emi V\u0161eobecn\u00e9 fakultn\u00ed nemocnice (na jej\u00edm \u00fazem\u00ed je dnes i dal\u0161\u00ed pramen). \u00dadajn\u011b nejpravd\u011bpodobn\u011bj\u0161\u00edm m\u00edstem by m\u011blo b\u00fdt m\u00edsto pod to\u010dit\u00fdm schodi\u0161t\u011bm, n\u011bbo\u0165 je nejbl\u00ed\u017ee m\u00edstu, kde snad m\u011bly b\u00fdt kon\u00e1ny ob\u0159ady <img decoding=\"async\" loading=\"lazy\" class=\"alignright wp-image-1957\" src=\"http:\/\/bozppo-neu.cz\/wp-content\/uploads\/2017\/04\/PICT2529-e1492163661247-225x300.jpg\" alt=\"pict2529\" width=\"255\" height=\"340\" srcset=\"http:\/\/bozppo-neu.cz\/wp-content\/uploads\/2017\/04\/PICT2529-e1492163661247-225x300.jpg 225w, http:\/\/bozppo-neu.cz\/wp-content\/uploads\/2017\/04\/PICT2529-e1492163661247-768x1024.jpg 768w, http:\/\/bozppo-neu.cz\/wp-content\/uploads\/2017\/04\/PICT2529-e1492163661247-1200x1600.jpg 1200w\" sizes=\"(max-width: 255px) 100vw, 255px\" \/>(za Dientzenhoferovou br\u00e1nou, je\u017e je vstupem do sousedn\u00ed zahrady kostela sv. Jana Nepomuck\u00e9ho na Skalce \u2013 foto n\u00ed\u017ee; br\u00e1na vpravo).<\/p>\n<p><img decoding=\"async\" loading=\"lazy\" class=\"alignnone wp-image-1956\" src=\"http:\/\/bozppo-neu.cz\/wp-content\/uploads\/2017\/04\/PICT2525-1-300x225.jpg\" alt=\"pict2525\" width=\"354\" height=\"266\" srcset=\"http:\/\/bozppo-neu.cz\/wp-content\/uploads\/2017\/04\/PICT2525-1-300x225.jpg 300w, http:\/\/bozppo-neu.cz\/wp-content\/uploads\/2017\/04\/PICT2525-1-768x576.jpg 768w, http:\/\/bozppo-neu.cz\/wp-content\/uploads\/2017\/04\/PICT2525-1-1024x768.jpg 1024w, http:\/\/bozppo-neu.cz\/wp-content\/uploads\/2017\/04\/PICT2525-1-1200x900.jpg 1200w\" sizes=\"(max-width: 354px) 100vw, 354px\" \/><\/p>\n<p>Pozd\u011bji, n\u011bkdy ve 12. stolet\u00ed, v t\u011bchto m\u00edstech na ochranu cesty z Pra\u017esk\u00e9ho hradu na Vy\u0161ehrad vznikla Mal\u00e1 tvrz (Slavo\u0161ovsk\u00fd dv\u016fr). O sto let pozd\u011bji (1268) zde vznikl Opavsk\u00fd d\u016fm, kter\u00fd vlastnili Opav\u0161t\u00ed v\u00e9vodov\u00e9, levobo\u010dkov\u00e1 v\u011btev P\u0159emyslovc\u016f. Mezi nimi se objevuje prvn\u00ed majitel zaj\u00edmaj\u00edc\u00ed se o alchymii, V\u00e1clav II. Opavsk\u00fd (1397\u20131449). V roce 1447 zde vznikla alchymistick\u00e1 d\u00edlna.<\/p>\n<p>Jeho n\u00e1sledovn\u00edky byli Jan Kopa z Raumenthalu (16. stolet\u00ed) a Angli\u010dan Edward Kelley, f\u00e1mulus Johna Dee (je pova\u017eov\u00e1n za agenta 007 kr\u00e1lovny Al\u017et\u011bty I. a od n\u011bj odvozen filmov\u00fd agent 007). Snad on byl t\u00edm, kdo Faust\u016fv d\u016fm nechal vyzdobit renesan\u010dn\u00edmi freskami.<\/p>\n<div id=\"attachment_1976\" style=\"width: 580px\" class=\"wp-caption aligncenter\"><img aria-describedby=\"caption-attachment-1976\" decoding=\"async\" loading=\"lazy\" class=\"wp-image-1976\" src=\"http:\/\/bozppo-neu.cz\/wp-content\/uploads\/2017\/04\/PICT2510-1.jpg\" alt=\"pict2510\" width=\"570\" height=\"428\" srcset=\"http:\/\/bozppo-neu.cz\/wp-content\/uploads\/2017\/04\/PICT2510-1.jpg 3744w, http:\/\/bozppo-neu.cz\/wp-content\/uploads\/2017\/04\/PICT2510-1-300x225.jpg 300w, http:\/\/bozppo-neu.cz\/wp-content\/uploads\/2017\/04\/PICT2510-1-768x576.jpg 768w, http:\/\/bozppo-neu.cz\/wp-content\/uploads\/2017\/04\/PICT2510-1-1024x768.jpg 1024w, http:\/\/bozppo-neu.cz\/wp-content\/uploads\/2017\/04\/PICT2510-1-1200x900.jpg 1200w\" sizes=\"(max-width: 570px) 100vw, 570px\" \/><p id=\"caption-attachment-1976\" class=\"wp-caption-text\"><span style=\"color: #400050;\"><em>N\u00e1stropn\u00ed malba<\/em><\/span><\/p><\/div>\n<p>\u00a0<\/p>\n<div id=\"attachment_1966\" style=\"width: 304px\" class=\"wp-caption alignleft\"><img aria-describedby=\"caption-attachment-1966\" decoding=\"async\" loading=\"lazy\" class=\"wp-image-1966\" src=\"http:\/\/bozppo-neu.cz\/wp-content\/uploads\/2017\/04\/PICT2513.jpg\" alt=\"pict2513\" width=\"294\" height=\"392\" srcset=\"http:\/\/bozppo-neu.cz\/wp-content\/uploads\/2017\/04\/PICT2513.jpg 2808w, http:\/\/bozppo-neu.cz\/wp-content\/uploads\/2017\/04\/PICT2513-225x300.jpg 225w, http:\/\/bozppo-neu.cz\/wp-content\/uploads\/2017\/04\/PICT2513-768x1024.jpg 768w, http:\/\/bozppo-neu.cz\/wp-content\/uploads\/2017\/04\/PICT2513-1200x1600.jpg 1200w\" sizes=\"(max-width: 294px) 100vw, 294px\" \/><p id=\"caption-attachment-1966\" class=\"wp-caption-text\"><span style=\"color: #400050;\"><em>&#8230;a jej\u00ed pokra\u010dov\u00e1n\u00ed na st\u011bn\u011b<\/em><\/span><\/p><\/div>\n<p>\u00a0<\/p>\n<div id=\"attachment_1965\" style=\"width: 305px\" class=\"wp-caption alignright\"><img aria-describedby=\"caption-attachment-1965\" decoding=\"async\" loading=\"lazy\" class=\"wp-image-1965\" src=\"http:\/\/bozppo-neu.cz\/wp-content\/uploads\/2017\/04\/PICT2512-1.jpg\" alt=\"pict2512\" width=\"295\" height=\"393\" srcset=\"http:\/\/bozppo-neu.cz\/wp-content\/uploads\/2017\/04\/PICT2512-1.jpg 2808w, http:\/\/bozppo-neu.cz\/wp-content\/uploads\/2017\/04\/PICT2512-1-225x300.jpg 225w, http:\/\/bozppo-neu.cz\/wp-content\/uploads\/2017\/04\/PICT2512-1-768x1024.jpg 768w, http:\/\/bozppo-neu.cz\/wp-content\/uploads\/2017\/04\/PICT2512-1-1200x1600.jpg 1200w\" sizes=\"(max-width: 295px) 100vw, 295px\" \/><p id=\"caption-attachment-1965\" class=\"wp-caption-text\"><span style=\"color: #400050;\"><em>&#8230;a\u017e k podlaze<\/em><\/span><\/p><\/div>\n<p>\u00a0<\/p>\n<div id=\"attachment_1964\" style=\"width: 310px\" class=\"wp-caption alignleft\"><img aria-describedby=\"caption-attachment-1964\" decoding=\"async\" loading=\"lazy\" class=\"wp-image-1964\" src=\"http:\/\/bozppo-neu.cz\/wp-content\/uploads\/2017\/04\/PICT2511-1.jpg\" alt=\"pict2511\" width=\"300\" height=\"400\" srcset=\"http:\/\/bozppo-neu.cz\/wp-content\/uploads\/2017\/04\/PICT2511-1.jpg 2808w, http:\/\/bozppo-neu.cz\/wp-content\/uploads\/2017\/04\/PICT2511-1-225x300.jpg 225w, http:\/\/bozppo-neu.cz\/wp-content\/uploads\/2017\/04\/PICT2511-1-768x1024.jpg 768w, http:\/\/bozppo-neu.cz\/wp-content\/uploads\/2017\/04\/PICT2511-1-1200x1600.jpg 1200w\" sizes=\"(max-width: 300px) 100vw, 300px\" \/><p id=\"caption-attachment-1964\" class=\"wp-caption-text\"><span style=\"color: #400050;\"><em>Interi\u00e9r p\u0159\u00edzem\u00ed ark\u00fd\u0159e<\/em><\/span><\/p><\/div>\n<p>\u0158ada alchymist\u016f ve Faustov\u011b dom\u011b pokra\u010duje Ferdinandem Anton\u00ednem Mladotou ze Solopisk, kter\u00fd m\u011bl b\u00fdt p\u0159edobrazem studenta z pov\u011bsti Aloise Jir\u00e1ska. Jeho syn, Josef Petr, se nav\u00edc za\u010dal zab\u00fdvat mechanikou a vytvo\u0159il pohybliv\u00e9 figur\u00edny (pannu, kter\u00e1 ka\u017ed\u00e9ho, jen\u017e se k n\u00ed p\u0159ibl\u00ed\u017eil vodou z pusy post\u0159\u00edkala, \u0161\u00edfa\u0159e poh\u00e1n\u011bj\u00edc\u00ed \u0161\u00edf, tambora, kter\u00fd po doteku rukou za\u010dne bubnovat), schodi\u0161t\u011b vzn\u00e1\u0161ej\u00edc\u00ed se do v\u00fd\u0161e, dve\u0159e, kter\u00e9 se sami otev\u00edraly. \u00dadajn\u011b m\u011bl t\u00e9\u017e sestrojit &#8222;optickou sk\u0159\u00ed\u0148ku&#8220;, kter\u00e1 ukazovala, jak byl Faust unesen atd. \u0160koda, \u017ee se z toho nic nedochovalo.<\/p>\n<p>Faust\u016fm d\u016fm byl n\u011bkolikr\u00e1t p\u0159estavov\u00e1n. Jeho z\u00e1klady jsou gotick\u00e9. Pozd\u011bji byl upraven ve stylu renesan\u010dn\u00edho slohu a je\u0161t\u011b pozd\u011bji ve stylu barokn\u00edm. B\u011bhem sv\u00e9ho trv\u00e1n\u00ed n\u011bkolikr\u00e1t vyho\u0159el. P\u0159i restaur\u00e1torsk\u00fdch prac\u00edch se na r\u016fzn\u00fdch m\u00edstech na\u0161lo mno\u017estv\u00ed saz\u00ed toto potvrzuj\u00edc\u00ed. Naposledy jej <a href=\"https:\/\/www.pozary.cz\/clanek\/1254-zasahl-dabel-nebo-clovek\/\"><strong>po\u017e\u00e1r zachv\u00e1til<\/strong><\/a> 4. \u010dervence 2003.<\/p>\n<p>Dnes jeho prostory vyu\u017e\u00edv\u00e1 p\u0159edev\u0161\u00edm 1. l\u00e9ka\u0159sk\u00e1 fakulta Univerzity Karlovy a \u010d\u00e1ste\u010dn\u011b t\u00e9\u017e V\u0161eobecn\u00e1 fakultn\u00ed nemocnice. Byla zde i soukrom\u00e1 l\u00e9k\u00e1rna. Tato zdravotnick\u00e1 za\u0159\u00edzen\u00ed mo\u017en\u00e1 navazuj\u00ed na hlubokou tradici poskytov\u00e1n\u00ed zdravotn\u00ed p\u00e9\u010de zde. \u00dadajn\u011b si v t\u011bchto m\u00edstech m\u011bl l\u00e9\u010dit sv\u00e9 oko Jan \u017di\u017eka z Trocnova.<\/p>\n<div id=\"attachment_1967\" style=\"width: 295px\" class=\"wp-caption alignleft\"><img aria-describedby=\"caption-attachment-1967\" decoding=\"async\" loading=\"lazy\" class=\"wp-image-1967\" src=\"http:\/\/bozppo-neu.cz\/wp-content\/uploads\/2017\/04\/PICT2514.jpg\" alt=\"pict2514\" width=\"285\" height=\"214\" srcset=\"http:\/\/bozppo-neu.cz\/wp-content\/uploads\/2017\/04\/PICT2514.jpg 3744w, http:\/\/bozppo-neu.cz\/wp-content\/uploads\/2017\/04\/PICT2514-300x225.jpg 300w, http:\/\/bozppo-neu.cz\/wp-content\/uploads\/2017\/04\/PICT2514-768x576.jpg 768w, http:\/\/bozppo-neu.cz\/wp-content\/uploads\/2017\/04\/PICT2514-1024x768.jpg 1024w, http:\/\/bozppo-neu.cz\/wp-content\/uploads\/2017\/04\/PICT2514-1200x900.jpg 1200w\" sizes=\"(max-width: 285px) 100vw, 285px\" \/><p id=\"caption-attachment-1967\" class=\"wp-caption-text\"><span style=\"color: #400050;\"><em>B\u00fdval\u00e9 to\u010dit\u00e9 schodi\u0161t\u011b (zde i na obr\u00e1zku vpravo)<\/em><\/span><\/p><\/div>\n<h4>\u00a0<\/h4>\n<p><img decoding=\"async\" loading=\"lazy\" class=\"alignnone wp-image-3600\" src=\"http:\/\/bozppo-neu.cz\/wp-content\/uploads\/2020\/01\/PICT2516.jpg\" alt=\"pict2516\" width=\"300\" height=\"225\" srcset=\"http:\/\/bozppo-neu.cz\/wp-content\/uploads\/2020\/01\/PICT2516.jpg 3744w, http:\/\/bozppo-neu.cz\/wp-content\/uploads\/2020\/01\/PICT2516-300x225.jpg 300w, http:\/\/bozppo-neu.cz\/wp-content\/uploads\/2020\/01\/PICT2516-768x576.jpg 768w, http:\/\/bozppo-neu.cz\/wp-content\/uploads\/2020\/01\/PICT2516-1024x768.jpg 1024w, http:\/\/bozppo-neu.cz\/wp-content\/uploads\/2020\/01\/PICT2516-1200x900.jpg 1200w\" sizes=\"(max-width: 300px) 100vw, 300px\" \/><\/p>\n<div id=\"attachment_3601\" style=\"width: 295px\" class=\"wp-caption alignright\"><img aria-describedby=\"caption-attachment-3601\" decoding=\"async\" loading=\"lazy\" class=\"wp-image-3601\" src=\"http:\/\/bozppo-neu.cz\/wp-content\/uploads\/2020\/01\/PICT2519.jpg\" alt=\"pict2519\" width=\"285\" height=\"214\" srcset=\"http:\/\/bozppo-neu.cz\/wp-content\/uploads\/2020\/01\/PICT2519.jpg 3744w, http:\/\/bozppo-neu.cz\/wp-content\/uploads\/2020\/01\/PICT2519-300x225.jpg 300w, http:\/\/bozppo-neu.cz\/wp-content\/uploads\/2020\/01\/PICT2519-768x576.jpg 768w, http:\/\/bozppo-neu.cz\/wp-content\/uploads\/2020\/01\/PICT2519-1024x768.jpg 1024w, http:\/\/bozppo-neu.cz\/wp-content\/uploads\/2020\/01\/PICT2519-1200x900.jpg 1200w\" sizes=\"(max-width: 285px) 100vw, 285px\" \/><p id=\"caption-attachment-3601\" class=\"wp-caption-text\"><span style=\"color: #400050;\"><em>V\u00fdzdoba vstupu z b\u00fdval\u00e9ho to\u010dit\u00e9ho schodi\u0161t\u011b do ark\u00fd\u0159e<\/em><\/span><\/p><\/div>\n<h4>\u00a0<\/h4>\n<div id=\"attachment_1978\" style=\"width: 310px\" class=\"wp-caption alignleft\"><img aria-describedby=\"caption-attachment-1978\" decoding=\"async\" loading=\"lazy\" class=\"wp-image-1978\" src=\"http:\/\/bozppo-neu.cz\/wp-content\/uploads\/2017\/04\/PICT2522-1.jpg\" alt=\"pict2522\" width=\"300\" height=\"214\" srcset=\"http:\/\/bozppo-neu.cz\/wp-content\/uploads\/2017\/04\/PICT2522-1.jpg 3676w, http:\/\/bozppo-neu.cz\/wp-content\/uploads\/2017\/04\/PICT2522-1-300x214.jpg 300w, http:\/\/bozppo-neu.cz\/wp-content\/uploads\/2017\/04\/PICT2522-1-768x549.jpg 768w, http:\/\/bozppo-neu.cz\/wp-content\/uploads\/2017\/04\/PICT2522-1-1024x732.jpg 1024w, http:\/\/bozppo-neu.cz\/wp-content\/uploads\/2017\/04\/PICT2522-1-1200x857.jpg 1200w\" sizes=\"(max-width: 300px) 100vw, 300px\" \/><p id=\"caption-attachment-1978\" class=\"wp-caption-text\"><span style=\"color: #400050;\"><em>Vstup z b\u00fdval\u00e9ho to\u010dit\u00e9ho schodi\u0161t\u011b do ark\u00fd\u0159e<\/em><\/span><\/p><\/div>\n<p>\u00a0<\/p>\n<div id=\"attachment_3599\" style=\"width: 310px\" class=\"wp-caption alignnone\"><img aria-describedby=\"caption-attachment-3599\" decoding=\"async\" loading=\"lazy\" class=\"wp-image-3599\" src=\"http:\/\/bozppo-neu.cz\/wp-content\/uploads\/2020\/01\/PICT2515.jpg\" alt=\"\" width=\"300\" height=\"400\" srcset=\"http:\/\/bozppo-neu.cz\/wp-content\/uploads\/2020\/01\/PICT2515.jpg 2808w, http:\/\/bozppo-neu.cz\/wp-content\/uploads\/2020\/01\/PICT2515-225x300.jpg 225w, http:\/\/bozppo-neu.cz\/wp-content\/uploads\/2020\/01\/PICT2515-768x1024.jpg 768w, http:\/\/bozppo-neu.cz\/wp-content\/uploads\/2020\/01\/PICT2515-1200x1600.jpg 1200w\" sizes=\"(max-width: 300px) 100vw, 300px\" \/><p id=\"caption-attachment-3599\" class=\"wp-caption-text\"><span style=\"color: #400050;\"><em>V\u00fdklenek pod b\u00fdval\u00fdm schodi\u0161t\u011bm (na st\u0159edn\u00ed fotografii naho\u0159e v prav\u00e9m doln\u00edm rohu)<\/em><\/span><\/p><\/div>\n<h4>Stropy ve Faustov\u011b dom\u011b<\/h4>\n<div id=\"attachment_1947\" style=\"width: 540px\" class=\"wp-caption aligncenter\"><img aria-describedby=\"caption-attachment-1947\" decoding=\"async\" loading=\"lazy\" class=\"wp-image-1947\" src=\"http:\/\/bozppo-neu.cz\/wp-content\/uploads\/2017\/04\/083.jpg\" alt=\"083\" width=\"530\" height=\"398\" srcset=\"http:\/\/bozppo-neu.cz\/wp-content\/uploads\/2017\/04\/083.jpg 3744w, http:\/\/bozppo-neu.cz\/wp-content\/uploads\/2017\/04\/083-300x225.jpg 300w, http:\/\/bozppo-neu.cz\/wp-content\/uploads\/2017\/04\/083-768x576.jpg 768w, http:\/\/bozppo-neu.cz\/wp-content\/uploads\/2017\/04\/083-1024x768.jpg 1024w, http:\/\/bozppo-neu.cz\/wp-content\/uploads\/2017\/04\/083-1200x900.jpg 1200w\" sizes=\"(max-width: 530px) 100vw, 530px\" \/><p id=\"caption-attachment-1947\" class=\"wp-caption-text\"><span style=\"color: #400050;\"><em>Strop ark\u00fd\u0159e s lustrem speci\u00e1ln\u011b vytvo\u0159en\u00fdm pro Faust\u016fv d\u016fm<\/em><\/span><\/p><\/div>\n<p>Ve strop\u011b nad schodi\u0161t\u011bm vedle ark\u00fd\u0159e byl zji\u0161t\u011bn dodate\u010dn\u011b dozd\u00edvan\u00fd otvor dostate\u010dn\u011b velik\u00fd na to, aby se j\u00edm prot\u00e1hl dosp\u011bl\u00fd mu\u017e. Jednalo se o otvor, kter\u00fdm si \u010f\u00e1bel odnesl Fausta? Nebo o otvor po prusk\u00e9 d\u011blov\u00e9 kouli, kter\u00e1 zas\u00e1hla d\u016fm? Nikdo nev\u00ed.<\/p>\n<div id=\"attachment_1935\" style=\"width: 313px\" class=\"wp-caption alignright\"><img aria-describedby=\"caption-attachment-1935\" decoding=\"async\" loading=\"lazy\" class=\"wp-image-1935\" src=\"http:\/\/bozppo-neu.cz\/wp-content\/uploads\/2017\/04\/PICT2517-300x225.jpg\" alt=\"pict2517\" width=\"303\" height=\"227\" srcset=\"http:\/\/bozppo-neu.cz\/wp-content\/uploads\/2017\/04\/PICT2517-300x225.jpg 300w, http:\/\/bozppo-neu.cz\/wp-content\/uploads\/2017\/04\/PICT2517-768x576.jpg 768w, http:\/\/bozppo-neu.cz\/wp-content\/uploads\/2017\/04\/PICT2517-1024x768.jpg 1024w, http:\/\/bozppo-neu.cz\/wp-content\/uploads\/2017\/04\/PICT2517-1200x900.jpg 1200w\" sizes=\"(max-width: 303px) 100vw, 303px\" \/><p id=\"caption-attachment-1935\" class=\"wp-caption-text\"><span style=\"color: #400050;\"><em>Strop nad b\u00fdval\u00fdm schodi\u0161t\u011bm, strop, kter\u00fdm \u010f\u00e1bel odnesl Fausta<\/em><\/span><\/p><\/div>\n<p>\u00a0<\/p>\n<div id=\"attachment_2117\" style=\"width: 296px\" class=\"wp-caption alignright\"><img aria-describedby=\"caption-attachment-2117\" decoding=\"async\" loading=\"lazy\" class=\"wp-image-2117\" src=\"http:\/\/bozppo-neu.cz\/wp-content\/uploads\/2017\/04\/DIRA_3.jpg\" alt=\"dira_3\" width=\"286\" height=\"227\" srcset=\"http:\/\/bozppo-neu.cz\/wp-content\/uploads\/2017\/04\/DIRA_3.jpg 942w, http:\/\/bozppo-neu.cz\/wp-content\/uploads\/2017\/04\/DIRA_3-300x238.jpg 300w, http:\/\/bozppo-neu.cz\/wp-content\/uploads\/2017\/04\/DIRA_3-768x609.jpg 768w\" sizes=\"(max-width: 286px) 100vw, 286px\" \/><p id=\"caption-attachment-2117\" class=\"wp-caption-text\"><span style=\"color: #400050;\"><em>Tudy si \u010f\u00e1bel odnesl Fausta (m\u00edsto, kde je ve strop\u011b dozd\u00edvan\u00fd otvor)<\/em><\/span><\/p><\/div>\n<p>Dal\u0161\u00ed d\u00edru do st\u0159echy prorazila p\u0159i bombardov\u00e1n\u00ed Prahy 14. \u00fanora 1945 americk\u00e1 bomba. Prol\u00e9tla domem a\u017e do sklepa a nevybuchla. Okol\u00ed domu dopadlo mnohem h\u016f\u0159e (Emauzy, vojensk\u00e1 nemocnice [novom\u011bstsk\u00e1 jezuitsk\u00e1 kolej] atd.).<\/p>\n<h4>Zaj\u00edmav\u00e9 n\u00e1lezy<\/h4>\n<p>Ve Faustov\u011b dom\u011b bylo nalezeno mnoho zaj\u00edmav\u00e9ho. Krom\u011b sedmi zazd\u011bn\u00fdch koster ko\u010dek (snad \u010dern\u00fdch?) i d\u011btsk\u00e9 boti\u010dky. V z\u00e1v\u011bru minul\u00e9ho stolet\u00ed byla v n\u00e1ro\u017en\u00edm ark\u00fd\u0159i objevena cel\u00e1 \u0159ada renesan\u010dn\u00edch fresek, na kter\u00fdch jsou vyobrazeny i alchymistick\u00e9 pom\u016fcky. P\u0159i restaur\u00e1torsk\u00fdch prac\u00edch se objevil ukryt\u00fd kr\u00e1sn\u011b malovan\u00fd strop, kter\u00fd je dnes instalov\u00e1n v jedn\u00e9 z m\u00edstnost\u00ed domu.<\/p>\n<p><img decoding=\"async\" loading=\"lazy\" class=\"aligncenter wp-image-1970\" src=\"http:\/\/bozppo-neu.cz\/wp-content\/uploads\/2017\/04\/PICT2536.jpg\" alt=\"pict2536\" width=\"530\" height=\"503\" srcset=\"http:\/\/bozppo-neu.cz\/wp-content\/uploads\/2017\/04\/PICT2536.jpg 2807w, http:\/\/bozppo-neu.cz\/wp-content\/uploads\/2017\/04\/PICT2536-300x285.jpg 300w, http:\/\/bozppo-neu.cz\/wp-content\/uploads\/2017\/04\/PICT2536-768x729.jpg 768w, http:\/\/bozppo-neu.cz\/wp-content\/uploads\/2017\/04\/PICT2536-1024x971.jpg 1024w, http:\/\/bozppo-neu.cz\/wp-content\/uploads\/2017\/04\/PICT2536-1200x1138.jpg 1200w\" sizes=\"(max-width: 530px) 100vw, 530px\" \/><\/p>\n<p><img decoding=\"async\" loading=\"lazy\" class=\"aligncenter wp-image-1969\" src=\"http:\/\/bozppo-neu.cz\/wp-content\/uploads\/2017\/04\/PICT2533.jpg\" alt=\"pict2533\" width=\"530\" height=\"398\" srcset=\"http:\/\/bozppo-neu.cz\/wp-content\/uploads\/2017\/04\/PICT2533.jpg 3744w, http:\/\/bozppo-neu.cz\/wp-content\/uploads\/2017\/04\/PICT2533-300x225.jpg 300w, http:\/\/bozppo-neu.cz\/wp-content\/uploads\/2017\/04\/PICT2533-768x576.jpg 768w, http:\/\/bozppo-neu.cz\/wp-content\/uploads\/2017\/04\/PICT2533-1024x768.jpg 1024w, http:\/\/bozppo-neu.cz\/wp-content\/uploads\/2017\/04\/PICT2533-1200x900.jpg 1200w\" sizes=\"(max-width: 530px) 100vw, 530px\" \/><\/p>\n<p style=\"text-align: right;\">2023-03-15<\/p>\n<p style=\"text-align: center;\"><a href=\"http:\/\/bozppo-neu.cz\/?page_id=1993\">\u00a0<\/a><\/p>\n\n\n<pre class=\"wp-block-code\"><code><p align=\"center\"><a href=\"http:\/\/bozppo-neu.cz\/?page_id=5\"><img decoding=\"async\" loading=\"lazy\" src=\"http:\/\/bozppo-neu.cz\/img\/menubutton.jpg\" alt=\"o uroven vyse\" width=\"50\" height=\"72\"><\/a><\/p><\/code><\/pre>\n","protected":false},"excerpt":{"rendered":"<p>\u00a0 Pr\u00e1ce odborn\u011b zp\u016fsobil\u00e9 osoby k zaji\u0161\u0165ov\u00e1n\u00ed \u00fakol\u016f v prevenci rizik, jako\u017e i v po\u017e\u00e1rn\u00ed ochran\u011b, sebou ob\u010das p\u0159in\u00e1\u0161\u00ed zaj\u00edmav\u00e1 pozn\u00e1n\u00ed. Dostanete se nap\u0159\u00edklad do trezoru banky, na vrchol zvonice nebo k nejv\u011bt\u0161\u00edmu laseru na sv\u011bt\u011b. P\u0159i studiu stavebn\u00ed dokumentace objektu pro zpracov\u00e1n\u00ed dokumentace PO objev\u00edte t\u0159icet let starou p\u011btadvacetikub\u00edkovou podzemn\u00ed po\u017e\u00e1rn\u00ed n\u00e1dr\u017e, o kter\u00e9 [&hellip;]<\/p>\n","protected":false},"author":1,"featured_media":0,"parent":0,"menu_order":0,"comment_status":"closed","ping_status":"closed","template":"","meta":[],"_links":{"self":[{"href":"http:\/\/bozppo-neu.cz\/index.php?rest_route=\/wp\/v2\/pages\/1902"}],"collection":[{"href":"http:\/\/bozppo-neu.cz\/index.php?rest_route=\/wp\/v2\/pages"}],"about":[{"href":"http:\/\/bozppo-neu.cz\/index.php?rest_route=\/wp\/v2\/types\/page"}],"author":[{"embeddable":true,"href":"http:\/\/bozppo-neu.cz\/index.php?rest_route=\/wp\/v2\/users\/1"}],"replies":[{"embeddable":true,"href":"http:\/\/bozppo-neu.cz\/index.php?rest_route=%2Fwp%2Fv2%2Fcomments&post=1902"}],"version-history":[{"count":78,"href":"http:\/\/bozppo-neu.cz\/index.php?rest_route=\/wp\/v2\/pages\/1902\/revisions"}],"predecessor-version":[{"id":6403,"href":"http:\/\/bozppo-neu.cz\/index.php?rest_route=\/wp\/v2\/pages\/1902\/revisions\/6403"}],"wp:attachment":[{"href":"http:\/\/bozppo-neu.cz\/index.php?rest_route=%2Fwp%2Fv2%2Fmedia&parent=1902"}],"curies":[{"name":"wp","href":"https:\/\/api.w.org\/{rel}","templated":true}]}}