{"id":189,"date":"2016-12-04T21:20:22","date_gmt":"2016-12-04T20:20:22","guid":{"rendered":"http:\/\/bozppo-neu.cz\/?page_id=189"},"modified":"2023-03-10T14:10:06","modified_gmt":"2023-03-10T13:10:06","slug":"perlicky-a-zajimavosti","status":"publish","type":"page","link":"http:\/\/bozppo-neu.cz\/?page_id=189","title":{"rendered":"Perli\u010dky a zaj\u00edmavosti"},"content":{"rendered":"<div id=\"attachment_381\" style=\"width: 160px\" class=\"wp-caption alignright\"><img aria-describedby=\"caption-attachment-381\" decoding=\"async\" loading=\"lazy\" class=\"wp-image-381\" src=\"http:\/\/bozppo-neu.cz\/wp-content\/uploads\/2016\/12\/image001.gif\" alt=\"image001\" width=\"150\" height=\"243\" \/><p id=\"caption-attachment-381\" class=\"wp-caption-text\"><span style=\"color: #400050;\"><em>P\u0159i vyhled\u00e1v\u00e1n\u00ed rizik nesm\u00ed \u017e\u00e1dn\u00e9 uniknout. <\/em><\/span><\/p><\/div>\n<p>Vznikl\u00fd \u00faraz nelze uznat za\u00a0pracovn\u00ed, nebo\u0165 k\u00a0\u00farazu do\u0161lo tak, \u017ee doty\u010dn\u00fd zakopl, kdy\u017e p\u0159em\u00fd\u0161lel o\u00a0v\u011bcech, kter\u00e9 nejsou v\u00a0jeho n\u00e1plni pr\u00e1ce.<\/p>\n<p><span style=\"color: #0000ff;\">\u25ac\u25ac\u25ac\u25ac\u25ac<\/span><\/p>\n<p>Na\u00a0\u0161kolen\u00ed BOZP vedouc\u00edch zam\u011bstnanc\u016f v\u00a0jedn\u00e9 nejmenovan\u00e9 \u201ena\u0161\u00ed\u201c p\u0159edn\u00ed bance zazn\u011bl od\u00a0z\u00e1stupce top managementu dotaz:<\/p>\n<p>\u201eKolik jsme m\u011bli za\u00a0lo\u0148sk\u00fd rok pracovn\u00edch \u00faraz\u016f?\u201c<\/p>\n<p>Odpov\u011b\u010f \u0161kol\u00edc\u00edho: \u201eP\u011bt\u201c.<\/p>\n<p>Reakce tazatele: \u201eA kv\u016fli tomu n\u00e1s zdr\u017eujete od\u00a0pr\u00e1ce\u201c.<\/p>\n<p><span style=\"color: #0000ff;\">\u25ac\u25ac\u25ac\u25ac\u25ac<\/span><\/p>\n<p>Z posledn\u00ed prohl\u00eddky bezpe\u010dnosti pr\u00e1ce ve\u00a0skladu jsem nabyla dojmu, \u017ee se mne bezpe\u010dnostn\u00ed technik sna\u017e\u00ed sv\u00fdmi p\u0159ipom\u00ednkami ztrapnit p\u0159ed pod\u0159\u00edzen\u00fdmi. Abych si zachovala tv\u00e1\u0159, musela jsem jeho\u00a0pokyny ignorovat.<\/p>\n<p><span style=\"color: #0000ff;\">\u25ac\u25ac\u25ac\u25ac\u25ac<\/span><\/p>\n<p>OOPP? To je n\u011bjak\u00e1 zahrani\u010dn\u00ed \u0161pion\u00e1\u017en\u00ed slu\u017eba?<\/p>\n<p><span style=\"color: #0000ff;\">\u25ac\u25ac\u25ac\u25ac\u25ac<\/span><\/p>\n<p>Sundal jsem si helmu, proto\u017ee mi bylo horko, a b\u00e1l jsem se, aby se mi z\u00a0potu na\u00a0hlav\u011b neud\u011blal ekz\u00e9m.<\/p>\n<p><span style=\"color: #0000ff;\">\u25ac\u25ac\u25ac\u25ac\u25ac<\/span><\/p>\n<p>Z\u00a0rozhovoru technika PO s\u00a0vedouc\u00edm pracovi\u0161t\u011b:<\/p>\n<p>technik: Zajistit pln\u011bn\u00ed \u00fakol\u016f po\u017e\u00e1rn\u00ed ochrany na\u00a0v\u00e1mi \u0159\u00edzen\u00e9m pracovi\u0161ti je va\u0161\u00ed povinnost\u00ed.<\/p>\n<p>vedouc\u00ed: J\u00e1 zde pracuji a nem\u00e1m \u010das \u0159e\u0161it po\u017e\u00e1rn\u00ed ochranu. To m\u00e1te d\u011blat vy.<\/p>\n<p>technik: Zaji\u0161t\u011bn\u00ed po\u017e\u00e1rn\u00ed ochrany je ned\u00edlnou sou\u010d\u00e1st\u00ed \u0159\u00edzen\u00ed. A kdo \u0159\u00edd\u00ed toto pracovi\u0161t\u011b?<\/p>\n<p>vedouc\u00ed: <strong>Pracovi\u0161t\u011b se \u0159\u00edd\u00ed samo.<\/strong><\/p>\n<p><span style=\"color: #0000ff;\">\u25ac\u25ac\u25ac\u25ac\u25ac<\/span><\/p>\n<p>Dne 17. \u010dervna 1506 vypukl v\u00a0Kov\u00e1\u0159sk\u00e9 ulici na Nov\u00e9m M\u011bst\u011b v\u00a0Praze po\u017e\u00e1r, kter\u00e9mu podlehlo v\u00edce ne\u017e dvacet dom\u016f. Od\u00a0t\u00e9 doby se ulice jmenuje Sp\u00e1len\u00e1. Zamezen\u00ed \u0161\u00ed\u0159en\u00ed po\u017e\u00e1ru nepomohlo ani zakl\u00edn\u00e1n\u00ed m\u011bstsk\u00e9ho kata (jedna z\u00a0jeho povinnost\u00ed), ani hasi\u010dsk\u00fd sbor \u017eid\u016f.<\/p>\n<p><span style=\"color: #0000ff;\">\u25ac\u25ac\u25ac\u25ac\u25ac<\/span><\/p>\n<p>V\u00a0N\u011bmecku se bezpe\u010dnost pr\u00e1ce dostala i\u00a0na\u00a0po\u0161tovn\u00ed zn\u00e1mky.<\/p>\n<p><img decoding=\"async\" loading=\"lazy\" class=\"wp-image-193 alignnone\" src=\"http:\/\/bozppo-neu.cz\/wp-content\/uploads\/2016\/12\/image006.jpg\" alt=\"image006\" width=\"620\" height=\"357\" srcset=\"http:\/\/bozppo-neu.cz\/wp-content\/uploads\/2016\/12\/image006.jpg 691w, http:\/\/bozppo-neu.cz\/wp-content\/uploads\/2016\/12\/image006-300x173.jpg 300w\" sizes=\"(max-width: 620px) 100vw, 620px\" \/><\/p>\n<p><span style=\"color: #0000ff;\">\u25ac\u25ac\u25ac\u25ac\u25ac<\/span><\/p>\n<p><img decoding=\"async\" loading=\"lazy\" class=\"alignnone wp-image-394\" src=\"http:\/\/bozppo-neu.cz\/wp-content\/uploads\/2016\/12\/dny-1024x584.jpg\" alt=\"dny\" width=\"620\" height=\"354\" srcset=\"http:\/\/bozppo-neu.cz\/wp-content\/uploads\/2016\/12\/dny-1024x584.jpg 1024w, http:\/\/bozppo-neu.cz\/wp-content\/uploads\/2016\/12\/dny-300x171.jpg 300w, http:\/\/bozppo-neu.cz\/wp-content\/uploads\/2016\/12\/dny-768x438.jpg 768w, http:\/\/bozppo-neu.cz\/wp-content\/uploads\/2016\/12\/dny-1200x685.jpg 1200w, http:\/\/bozppo-neu.cz\/wp-content\/uploads\/2016\/12\/dny.jpg 1241w\" sizes=\"(max-width: 620px) 100vw, 620px\" \/><\/p>\n<p><span style=\"color: #0000ff;\">\u25ac\u25ac\u25ac\u25ac\u25ac<\/span><\/p>\n<p class=\"alignnone\">Preventista PO, technik PO a osoba odborn\u011b zp\u016fsobil\u00e1 jsou opr\u00e1vn\u011bni nosit uniformu (pracovn\u00ed stejnokroj I a II). Oprav\u0148uje je k\u00a0tomu v \u00a7\u00a043 vyhl\u00e1\u0161ky \u010d. 247\/2001\u00a0Sb., o\u00a0organizaci a \u010dinnosti jednotek po\u017e\u00e1rn\u00ed ochrany. Uniforma se na\u00a0n\u00e1ramen\u00edc\u00edch a v\u00fdlo\u017ek\u00e1ch opat\u0159uje funk\u010dn\u00edm ozna\u010den\u00edm (viz obr\u00e1zek vpravo).<\/p>\n<p><img decoding=\"async\" loading=\"lazy\" class=\"wp-image-4609 alignleft\" src=\"http:\/\/bozppo-neu.cz\/wp-content\/uploads\/2023\/03\/2015c168z0407p002o001.jpg\" alt=\"2015c168z0407p002o001\" width=\"419\" height=\"455\" srcset=\"http:\/\/bozppo-neu.cz\/wp-content\/uploads\/2023\/03\/2015c168z0407p002o001.jpg 926w, http:\/\/bozppo-neu.cz\/wp-content\/uploads\/2023\/03\/2015c168z0407p002o001-276x300.jpg 276w, http:\/\/bozppo-neu.cz\/wp-content\/uploads\/2023\/03\/2015c168z0407p002o001-768x834.jpg 768w\" sizes=\"(max-width: 419px) 100vw, 419px\" \/><span style=\"color: #0000ff;\">\u00a0\u00a0\u00a0\u00a0\u00a0\u00a0\u00a0\u00a0\u00a0 \u00a0 \u00a0 \u00a0 \u00a0 \u00a0 \u00a0 \u00a0 \u00a0 \u00a0 \u00a0\u00a0 \u00a0 \u00a0 \u00a0\u00a0 <img decoding=\"async\" loading=\"lazy\" class=\"wp-image-4611 alignnone\" src=\"http:\/\/bozppo-neu.cz\/wp-content\/uploads\/2023\/03\/image008-518x1024.jpg\" alt=\"image008-518x1024\" width=\"230\" height=\"455\" srcset=\"http:\/\/bozppo-neu.cz\/wp-content\/uploads\/2023\/03\/image008-518x1024.jpg 518w, http:\/\/bozppo-neu.cz\/wp-content\/uploads\/2023\/03\/image008-518x1024-152x300.jpg 152w\" sizes=\"(max-width: 230px) 100vw, 230px\" \/><\/span><\/p>\n<p style=\"text-align: left;\"><span style=\"color: #0000ff;\">\u25ac\u25ac\u25ac\u25ac\u25ac<\/span><\/p>\n<p>Pou\u017e\u00edv\u00e1n\u00ed pracovn\u00edch od\u011bv\u016f p\u0159i\u00a0v\u00fdkonu mnoh\u00fdch povol\u00e1n\u00ed pova\u017eujeme za b\u011b\u017en\u00e9. Ve\u00a0zdravotnictv\u00ed za neodmysliteln\u00e9. Neplatilo to v\u0161ak v\u017edy. Nap\u0159\u00edklad v\u00a0popisu operace z\u00a0roku 1890 m\u016f\u017eeme \u010d\u00edst, \u017ee byla provedena prof. Weisem: \u201ev\u00a0\u010dern\u00e9m obleku, s\u00a0m\u00e1lo vykasan\u00fdmi ruk\u00e1vy\u201c.<\/p>\n<p><span style=\"color: #0000ff;\">\u25ac\u25ac\u25ac\u25ac\u25ac<\/span><\/p>\n<p>Jednu sekundu pova\u017eujeme obecn\u011b za\u00a0letm\u00fd okam\u017eik. N\u011bkdy se v\u0161ak m\u016f\u017ee jednat o\u00a0a\u017e p\u0159\u00edli\u0161 dlouhou dobu. Nap\u0159\u00edklad pro nep\u0159ipoutan\u00e9ho \u0159idi\u010de, kter\u00fd se sv\u00fdm vozidlem jedouc\u00edm rychlost\u00ed 90\u00a0km\/h \u010deln\u011b narazil do\u00a0pevn\u00e9 p\u0159ek\u00e1\u017eky. Co n\u00e1sledovalo?<\/p>\n<p>V\u00a0prvn\u00ed desetin\u011b sekundy po\u00a0n\u00e1razu do\u0161lo k\u00a0destrukci p\u0159edn\u00edho n\u00e1razn\u00edku a chladi\u010de. V\u00a0druh\u00e9 se za\u010dala oh\u00fdbat p\u0159edn\u00ed \u010d\u00e1st konstrukce vozidla, zvedla se a narazila do\u00a0p\u0159edn\u00edho skla. Zadn\u00ed kola se zvedla z\u00a0vozovky. N\u00e1razn\u00edk a blatn\u00edky se ovinuly kolem p\u0159ek\u00e1\u017eky. R\u00e1m vozidla se zastavil, av\u0161ak zb\u00fdvaj\u00edc\u00ed \u010d\u00e1sti se st\u00e1le pohybovaly rychlost\u00ed 90\u00a0km\/h. Stejnou rychlost\u00ed se pohybovalo i\u00a0t\u011blo \u0159idi\u010de. Ten instinktivn\u011b zap\u0159el nohy. Ty v\u0161ak nevydr\u017eely a zlomily se v\u00a0kolenou. V\u00a0t\u0159et\u00ed desetin\u011b sekundy se zbortil volant a sloupek \u0159\u00edzen\u00ed narazil do\u00a0hrudi \u0159idi\u010de. Ve\u00a0\u010dtvrt\u00e9 desetin\u011b bylo tot\u00e1ln\u011b zni\u010deno p\u0159edn\u00edch p\u016fl metru vozidla. Vozidlo se za\u010dalo trhat na dv\u011b \u010d\u00e1sti. V\u00a0p\u00e1t\u00e9 desetin\u011b byl \u0159idi\u010d nabodnut na\u00a0sloupek \u0159\u00edzen\u00ed a pl\u00edce se za\u010daly zapl\u0148ovat krv\u00ed. V\u00a0\u0161est\u00e9, se n\u00e1razem nohy vyzuly z\u00a0bot a hlava narazila do\u00a0p\u0159edn\u00edho skla. R\u00e1m vozu se \u201esmr\u0161til\u201c na polovinu. Kola se v\u00a0t\u00e9 dob\u011b je\u0161t\u011b st\u00e1le to\u010dila. V\u00a0sedm\u00e9 desetin\u011b sekundy od\u00a0n\u00e1razu do\u00a0p\u0159ek\u00e1\u017eky se zbortily dve\u0159e a konstrukce vozidla za\u010dala sv\u00edrat t\u011blo \u0159idi\u010de. Ten je v\u0161ak ji\u017e mrtv\u00fd. Zb\u00fdvaj\u00edc\u00ed t\u0159i desetiny sekundy ji\u017e pro n\u011bj nemaj\u00ed \u017e\u00e1dn\u00fd v\u00fdznam. Nemaj\u00ed v\u00fdznam ani pro bolest z\u00a0rozdrcen\u00fdch kost\u00ed, prora\u017een\u00e9ho hrudn\u00edku a mnoh\u00fdch dal\u0161\u00edch zran\u011bn\u00ed, nebo\u0165 ji\u017e \u201enestihne\u201c, aby ji \u0159idi\u010d poc\u00edtil. Rychlost t\u011bla \u0159idi\u010de byla pro ni p\u0159\u00edli\u0161 vysok\u00e1.<\/p>\n<p><span style=\"color: #0000ff;\">\u25ac\u25ac\u25ac\u25ac\u25ac<\/span><\/p>\n<p>V\u00fdzkumn\u00edci ze st\u00e1tn\u00ed university v\u00a0Michiganu zjistili, \u017ee v\u00a0d\u016fsledku zm\u011bny \u010dasu na\u00a0letn\u00ed dojde u\u00a0osob ke\u00a0zkr\u00e1cen\u00ed doby sp\u00e1nku v\u00a0pr\u016fm\u011bru o\u00a0\u010dty\u0159icet minut. V\u00a0pond\u011bl\u00ed po\u00a0zm\u011bn\u011b \u010dasu narostl ve\u00a0sledovan\u00e9m obdob\u00ed (1983\u20132006) po\u010det \u00faraz\u016f pr\u016fm\u011brn\u011b o\u00a023\u00a0%. Po\u010det zame\u0161kan\u00fdch dn\u016f za\u00a0prvn\u00ed m\u011bs\u00edc po\u00a0zm\u011bn\u011b \u010dasu se zv\u00fd\u0161il o\u00a05,7\u00a0%. P\u0159i\u00a0zp\u011btn\u00e9 zm\u011bn\u011b \u010dasu k\u00a0t\u011bmto ne\u017e\u00e1douc\u00edm jev\u016fm nedoch\u00e1z\u00ed.<\/p>\n<p><span style=\"color: #0000ff;\">\u25ac\u25ac\u25ac\u25ac\u25ac<\/span><\/p>\n<p>Erotick\u00e9 jisk\u0159en\u00ed na\u00a0pracovi\u0161ti, tzn. oboustrann\u011b akceptovan\u00e9, m\u016f\u017ee zvy\u0161ovat produktivitu pr\u00e1ce a kreativitu. Podle v\u00fdzkumu americk\u00e9 sexuolo\u017eky Hitov\u00e9 maj\u00ed zamilov\u00e1n\u00ed \u010dasto dvojn\u00e1sobnou chu\u0165 do\u00a0pr\u00e1ce. Zda to v\u0161ak nevede k\u00a0zv\u00fd\u0161en\u00ed pracovn\u00ed \u00farazovosti nen\u00ed uvedeno.<\/p>\n<p><span style=\"color: #0000ff;\">\u25ac\u25ac\u25ac\u25ac\u25ac<\/span><\/p>\n<p>Do\u00a0BOZP se t\u00e9\u017e prol\u00edn\u00e1 firemn\u00ed ekologie. Jsou zem\u011b, kter\u00e9 ekologii berou v\u00e1\u017en\u011b a jedna z\u00a0nich ji brala smrteln\u011b v\u00e1\u017en\u011b. Za\u00a0zne\u010di\u0161\u0165ov\u00e1n\u00ed vody a ovzdu\u0161\u00ed hrozil v\u00a0Ji\u017en\u00edm Jemenu (zanikl v\u00a0roce 1990) trest smrti zast\u0159elen\u00edm. Nav\u00edc, po poprav\u011b mohlo b\u00fdt t\u011blo uk\u0159i\u017eov\u00e1no.<\/p>\n<p><span style=\"color: #0000ff;\">\u25ac\u25ac\u25ac\u25ac\u25ac<\/span><\/p>\n<p>Kdy\u017e u\u017e jsem se zm\u00ednil o\u00a0firemn\u00ed ekologii, m\u011bl bych t\u00e9\u017e n\u011bco uv\u00e9st z\u00a0oblasti krizov\u00e9ho managementu.<\/p>\n<p><img decoding=\"async\" loading=\"lazy\" class=\"alignleft wp-image-380\" src=\"http:\/\/bozppo-neu.cz\/wp-content\/uploads\/2016\/12\/image025.jpg\" alt=\"image025\" width=\"217\" height=\"216\" srcset=\"http:\/\/bozppo-neu.cz\/wp-content\/uploads\/2016\/12\/image025.jpg 188w, http:\/\/bozppo-neu.cz\/wp-content\/uploads\/2016\/12\/image025-150x150.jpg 150w\" sizes=\"(max-width: 217px) 100vw, 217px\" \/><img decoding=\"async\" loading=\"lazy\" class=\"alignright wp-image-379\" src=\"http:\/\/bozppo-neu.cz\/wp-content\/uploads\/2016\/12\/image014.jpg\" alt=\"image014\" width=\"222\" height=\"217\" srcset=\"http:\/\/bozppo-neu.cz\/wp-content\/uploads\/2016\/12\/image014.jpg 1161w, http:\/\/bozppo-neu.cz\/wp-content\/uploads\/2016\/12\/image014-300x293.jpg 300w, http:\/\/bozppo-neu.cz\/wp-content\/uploads\/2016\/12\/image014-768x750.jpg 768w, http:\/\/bozppo-neu.cz\/wp-content\/uploads\/2016\/12\/image014-1024x1000.jpg 1024w\" sizes=\"(max-width: 222px) 100vw, 222px\" \/>V n\u00e1sleduj\u00edc\u00edch uk\u00e1zk\u00e1m p\u0159in\u00e1\u0161\u00edm zkr\u00e1cen\u00e9 z\u00e1znamy sign\u00e1l\u016f Civiln\u00ed obrany z\u00a0roku 1965. Sign\u00e1ly se tehdy distribuovaly na gramofonov\u00fdch desk\u00e1ch.<\/p>\n<!--[if lt IE 9]><script>document.createElement('audio');<\/script><![endif]-->\n<audio class=\"wp-audio-shortcode\" id=\"audio-189-1\" preload=\"none\" style=\"width: 100%;\" controls=\"controls\"><source type=\"audio\/wav\" src=\"http:\/\/bozppo-neu.cz\/wp-content\/uploads\/2016\/12\/signal_2.wav?_=1\" \/><a href=\"http:\/\/bozppo-neu.cz\/wp-content\/uploads\/2016\/12\/signal_2.wav\">http:\/\/bozppo-neu.cz\/wp-content\/uploads\/2016\/12\/signal_2.wav<\/a><\/audio>\n<p>vyhl\u00e1\u0161en\u00ed radia\u010dn\u00edho poplachu<\/p>\n<audio class=\"wp-audio-shortcode\" id=\"audio-189-2\" preload=\"none\" style=\"width: 100%;\" controls=\"controls\"><source type=\"audio\/wav\" src=\"http:\/\/bozppo-neu.cz\/wp-content\/uploads\/2016\/12\/signal.wav?_=2\" \/><a href=\"http:\/\/bozppo-neu.cz\/wp-content\/uploads\/2016\/12\/signal.wav\">http:\/\/bozppo-neu.cz\/wp-content\/uploads\/2016\/12\/signal.wav<\/a><\/audio>\n<p>vyhl\u00e1\u0161en\u00ed vzdu\u0161n\u00e9ho poplachu<\/p>\n<p>Varovn\u00e9 sign\u00e1ly, i\u00a0kdy\u017e jin\u00e9, maj\u00ed sv\u00e9 opodstatn\u011bn\u00ed i\u00a0dnes. Bohu\u017eel mnoho lid\u00ed je <a href=\"http:\/\/www.novinky.cz\/krimi\/175570-v-plzni-sireny-omylem-varovaly-pred-realnym-nebezpecim-nikdo-se-nebal.html\">nezn\u00e1<\/a>. Seznamte se s\u00a0nimi, a s\u00a0jejich v\u00fdznamem, na\u00a0str\u00e1nce Hasi\u010dsk\u00e9ho z\u00e1chrann\u00e9ho sboru \u010cesk\u00e9 republiky \u201e<a href=\"http:\/\/www.hzscr.cz\/clanek\/jednotny-system-varovani.aspx\">Jednotn\u00fd syst\u00e9m varov\u00e1n\u00ed<\/a>\u201c (kliknete-li na v\u00fdraz \u201eUk\u00e1zka\u201c pod jednotliv\u00fdmi sign\u00e1ly, m\u016f\u017eete si je i\u00a0poslechnout).<\/p>\n<p><span style=\"color: #0000ff;\">\u25ac\u25ac\u25ac\u25ac\u25ac<\/span><\/p>\n<p>Zedn\u00edk uklouzne a pad\u00e1 z\u00a0le\u0161en\u00ed. Kolega na\u00a0n\u011bho k\u0159i\u010d\u00ed: \u201eFranto, dej si ruce ven z\u00a0kapes, aby to vypadalo jako pracovn\u00ed \u00faraz!\u201c<\/p>\n<p><span style=\"color: #0000ff;\">\u25ac\u25ac\u25ac\u25ac\u25ac<\/span><\/p>\n<p>Pokud chcete vid\u011bt, jak p\u0159ed v\u00edce ne\u017e devades\u00e1ti lety d\u011bln\u00edci stav\u011bli mrakodrapy, sta\u010d\u00ed <a href=\"http:\/\/bozppo-neu.cz\/wp-content\/uploads\/2016\/12\/Prace-na-mrakodrapech.pdf\">kliknout<\/a>. Dal\u0161\u00ed informace m\u016f\u017eete z\u00edskat <a href=\"https:\/\/zpravy.aktualne.cz\/zahranici\/tajemstvi-ikonickeho-snimku-slavnou-fotku-delniku-na-mrakodr\/r~46844e68d93211e984260cc47ab5f122\/\">zde<\/a>.<\/p>\n<p style=\"text-align: right;\">2023-03-06<\/p>\n","protected":false},"excerpt":{"rendered":"<p>Vznikl\u00fd \u00faraz nelze uznat za\u00a0pracovn\u00ed, nebo\u0165 k\u00a0\u00farazu do\u0161lo tak, \u017ee doty\u010dn\u00fd zakopl, kdy\u017e p\u0159em\u00fd\u0161lel o\u00a0v\u011bcech, kter\u00e9 nejsou v\u00a0jeho n\u00e1plni pr\u00e1ce. \u25ac\u25ac\u25ac\u25ac\u25ac Na\u00a0\u0161kolen\u00ed BOZP vedouc\u00edch zam\u011bstnanc\u016f v\u00a0jedn\u00e9 nejmenovan\u00e9 \u201ena\u0161\u00ed\u201c p\u0159edn\u00ed bance zazn\u011bl od\u00a0z\u00e1stupce top managementu dotaz: \u201eKolik jsme m\u011bli za\u00a0lo\u0148sk\u00fd rok pracovn\u00edch \u00faraz\u016f?\u201c Odpov\u011b\u010f \u0161kol\u00edc\u00edho: \u201eP\u011bt\u201c. Reakce tazatele: \u201eA kv\u016fli tomu n\u00e1s zdr\u017eujete od\u00a0pr\u00e1ce\u201c. \u25ac\u25ac\u25ac\u25ac\u25ac Z [&hellip;]<\/p>\n","protected":false},"author":1,"featured_media":0,"parent":0,"menu_order":0,"comment_status":"closed","ping_status":"closed","template":"","meta":[],"_links":{"self":[{"href":"http:\/\/bozppo-neu.cz\/index.php?rest_route=\/wp\/v2\/pages\/189"}],"collection":[{"href":"http:\/\/bozppo-neu.cz\/index.php?rest_route=\/wp\/v2\/pages"}],"about":[{"href":"http:\/\/bozppo-neu.cz\/index.php?rest_route=\/wp\/v2\/types\/page"}],"author":[{"embeddable":true,"href":"http:\/\/bozppo-neu.cz\/index.php?rest_route=\/wp\/v2\/users\/1"}],"replies":[{"embeddable":true,"href":"http:\/\/bozppo-neu.cz\/index.php?rest_route=%2Fwp%2Fv2%2Fcomments&post=189"}],"version-history":[{"count":47,"href":"http:\/\/bozppo-neu.cz\/index.php?rest_route=\/wp\/v2\/pages\/189\/revisions"}],"predecessor-version":[{"id":4726,"href":"http:\/\/bozppo-neu.cz\/index.php?rest_route=\/wp\/v2\/pages\/189\/revisions\/4726"}],"wp:attachment":[{"href":"http:\/\/bozppo-neu.cz\/index.php?rest_route=%2Fwp%2Fv2%2Fmedia&parent=189"}],"curies":[{"name":"wp","href":"https:\/\/api.w.org\/{rel}","templated":true}]}}