{"id":1874,"date":"2017-03-13T19:58:15","date_gmt":"2017-03-13T18:58:15","guid":{"rendered":"http:\/\/bozppo-neu.cz\/?page_id=1874"},"modified":"2023-03-27T19:05:44","modified_gmt":"2023-03-27T17:05:44","slug":"prevence-zavaznych-havarii-zpusobenych-chemickymi-latkami","status":"publish","type":"page","link":"http:\/\/bozppo-neu.cz\/?page_id=1874","title":{"rendered":"Prevence z\u00e1va\u017en\u00fdch hav\u00e1ri\u00ed zp\u016fsoben\u00fdch chemick\u00fdmi l\u00e1tkami"},"content":{"rendered":"<p>Problematika prevence z\u00e1va\u017en\u00fdch hav\u00e1ri\u00ed je upravena z\u00e1konem \u010d. 224\/2015 Sb., o prevenci z\u00e1va\u017en\u00fdch hav\u00e1ri\u00ed zp\u016fsoben\u00fdch vybran\u00fdmi nebezpe\u010dn\u00fdmi chemick\u00fdmi l\u00e1tkami nebo chemick\u00fdmi sm\u011bsmi a o zm\u011bn\u011b z\u00e1kona \u010d. 634\/2004 Sb., o spr\u00e1vn\u00edch poplatc\u00edch, ve zn\u011bn\u00ed pozd\u011bj\u0161\u00edch p\u0159edpis\u016f (z\u00e1kon o prevenci z\u00e1va\u017en\u00fdch hav\u00e1ri\u00ed).<\/p>\n<p>Zam\u011bstnavatel (provozovatel nebo u\u017eivatel) m\u00e1 za povinnost zjistit, zda ve sv\u00e9m objektu nebo pou\u017e\u00edvan\u00e9m za\u0159\u00edzen\u00ed nepou\u017e\u00edv\u00e1 nebo neskladuje v\u00a0z\u00e1kon\u011b stanovenou vybranou nebezpe\u010dnou chemickou l\u00e1tku nebo chemickou sm\u011bs. Pokud ano, mus\u00ed zjistit v\u00a0jak\u00e9m mno\u017estv\u00ed. V\u00a0praxi to znamen\u00e1, \u017ee mus\u00ed zpracovat seznam nebezpe\u010dn\u00fdch chemick\u00fdch l\u00e1tek, kter\u00e9 se u n\u011bj vyskytuj\u00ed.<\/p>\n<p>Seznam mus\u00ed obsahovat druh nebezpe\u010dn\u00e9 chemick\u00e9 l\u00e1tky nebo sm\u011bsi, jej\u00ed mno\u017estv\u00ed, klasifikaci a fyzik\u00e1ln\u00ed formu. Pokud je v\u00a0objektu zam\u011bstnavatele um\u00edst\u011bno v\u00edce nebezpe\u010dn\u00fdch chemick\u00fdch l\u00e1tek v\u00a0mno\u017estv\u00ed men\u0161\u00edm, ne\u017e stanov\u00ed z\u00e1kon, mus\u00ed se prov\u00e9st sou\u010det pom\u011brn\u00fdch mno\u017estv\u00ed podle v\u00a0p\u0159edpise uveden\u00e9ho vzorce. Aktualizace protokolu mus\u00ed b\u00fdt provedena v\u017edy po zv\u00fd\u0161en\u00ed mno\u017estv\u00ed nebezpe\u010dn\u00e9 l\u00e1tky p\u0159esahuj\u00edc\u00ed 10 % jej\u00edho dosavadn\u00edho mno\u017estv\u00ed, nebo p\u0159i um\u00edst\u011bn\u00ed dal\u0161\u00ed nebezpe\u010dn\u00e9 l\u00e1tky v\u00a0objektu, kter\u00e1 dosud nebyla v\u00a0seznamu uvedena.<\/p>\n<p>M\u00e1-li zam\u011bstnavatel mno\u017estv\u00ed l\u00e1tky do 2\u00a0% mno\u017estv\u00ed uveden\u00e9ho v\u00a0p\u0159\u00edslu\u0161n\u00e9 rubrice z\u00e1kona, mus\u00ed tuto skute\u010dnost protokol\u00e1rn\u011b zaznamenat a protokol o neza\u0159azen\u00ed (z\u00e1kon uv\u00e1d\u00ed jeho obsah a vzor) uschovat pro p\u0159\u00edpad kontroly. M\u00e1-li j\u00ed v\u0161ak v\u00edce ne\u017e 2\u00a0%, mus\u00ed nav\u00edc protokol v\u010detn\u011b seznamu nebezpe\u010dn\u00fdch chemick\u00fdch l\u00e1tek a chemick\u00fdch sm\u011bs\u00ed zaslat nejpozd\u011bji do jednoho m\u011bs\u00edce krajsk\u00e9mu \u00fa\u0159adu. V\u00a0p\u0159\u00edpad\u011b, \u017ee jich m\u00e1 minim\u00e1ln\u011b 100\u00a0% stanoven\u00e9ho mno\u017estv\u00ed, mus\u00ed v\u00a0z\u00e1vislosti na jejich mno\u017estv\u00ed navrhnout za\u0159adit objekty, kter\u00e9 je obsahuj\u00ed do skupiny A nebo B. N\u00e1vrh mus\u00ed zaslat krajsk\u00e9mu \u00fa\u0159adu.<\/p>\n<p>D\u00e1le mus\u00ed p\u0159ijmout v\u0161echna nezbytn\u00e1 opat\u0159en\u00ed k\u00a0prevenci z\u00e1va\u017en\u00fdch hav\u00e1ri\u00ed a omezen\u00ed jejich n\u00e1sledk\u016f, sjednat poji\u0161t\u011bn\u00ed odpov\u011bdnosti za \u0161kody vznikl\u00e9 v\u00a0d\u016fsledku z\u00e1va\u017en\u00e9 hav\u00e1rie a zpracovat pl\u00e1n fyzick\u00e9 ochrany. Pokud je provozovatelem za\u0159azen\u00fdm do skupiny A, mus\u00ed na z\u00e1klad\u011b anal\u00fdzy a hodnocen\u00ed rizik z\u00e1va\u017en\u00e9 hav\u00e1rie t\u00e9\u017e zpracovat \u201eBezpe\u010dnostn\u00ed program\u201c. Je-li provozovatelem za\u0159azen\u00fdm do skupiny B, tak \u201eBezpe\u010dnostn\u00ed zpr\u00e1vu\u201c a nav\u00edc i vnit\u0159n\u00ed havarijn\u00ed pl\u00e1n a pod\u00edlet se na zpracov\u00e1n\u00ed vn\u011bj\u0161\u00edho havarijn\u00edho pl\u00e1nu.<\/p>\n<p style=\"text-align: right;\">2017-03-13<\/p>\n<p style=\"text-align: right;\">\u00a0<\/p>\n\n\n<pre class=\"wp-block-code\"><code><p align=\"center\"><a href=\"http:\/\/bozppo-neu.cz\/?page_id=811\"><img decoding=\"async\" loading=\"lazy\" src=\"http:\/\/bozppo-neu.cz\/img\/menubutton.jpg\" alt=\"o uroven vyse\" width=\"50\" height=\"72\"><\/a><\/p><\/code><\/pre>\n","protected":false},"excerpt":{"rendered":"<p>Problematika prevence z\u00e1va\u017en\u00fdch hav\u00e1ri\u00ed je upravena z\u00e1konem \u010d. 224\/2015 Sb., o prevenci z\u00e1va\u017en\u00fdch hav\u00e1ri\u00ed zp\u016fsoben\u00fdch vybran\u00fdmi nebezpe\u010dn\u00fdmi chemick\u00fdmi l\u00e1tkami nebo chemick\u00fdmi sm\u011bsmi a o zm\u011bn\u011b z\u00e1kona \u010d. 634\/2004 Sb., o spr\u00e1vn\u00edch poplatc\u00edch, ve zn\u011bn\u00ed pozd\u011bj\u0161\u00edch p\u0159edpis\u016f (z\u00e1kon o prevenci z\u00e1va\u017en\u00fdch hav\u00e1ri\u00ed). Zam\u011bstnavatel (provozovatel nebo u\u017eivatel) m\u00e1 za povinnost zjistit, zda ve sv\u00e9m objektu nebo pou\u017e\u00edvan\u00e9m [&hellip;]<\/p>\n","protected":false},"author":1,"featured_media":0,"parent":0,"menu_order":0,"comment_status":"closed","ping_status":"closed","template":"","meta":[],"_links":{"self":[{"href":"http:\/\/bozppo-neu.cz\/index.php?rest_route=\/wp\/v2\/pages\/1874"}],"collection":[{"href":"http:\/\/bozppo-neu.cz\/index.php?rest_route=\/wp\/v2\/pages"}],"about":[{"href":"http:\/\/bozppo-neu.cz\/index.php?rest_route=\/wp\/v2\/types\/page"}],"author":[{"embeddable":true,"href":"http:\/\/bozppo-neu.cz\/index.php?rest_route=\/wp\/v2\/users\/1"}],"replies":[{"embeddable":true,"href":"http:\/\/bozppo-neu.cz\/index.php?rest_route=%2Fwp%2Fv2%2Fcomments&post=1874"}],"version-history":[{"count":5,"href":"http:\/\/bozppo-neu.cz\/index.php?rest_route=\/wp\/v2\/pages\/1874\/revisions"}],"predecessor-version":[{"id":5330,"href":"http:\/\/bozppo-neu.cz\/index.php?rest_route=\/wp\/v2\/pages\/1874\/revisions\/5330"}],"wp:attachment":[{"href":"http:\/\/bozppo-neu.cz\/index.php?rest_route=%2Fwp%2Fv2%2Fmedia&parent=1874"}],"curies":[{"name":"wp","href":"https:\/\/api.w.org\/{rel}","templated":true}]}}