{"id":1832,"date":"2017-02-20T19:15:33","date_gmt":"2017-02-20T18:15:33","guid":{"rendered":"http:\/\/bozppo-neu.cz\/?page_id=1832"},"modified":"2024-11-04T18:58:14","modified_gmt":"2024-11-04T17:58:14","slug":"kvalifikacni-predpoklady-pro-vykon-cinnosti","status":"publish","type":"page","link":"http:\/\/bozppo-neu.cz\/?page_id=1832","title":{"rendered":"Kvalifika\u010dn\u00ed p\u0159edpoklady pro v\u00fdkon \u010dinnosti"},"content":{"rendered":"<p>Osoba odborn\u011b zp\u016fsobil\u00e1 k\u00a0zaji\u0161\u0165ov\u00e1n\u00ed \u00fakol\u016f v\u00a0prevenci rizik mus\u00ed pro <a href=\"http:\/\/bozppo-neu.cz\/?page_id=741\"><strong>v\u00fdkon sv\u00e9 funkce<\/strong><\/a> spl\u0148ovat kvalifika\u010dn\u00ed po\u017eadavky stanoven\u00e9 v \u00a7\u00a010 z\u00e1kona \u010d. 309\/2006\u00a0Sb., ve zn\u011bn\u00ed pozd\u011bj\u0161\u00edch p\u0159edpis\u016f:<\/p>\n<ul>\n<li>alespo\u0148 st\u0159edn\u00ed vzd\u011bl\u00e1n\u00ed s\u00a0maturitn\u00ed zkou\u0161kou,<\/li>\n<li>odbornou praxi v\u00a0d\u00e9lce alespo\u0148 t\u0159\u00ed let v\u00a0oblasti BOZP nebo v\u00a0oboru, v\u00a0kter\u00e9m bude zaji\u0161\u0165ovat \u00fakoly v\u00a0prevenci rizik, p\u0159\u00edpadn\u011b v\u00a0d\u00e9lce jednoho roku, pokud z\u00edskala vysoko\u0161kolsk\u00e9 vzd\u011bl\u00e1n\u00ed v\u00a0oblasti BOZP,<\/li>\n<li>\u00fasp\u011b\u0161n\u00e9 vykon\u00e1n\u00ed zkou\u0161ky z\u00a0odborn\u00e9 zp\u016fsobilosti u <strong><a href=\"http:\/\/www.ceskyfocalpoint.cz\/?page_id=167\">k\u00a0tomu akreditovan\u00e9 spole\u010dnosti<\/a><\/strong> (platnost zkou\u0161ky je omezena na dobu p\u011bti let s\u00a0mo\u017enost\u00ed absolvovat periodickou zkou\u0161ku k\u00a0prodlou\u017een\u00ed na dal\u0161\u00edch p\u011bt let).<\/li>\n<\/ul>\n<p>Pouh\u00e9 \u00fasp\u011b\u0161n\u00e9 absolvov\u00e1n\u00ed \u0161koly, a to v\u010detn\u011b vysok\u00e9, ve vzd\u011bl\u00e1vac\u00edm programu zam\u011b\u0159en\u00e9m na oblast BOZP neoprav\u0148uje k\u00a0v\u00fdkonu \u010dinnosti odborn\u011b zp\u016fsobil\u00e9 osoby ve firm\u011b nebo spole\u010dnosti, jako\u017e i pro poskytov\u00e1n\u00ed slu\u017eeb v\u00a0oblasti BOZP na \u017eivnostensk\u00fd list. Obdobn\u011b to plat\u00ed o z\u00edsk\u00e1n\u00ed kvalifikace technika BOZP \u2013 viz d\u00e1le.<\/p>\n<p>Nen\u00ed tedy nutn\u00e9, aby odborn\u011b zp\u016fsobil\u00e1 osoba m\u011bla technick\u00e9 vzd\u011bl\u00e1n\u00ed. Naopak je v\u00fdhodn\u011bj\u0161\u00ed, m\u00e1-li vzd\u011bl\u00e1n\u00ed ekonomick\u00e9 \u010di pr\u00e1vn\u00ed, nebo mana\u017eersk\u00e9, nebo\u0165 v\u00a0obecn\u00e9 rovin\u011b \u010dinnosti z\u00a0t\u011bchto oblast\u00ed v\u00a0jej\u00ed pr\u00e1ci p\u0159eva\u017euj\u00ed.<\/p>\n<p>Slo\u017een\u00edm zkou\u0161ky z\u00a0odborn\u00e9 zp\u016fsobilosti se fyzick\u00e1 osoba st\u00e1v\u00e1 odborn\u011b zp\u016fsobilou a m\u016f\u017ee zaji\u0161\u0165ovat prevenci rizik na pracovi\u0161t\u00edch jednotliv\u00fdch zam\u011bstnavatel\u016f bez ohledu na oblast jejich podnik\u00e1n\u00ed. V\u00fdjimku tvo\u0159\u00ed oblasti provozov\u00e1n\u00ed hornick\u00e9 \u010dinnosti a \u010dinnosti prov\u00e1d\u011bn\u00e9 hornick\u00fdm zp\u016fsobem, pro kter\u00e9 je nutn\u00e9 m\u00edt kvalifikaci bezpe\u010dnostn\u00edho technika ve smyslu vyhl\u00e1\u0161ky \u010d. 298\/2005 Sb. (pozor, nezam\u011b\u0148ovat technika BOZP a bezpe\u010dnostn\u00edho technika \u2013 jedn\u00e1 se o dv\u011b rozd\u00edln\u00e9 odbornosti!).<\/p>\n<p>Firma, spole\u010dnost nebo instituce, kter\u00e1 si BOZP nezaji\u0161\u0165uje sv\u00fdm zam\u011bstnancem, ale firmou, je\u017e se specializuje na poskytov\u00e1n\u00ed slu\u017eeb v\u00a0t\u00e9to oblasti, by si od n\u00ed nem\u011bla nechat p\u0159edlo\u017eit pouze \u017eivnostensk\u00fd list oprav\u0148uj\u00edc\u00ed k\u00a0podnik\u00e1n\u00ed v \u201ePoskytov\u00e1n\u00ed slu\u017eeb v\u00a0oblasti bezpe\u010dnosti a ochrany zdrav\u00ed p\u0159i pr\u00e1ci\u201c, ale t\u00e9\u017e platn\u00e1 osv\u011bd\u010den\u00ed (ne star\u0161\u00ed p\u011bti let) konkr\u00e9tn\u00edch fyzick\u00fdch osob, kter\u00e9 pro ni budou BOZP na jej\u00edch pracovi\u0161t\u00edch zaji\u0161\u0165ovat (prov\u00e1d\u011bt \u0161kolen\u00ed, zpracov\u00e1vat dokumentaci atd.).<\/p>\n<h4><strong>Technik BOZP a mana\u017eer BOZP<\/strong><\/h4>\n<p>Ji\u017e zde byla zm\u00ednka o mo\u017enosti z\u00edsk\u00e1n\u00ed kvalifikace \u201etechnik BOZP\u201c. Op\u011bt p\u0159edpokladem jej\u00edho z\u00edsk\u00e1n\u00ed je slo\u017een\u00ed p\u0159\u00edslu\u0161n\u00e9 zkou\u0161ky u k\u00a0tomu opr\u00e1vn\u011bn\u00e9 spole\u010dnosti. Tato kvalifikace v\u0161ak neoprav\u0148uje k\u00a0v\u00fdkonu \u010dinnosti odborn\u011b zp\u016fsobil\u00e9 osoby k\u00a0zaji\u0161\u0165ov\u00e1n\u00ed \u00fakol\u016f v\u00a0prevenci rizik (jedn\u00e1 se o ni\u017e\u0161\u00ed \u00farove\u0148 kvalifikace, ne\u017e je odborn\u00e1 zp\u016fsobilost). Nab\u00edz\u00ed pouze jednu z\u00a0mo\u017enost\u00ed, jak n\u00e1sledn\u011b po z\u00edsk\u00e1n\u00ed t\u00e9to kvalifikace z\u00edskat p\u0159edepsanou praxi, kterou je nutn\u00e9 dolo\u017eit u zkou\u0161ky z\u00a0odborn\u00e9 zp\u016fsobilosti, v\u00a0podstat\u011b jako pomocn\u00edk odborn\u011b zp\u016fsobil\u00e9 osoby. Obsahov\u00e1 <a href=\"https:\/\/nsp.cz\/jednotka-prace\/technik-bozp\"><strong>n\u00e1pl\u0148 pracovn\u00edch \u010dinnost\u00ed technika BOZP<\/strong><\/a> je podrobn\u011b uvedena v\u00a0r\u00e1mci N\u00e1rodn\u00ed soustavy povol\u00e1n\u00ed, z\u00a0kter\u00e9 tato kvalifikace vych\u00e1z\u00ed.<\/p>\n<p>Pro z\u00edsk\u00e1n\u00ed kvalifikace mana\u017eera BOZP je nutn\u00e9 p\u0159edem z\u00edskat kvalifikaci odborn\u011b zp\u016fsobil\u00e9 osoby. Lze tedy uv\u00e9st, \u017ee se jedn\u00e1 o roz\u0161\u00ed\u0159en\u00ed kvalifikace odborn\u011b zp\u016fsobil\u00e9 osoby, nikoliv o z\u00edsk\u00e1n\u00ed kvalifikace nov\u00e9. I pro tuto kvalifikaci je obsahov\u00e1 <strong><a href=\"https:\/\/nsp.cz\/jednotka-prace\/manazer-bozp\">n\u00e1pl\u0148 \u010dinnosti<\/a><\/strong> podrobn\u011b uvedena v\u00a0r\u00e1mci N\u00e1rodn\u00ed soustavy povol\u00e1n\u00ed, nebo\u0165 z\u00a0n\u00ed vych\u00e1z\u00ed.<\/p>\n<p style=\"text-align: right;\">2017-02-20<\/p>\n<p style=\"text-align: center;\">\u00a0<\/p>\n\n\n<pre class=\"wp-block-code\"><code><p align=\"center\"><a href=\"http:\/\/bozppo-neu.cz\/?page_id=739\"><img decoding=\"async\" loading=\"lazy\" src=\"http:\/\/bozppo-neu.cz\/img\/menubutton.jpg\" alt=\"o uroven vyse\" width=\"50\" height=\"72\"><\/a><\/p><\/code><\/pre>\n","protected":false},"excerpt":{"rendered":"<p>Osoba odborn\u011b zp\u016fsobil\u00e1 k\u00a0zaji\u0161\u0165ov\u00e1n\u00ed \u00fakol\u016f v\u00a0prevenci rizik mus\u00ed pro v\u00fdkon sv\u00e9 funkce spl\u0148ovat kvalifika\u010dn\u00ed po\u017eadavky stanoven\u00e9 v \u00a7\u00a010 z\u00e1kona \u010d. 309\/2006\u00a0Sb., ve zn\u011bn\u00ed pozd\u011bj\u0161\u00edch p\u0159edpis\u016f: alespo\u0148 st\u0159edn\u00ed vzd\u011bl\u00e1n\u00ed s\u00a0maturitn\u00ed zkou\u0161kou, odbornou praxi v\u00a0d\u00e9lce alespo\u0148 t\u0159\u00ed let v\u00a0oblasti BOZP nebo v\u00a0oboru, v\u00a0kter\u00e9m bude zaji\u0161\u0165ovat \u00fakoly v\u00a0prevenci rizik, p\u0159\u00edpadn\u011b v\u00a0d\u00e9lce jednoho roku, pokud z\u00edskala vysoko\u0161kolsk\u00e9 vzd\u011bl\u00e1n\u00ed v\u00a0oblasti [&hellip;]<\/p>\n","protected":false},"author":1,"featured_media":0,"parent":0,"menu_order":0,"comment_status":"closed","ping_status":"closed","template":"","meta":[],"_links":{"self":[{"href":"http:\/\/bozppo-neu.cz\/index.php?rest_route=\/wp\/v2\/pages\/1832"}],"collection":[{"href":"http:\/\/bozppo-neu.cz\/index.php?rest_route=\/wp\/v2\/pages"}],"about":[{"href":"http:\/\/bozppo-neu.cz\/index.php?rest_route=\/wp\/v2\/types\/page"}],"author":[{"embeddable":true,"href":"http:\/\/bozppo-neu.cz\/index.php?rest_route=\/wp\/v2\/users\/1"}],"replies":[{"embeddable":true,"href":"http:\/\/bozppo-neu.cz\/index.php?rest_route=%2Fwp%2Fv2%2Fcomments&post=1832"}],"version-history":[{"count":8,"href":"http:\/\/bozppo-neu.cz\/index.php?rest_route=\/wp\/v2\/pages\/1832\/revisions"}],"predecessor-version":[{"id":6003,"href":"http:\/\/bozppo-neu.cz\/index.php?rest_route=\/wp\/v2\/pages\/1832\/revisions\/6003"}],"wp:attachment":[{"href":"http:\/\/bozppo-neu.cz\/index.php?rest_route=%2Fwp%2Fv2%2Fmedia&parent=1832"}],"curies":[{"name":"wp","href":"https:\/\/api.w.org\/{rel}","templated":true}]}}