{"id":1790,"date":"2017-02-16T19:31:08","date_gmt":"2017-02-16T18:31:08","guid":{"rendered":"http:\/\/bozppo-neu.cz\/?page_id=1790"},"modified":"2023-04-01T09:48:17","modified_gmt":"2023-04-01T07:48:17","slug":"metoda-bomech","status":"publish","type":"page","link":"http:\/\/bozppo-neu.cz\/?page_id=1790","title":{"rendered":"Metoda BOMECH"},"content":{"rendered":"<p>Metoda BOMECH byla vyvinuta na Strojn\u00ed fakult\u011b \u010cV\u00daT v&nbsp;Praze prof. Ing. Luborem Chundelou, DrSc. pro hodnocen\u00ed bezpe\u010dnosti stroj\u016f. Je v\u0161ak velmi vhodn\u00e1 i pro management rizik p\u0159i pr\u00e1ci, nebo\u0165 ji lze vyu\u017e\u00edt k vyhled\u00e1n\u00ed rizik, k jejich vyhodnocen\u00ed a k vyhodnocen\u00ed p\u0159ijat\u00fdch opat\u0159en\u00ed. Lze ji vyu\u017e\u00edt i pro srovn\u00e1v\u00e1n\u00ed rizikovosti jednotliv\u00fdch provozoven apod.<\/p>\n<p>S velmi stru\u010dn\u00fdm, av\u0161ak pln\u011b obsa\u017en\u00fdm n\u00e1vodem se m\u016f\u017eete sezn\u00e1mit <a href=\"http:\/\/bozppo-neu.cz\/wp-content\/uploads\/2017\/02\/BOMECH.pdf\">zde<\/a> (podrobn\u011bji je pops\u00e1na nap\u0159\u00edklad v <a href=\"http:\/\/bozppo-neu.cz\/?page_id=108\">m\u00e9 publikaci<\/a> &#8222;Vyhled\u00e1n\u00ed a vyhodnocen\u00ed rizik v praxi&#8220;). Tak\u00e9 p\u0159in\u00e1\u0161\u00edm <a href=\"http:\/\/bozppo-neu.cz\/wp-content\/uploads\/2017\/02\/BOMECH_tabulka.pdf\">tabulku<\/a> pro pou\u017eit\u00ed metody.<\/p>\n<p style=\"text-align: right;\">2017-02-16<\/p>\n<p style=\"text-align: center;\"><\/p>\n\n\n<pre class=\"wp-block-code\"><code><p align=\"center\"><a href=\"http:\/\/bozppo-neu.cz\/?page_id=751\"><img decoding=\"async\" loading=\"lazy\" src=\"http:\/\/bozppo-neu.cz\/img\/menubutton.jpg\" alt=\"o uroven vyse\" width=\"50\" height=\"72\"><\/a><\/p><\/code><\/pre>\n","protected":false},"excerpt":{"rendered":"<p>Metoda BOMECH byla vyvinuta na Strojn\u00ed fakult\u011b \u010cV\u00daT v&nbsp;Praze prof. Ing. Luborem Chundelou, DrSc. pro hodnocen\u00ed bezpe\u010dnosti stroj\u016f. Je v\u0161ak velmi vhodn\u00e1 i pro management rizik p\u0159i pr\u00e1ci, nebo\u0165 ji lze vyu\u017e\u00edt k vyhled\u00e1n\u00ed rizik, k jejich vyhodnocen\u00ed a k vyhodnocen\u00ed p\u0159ijat\u00fdch opat\u0159en\u00ed. Lze ji vyu\u017e\u00edt i pro srovn\u00e1v\u00e1n\u00ed rizikovosti jednotliv\u00fdch provozoven apod. S velmi [&hellip;]<\/p>\n","protected":false},"author":1,"featured_media":0,"parent":0,"menu_order":0,"comment_status":"closed","ping_status":"closed","template":"","meta":[],"_links":{"self":[{"href":"http:\/\/bozppo-neu.cz\/index.php?rest_route=\/wp\/v2\/pages\/1790"}],"collection":[{"href":"http:\/\/bozppo-neu.cz\/index.php?rest_route=\/wp\/v2\/pages"}],"about":[{"href":"http:\/\/bozppo-neu.cz\/index.php?rest_route=\/wp\/v2\/types\/page"}],"author":[{"embeddable":true,"href":"http:\/\/bozppo-neu.cz\/index.php?rest_route=\/wp\/v2\/users\/1"}],"replies":[{"embeddable":true,"href":"http:\/\/bozppo-neu.cz\/index.php?rest_route=%2Fwp%2Fv2%2Fcomments&post=1790"}],"version-history":[{"count":7,"href":"http:\/\/bozppo-neu.cz\/index.php?rest_route=\/wp\/v2\/pages\/1790\/revisions"}],"predecessor-version":[{"id":5389,"href":"http:\/\/bozppo-neu.cz\/index.php?rest_route=\/wp\/v2\/pages\/1790\/revisions\/5389"}],"wp:attachment":[{"href":"http:\/\/bozppo-neu.cz\/index.php?rest_route=%2Fwp%2Fv2%2Fmedia&parent=1790"}],"curies":[{"name":"wp","href":"https:\/\/api.w.org\/{rel}","templated":true}]}}