{"id":1383,"date":"2017-02-01T19:28:51","date_gmt":"2017-02-01T18:28:51","guid":{"rendered":"http:\/\/bozppo-neu.cz\/?page_id=1383"},"modified":"2023-03-23T12:29:21","modified_gmt":"2023-03-23T11:29:21","slug":"poskytovani-pracovniho-odevu-nebo-obuvi-ktere-nejsou-oopp","status":"publish","type":"page","link":"http:\/\/bozppo-neu.cz\/?page_id=1383","title":{"rendered":"Poskytov\u00e1n\u00ed pracovn\u00edho od\u011bvu nebo obuvi, kter\u00e9 nejsou OOPP"},"content":{"rendered":"\n<pre class=\"wp-block-code\"><code><\/code><\/pre>\n\n\n<p><img decoding=\"async\" loading=\"lazy\" class=\"alignright wp-image-3577\" src=\"http:\/\/bozppo-neu.cz\/wp-content\/uploads\/2019\/12\/23207_k.jpg\" alt=\"23207_k\" width=\"220\" height=\"302\" srcset=\"http:\/\/bozppo-neu.cz\/wp-content\/uploads\/2019\/12\/23207_k.jpg 657w, http:\/\/bozppo-neu.cz\/wp-content\/uploads\/2019\/12\/23207_k-219x300.jpg 219w\" sizes=\"(max-width: 220px) 100vw, 220px\" \/>To, \u017ee pracovn\u00ed od\u011bv nebo obuv nemohou b\u00fdt poskytov\u00e1ny jako <a href=\"http:\/\/bozppo-neu.cz\/?page_id=998\">osobn\u00ed ochrann\u00fd pracovn\u00ed prost\u0159edek<\/a> (OOPP) je\u0161t\u011b neznam\u00e1, \u017ee by je zam\u011bstnavatel nemohl sv\u00fdm zam\u011bstnanc\u016fm bez\u00faplatn\u011b poskytovat. Za dodr\u017een\u00ed ur\u010dit\u00fdch podm\u00ednek m\u016f\u017ee poskytnout jako pracovn\u00ed od\u011bv luxusn\u00ed halenku recep\u010dn\u00ed nebo sportovn\u00ed oble\u010den\u00ed u\u010diteli t\u011blocviku.<\/p>\n<p>Jejich poskytov\u00e1n\u00ed by m\u011blo b\u00fdt \u0159e\u0161eno v&nbsp;jin\u00e9m samostatn\u00e9m intern\u00edm p\u0159edpise, ne\u017e je p\u0159edpis pro poskytov\u00e1n\u00ed OOPP. V tomto p\u0159edpise by m\u011bla b\u00fdt \u0159e\u0161ena povinnost nosit je pouze p\u0159i v\u00fdkonu zam\u011bstn\u00e1n\u00ed, zp\u016fsob p\u0159id\u011blen\u00ed, kdo m\u00e1 na n\u011b n\u00e1rok, vymezen\u00ed charakteru a podoby od\u011bvu a v\u0161ech jeho sou\u010d\u00e1st\u00ed v\u010detn\u011b zp\u016fsobu odli\u0161en\u00ed od ob\u010dansk\u00e9ho od\u011bvu (trval\u00e9 a viditeln\u00e9 ozna\u010den\u00ed identifika\u010dn\u00edmi znaky zam\u011bstnavatele \u2013 nap\u0159\u00edklad logem), nebo\u0165 jinak nemohou b\u00fdt n\u00e1klady na jejich po\u0159\u00edzen\u00ed a jejich \u00fadr\u017ebu uzn\u00e1ny jako da\u0148ov\u011b uznateln\u00fd n\u00e1rok zam\u011bstnavatele.<\/p>\n<p>Poskytov\u00e1n\u00ed pracovn\u00edch od\u011bv\u016f a obuvi (stejnokroj\u016f), stejn\u011b jako poskytov\u00e1n\u00ed OOPP, nen\u00ed pova\u017eov\u00e1no za p\u0159\u00edjem ze z\u00e1visl\u00e9 \u010dinnosti, tedy zam\u011bstnanci z&nbsp;toho nevypl\u00fdv\u00e1 da\u0148ov\u00e1 povinnost.<\/p>\n<p style=\"text-align: right;\">2017-02-01<\/p>\n<p align=\"center\"><a href=\"http:\/\/bozppo-neu.cz\/?page_id=1155\"><img decoding=\"async\" loading=\"lazy\" src=\"http:\/\/bozppo-neu.cz\/img\/menubutton.jpg\" alt=\"o uroven vyse\" width=\"50\" height=\"72\"><\/a><\/p>","protected":false},"excerpt":{"rendered":"<p>To, \u017ee pracovn\u00ed od\u011bv nebo obuv nemohou b\u00fdt poskytov\u00e1ny jako osobn\u00ed ochrann\u00fd pracovn\u00ed prost\u0159edek (OOPP) je\u0161t\u011b neznam\u00e1, \u017ee by je zam\u011bstnavatel nemohl sv\u00fdm zam\u011bstnanc\u016fm bez\u00faplatn\u011b poskytovat. Za dodr\u017een\u00ed ur\u010dit\u00fdch podm\u00ednek m\u016f\u017ee poskytnout jako pracovn\u00ed od\u011bv luxusn\u00ed halenku recep\u010dn\u00ed nebo sportovn\u00ed oble\u010den\u00ed u\u010diteli t\u011blocviku. Jejich poskytov\u00e1n\u00ed by m\u011blo b\u00fdt \u0159e\u0161eno v&nbsp;jin\u00e9m samostatn\u00e9m intern\u00edm p\u0159edpise, ne\u017e je [&hellip;]<\/p>\n","protected":false},"author":1,"featured_media":0,"parent":0,"menu_order":0,"comment_status":"closed","ping_status":"closed","template":"","meta":[],"_links":{"self":[{"href":"http:\/\/bozppo-neu.cz\/index.php?rest_route=\/wp\/v2\/pages\/1383"}],"collection":[{"href":"http:\/\/bozppo-neu.cz\/index.php?rest_route=\/wp\/v2\/pages"}],"about":[{"href":"http:\/\/bozppo-neu.cz\/index.php?rest_route=\/wp\/v2\/types\/page"}],"author":[{"embeddable":true,"href":"http:\/\/bozppo-neu.cz\/index.php?rest_route=\/wp\/v2\/users\/1"}],"replies":[{"embeddable":true,"href":"http:\/\/bozppo-neu.cz\/index.php?rest_route=%2Fwp%2Fv2%2Fcomments&post=1383"}],"version-history":[{"count":14,"href":"http:\/\/bozppo-neu.cz\/index.php?rest_route=\/wp\/v2\/pages\/1383\/revisions"}],"predecessor-version":[{"id":5155,"href":"http:\/\/bozppo-neu.cz\/index.php?rest_route=\/wp\/v2\/pages\/1383\/revisions\/5155"}],"wp:attachment":[{"href":"http:\/\/bozppo-neu.cz\/index.php?rest_route=%2Fwp%2Fv2%2Fmedia&parent=1383"}],"curies":[{"name":"wp","href":"https:\/\/api.w.org\/{rel}","templated":true}]}}