{"id":1352,"date":"2017-01-31T10:07:22","date_gmt":"2017-01-31T09:07:22","guid":{"rendered":"http:\/\/bozppo-neu.cz\/?page_id=1352"},"modified":"2023-04-01T09:48:47","modified_gmt":"2023-04-01T07:48:47","slug":"protokol-o-vyhodnoceni-rizik","status":"publish","type":"page","link":"http:\/\/bozppo-neu.cz\/?page_id=1352","title":{"rendered":"Protokol o vyhled\u00e1n\u00ed a vyhodnocen\u00ed rizik"},"content":{"rendered":"<p>Z\u00e1kon\u00edk pr\u00e1ce v \u00a7&nbsp;102 odst. 4 po zam\u011bstnavateli po\u017eaduje v\u00e9st dokumentaci o vyhled\u00e1n\u00ed a vyhodnocen\u00ed rizik a o p\u0159ijat\u00fdch opat\u0159en\u00edch. Kter\u00e9 dokumenty tuto dokumentaci tvo\u0159\u00ed nen\u00ed ur\u010deno, ale lze dovodit, \u017ee se jedn\u00e1 o v\u0161echny dokumenty dokl\u00e1daj\u00edc\u00ed zp\u016fsob a pr\u016fb\u011bh vyhled\u00e1n\u00ed a vyhodnocen\u00ed rizik p\u0159i pr\u00e1ci. \u00dadaje z&nbsp;nich je mo\u017en\u00e9 sumarizovat do <a href=\"http:\/\/bozppo-neu.cz\/wp-content\/uploads\/2017\/01\/protokol.pdf\"><u><span style=\"color: #0066cc;\">protokolu<\/span><\/u><\/a> (jeho podoba, ani obsah nejsou ni\u010d\u00edm stanoveny).<\/p>\n<p style=\"text-align: right;\">2017-01-31<\/p>\n<p style=\"text-align: right;\">\n<\/p><p style=\"text-align: left;\"><\/p>\n\n\n<pre class=\"wp-block-code\"><code><p align=\"center\"><a href=\"http:\/\/bozppo-neu.cz\/?page_id=751\"><img decoding=\"async\" loading=\"lazy\" src=\"http:\/\/bozppo-neu.cz\/img\/menubutton.jpg\" alt=\"o uroven vyse\" width=\"50\" height=\"72\"><\/a><\/p><\/code><\/pre>\n","protected":false},"excerpt":{"rendered":"<p>Z\u00e1kon\u00edk pr\u00e1ce v \u00a7&nbsp;102 odst. 4 po zam\u011bstnavateli po\u017eaduje v\u00e9st dokumentaci o vyhled\u00e1n\u00ed a vyhodnocen\u00ed rizik a o p\u0159ijat\u00fdch opat\u0159en\u00edch. Kter\u00e9 dokumenty tuto dokumentaci tvo\u0159\u00ed nen\u00ed ur\u010deno, ale lze dovodit, \u017ee se jedn\u00e1 o v\u0161echny dokumenty dokl\u00e1daj\u00edc\u00ed zp\u016fsob a pr\u016fb\u011bh vyhled\u00e1n\u00ed a vyhodnocen\u00ed rizik p\u0159i pr\u00e1ci. \u00dadaje z&nbsp;nich je mo\u017en\u00e9 sumarizovat do protokolu (jeho podoba, [&hellip;]<\/p>\n","protected":false},"author":1,"featured_media":0,"parent":0,"menu_order":0,"comment_status":"closed","ping_status":"closed","template":"","meta":[],"_links":{"self":[{"href":"http:\/\/bozppo-neu.cz\/index.php?rest_route=\/wp\/v2\/pages\/1352"}],"collection":[{"href":"http:\/\/bozppo-neu.cz\/index.php?rest_route=\/wp\/v2\/pages"}],"about":[{"href":"http:\/\/bozppo-neu.cz\/index.php?rest_route=\/wp\/v2\/types\/page"}],"author":[{"embeddable":true,"href":"http:\/\/bozppo-neu.cz\/index.php?rest_route=\/wp\/v2\/users\/1"}],"replies":[{"embeddable":true,"href":"http:\/\/bozppo-neu.cz\/index.php?rest_route=%2Fwp%2Fv2%2Fcomments&post=1352"}],"version-history":[{"count":5,"href":"http:\/\/bozppo-neu.cz\/index.php?rest_route=\/wp\/v2\/pages\/1352\/revisions"}],"predecessor-version":[{"id":5390,"href":"http:\/\/bozppo-neu.cz\/index.php?rest_route=\/wp\/v2\/pages\/1352\/revisions\/5390"}],"wp:attachment":[{"href":"http:\/\/bozppo-neu.cz\/index.php?rest_route=%2Fwp%2Fv2%2Fmedia&parent=1352"}],"curies":[{"name":"wp","href":"https:\/\/api.w.org\/{rel}","templated":true}]}}