{"id":1333,"date":"2017-01-30T21:50:04","date_gmt":"2017-01-30T20:50:04","guid":{"rendered":"http:\/\/bozppo-neu.cz\/?page_id=1333"},"modified":"2024-11-04T19:22:23","modified_gmt":"2024-11-04T18:22:23","slug":"schema-managementu-rizik-pri-praci","status":"publish","type":"page","link":"http:\/\/bozppo-neu.cz\/?page_id=1333","title":{"rendered":"Sch\u00e9ma managementu rizik p\u0159i pr\u00e1ci"},"content":{"rendered":"<p>Na <strong><a href=\"http:\/\/bozppo-neu.cz\/wp-content\/uploads\/2017\/01\/schema-managamentu-rizik.pdf\"><u><span style=\"color: #0066cc;\">sch\u00e9matu managamentu rizik<\/span><\/u><\/a><\/strong>\u00a0 je zn\u00e1zorn\u011bn postup p\u0159i jednom cel\u00e9m cyklu. Z\u00e1rove\u0148 jsou uvedeny vstupy do n\u00e1sleduj\u00edc\u00edho cyklu.<\/p>\n<p style=\"text-align: right;\">2017-01-31<\/p>\n<p style=\"text-align: right;\">\u00a0<\/p>\n\n\n<pre class=\"wp-block-code\"><code><p align=\"center\"><a href=\"http:\/\/bozppo-neu.cz\/?page_id=751\"><img decoding=\"async\" loading=\"lazy\" src=\"http:\/\/bozppo-neu.cz\/img\/menubutton.jpg\" alt=\"o uroven vyse\" width=\"50\" height=\"72\"><\/a><\/p><\/code><\/pre>\n","protected":false},"excerpt":{"rendered":"<p>Na sch\u00e9matu managamentu rizik\u00a0 je zn\u00e1zorn\u011bn postup p\u0159i jednom cel\u00e9m cyklu. Z\u00e1rove\u0148 jsou uvedeny vstupy do n\u00e1sleduj\u00edc\u00edho cyklu. 2017-01-31 \u00a0<\/p>\n","protected":false},"author":1,"featured_media":0,"parent":0,"menu_order":0,"comment_status":"closed","ping_status":"closed","template":"","meta":[],"_links":{"self":[{"href":"http:\/\/bozppo-neu.cz\/index.php?rest_route=\/wp\/v2\/pages\/1333"}],"collection":[{"href":"http:\/\/bozppo-neu.cz\/index.php?rest_route=\/wp\/v2\/pages"}],"about":[{"href":"http:\/\/bozppo-neu.cz\/index.php?rest_route=\/wp\/v2\/types\/page"}],"author":[{"embeddable":true,"href":"http:\/\/bozppo-neu.cz\/index.php?rest_route=\/wp\/v2\/users\/1"}],"replies":[{"embeddable":true,"href":"http:\/\/bozppo-neu.cz\/index.php?rest_route=%2Fwp%2Fv2%2Fcomments&post=1333"}],"version-history":[{"count":10,"href":"http:\/\/bozppo-neu.cz\/index.php?rest_route=\/wp\/v2\/pages\/1333\/revisions"}],"predecessor-version":[{"id":6008,"href":"http:\/\/bozppo-neu.cz\/index.php?rest_route=\/wp\/v2\/pages\/1333\/revisions\/6008"}],"wp:attachment":[{"href":"http:\/\/bozppo-neu.cz\/index.php?rest_route=%2Fwp%2Fv2%2Fmedia&parent=1333"}],"curies":[{"name":"wp","href":"https:\/\/api.w.org\/{rel}","templated":true}]}}