{"id":1301,"date":"2017-01-30T19:49:08","date_gmt":"2017-01-30T18:49:08","guid":{"rendered":"http:\/\/bozppo-neu.cz\/?page_id=1301"},"modified":"2024-04-16T09:22:45","modified_gmt":"2024-04-16T07:22:45","slug":"formular-pro-kategorizaci-praci","status":"publish","type":"page","link":"http:\/\/bozppo-neu.cz\/?page_id=1301","title":{"rendered":"Formul\u00e1\u0159 pro kategorizaci prac\u00ed"},"content":{"rendered":"<p>Podoba \u017e\u00e1dosti o za\u0159azen\u00ed do kategorie prac\u00ed nen\u00ed \u017e\u00e1dn\u00fdm pr\u00e1vn\u00edm p\u0159edpisem stanovena. Z\u00e1kon \u010d. 258\/2000 Sb., ve zn\u011bn\u00ed pozd\u011bj\u0161\u00edch p\u0159edpis\u016f, v \u00a7 37 odst. 3 pouze uv\u00e1d\u00ed, co m\u00e1 obsahovat &#8211; viz n\u00ed\u017ee. Nen\u00ed tedy ani nutn\u00e9, aby se jednalo o formul\u00e1\u0159. M\u016f\u017ee b\u00fdt pou\u017eita i jin\u00e1 forma, av\u0161ak mus\u00ed obsahovat p\u0159edepsan\u00e9 n\u00e1le\u017eitosti a p\u0159\u00edlohy.<\/p>\n<p>J\u00e1 v\u0161ak doporu\u010duji z\u00edskan\u00e9 informace zapracovat do p\u0159edem vytvo\u0159en\u00e9ho formul\u00e1\u0159e, a to pro ka\u017edou jednotlivou pr\u00e1ci do samostatn\u00e9ho formul\u00e1\u0159e. Umo\u017en\u00ed to snaz\u0161\u00ed pr\u00e1ci p\u0159i aktualizaci, jako\u017e i p\u0159i \u0159\u00edzen\u00ed rizik. Takto doporu\u010duji zpracovat nejen kategorizaci prac\u00ed, kter\u00e1 se zas\u00edl\u00e1 na org\u00e1n ochrany ve\u0159ejn\u00e9ho zdrav\u00ed (\u017e\u00e1dost o za\u0159azen\u00ed do kategorie), ale kategorizaci prac\u00ed pro v\u0161echny u zam\u011bstnavatele vykon\u00e1van\u00e9 pr\u00e1ce. Vytvo\u0159\u00ed se tak jednotn\u00fd syst\u00e9m dokumentace kategorizace prac\u00ed, co\u017e napom\u016f\u017ee snaz\u0161\u00edmu \u0159\u00edzen\u00ed rizik.<\/p>\n<p><a href=\"http:\/\/bozppo-neu.cz\/wp-content\/uploads\/2024\/04\/ZARAZENI-PRACE-DO-KATEGORIE.pdf\"><strong>Vzor formul\u00e1\u0159e pro kategorizaci prac\u00ed<\/strong><\/a>, kter\u00fd jsem zpracoval a pou\u017e\u00edv\u00e1m jej, krom\u011b povinn\u00fdch rubrik, obsahuje i dal\u0161\u00ed, vhodn\u00e9 pro \u0159\u00edzen\u00ed rizik (nap\u0159. po\u010det mladistv\u00fdch zam\u011bstnanc\u016f, prostor k vyj\u00e1d\u0159en\u00ed je d\u00e1n i l\u00e9ka\u0159i, kter\u00fd zam\u011bstnavateli poskytuje pracovn\u011bl\u00e9ka\u0159sk\u00e9 slu\u017eby). T\u011bmi povinn\u00fdmi \u00fadaji jsou:<\/p>\n<ul>\n<li>ozna\u010den\u00ed pr\u00e1ce,<\/li>\n<li>n\u00e1zev a um\u00edst\u011bn\u00ed pracovi\u0161t\u011b, kde je dan\u00e1 pr\u00e1ce vykon\u00e1v\u00e1na,<\/li>\n<li>v\u00fdsledky hodnocen\u00ed expozice fyzick\u00fdch osob vykon\u00e1vaj\u00edc\u00edch danou pr\u00e1ci jednotliv\u00fdm rozhoduj\u00edc\u00edm faktor\u016fm pracovn\u00edch podm\u00ednek v charakteristick\u00e9 sm\u011bn\u011b v\u010detn\u011b doby trv\u00e1n\u00ed t\u00e9to expozice,<\/li>\n<li>\n<div class=\"pismeno\">d\u00e9lka sm\u011bny; u v\u00edcesm\u011bnn\u00e9ho provozu re\u017eim st\u0159\u00edd\u00e1n\u00ed sm\u011bn,<\/div>\n<\/li>\n<li>\n<div class=\"pismeno\">n\u00e1vrh kategorie, do kter\u00e9 m\u00e1 b\u00fdt pr\u00e1ce za\u0159azena,<\/div>\n<\/li>\n<li>\n<div class=\"pismeno\">po\u010det zam\u011bstnanc\u016f vykon\u00e1vaj\u00edc\u00edch danou pr\u00e1ci, z toho po\u010det \u017een,<\/div>\n<\/li>\n<li>\n<div class=\"pismeno\">opat\u0159en\u00ed p\u0159ijat\u00e1 k ochran\u011b zdrav\u00ed zam\u011bstnanc\u016f vykon\u00e1vaj\u00edc\u00edch danou pr\u00e1ci.<\/div>\n<\/li>\n<\/ul>\n<p>Povinn\u00e9 je tak\u00e9 k \u017e\u00e1dosti p\u0159ipojit protokoly o m\u011b\u0159en\u00ed nebo vy\u0161et\u0159en\u00ed faktor\u016f pracovn\u00edch podm\u00ednek proveden\u00fdch podle \u00a7 38 v\u00fd\u0161e uveden\u00e9ho z\u00e1kona.<\/p>\n<p>P\u0159i vypl\u0148ov\u00e1n\u00ed formul\u00e1\u0159e odborn\u011b zp\u016fsobil\u00e1 osoba nejprve ve spolupr\u00e1ci s vedouc\u00edm zam\u011bstnancem pracovi\u0161t\u011b, na kter\u00e9m se v\u00fdkon pr\u00e1ce hodnot\u00ed, vypln\u00ed z\u00e1hlav\u00ed a sloupec &#8222;Potvrzen\u00ed v\u00fdskytu faktor\u016f&#8230;&#8220;, jen\u017e je n\u00e1vodn\u00fdm na co se p\u0159i hodnocen\u00ed pr\u00e1ce zam\u011b\u0159it, co bude nutn\u00e9 nechat zm\u011b\u0159it atd.<\/p>\n<p>Na z\u00e1klad\u011b v\u00fdsledk\u016f m\u011b\u0159en\u00ed nebo vy\u0161et\u0159en\u00ed faktor\u016f pracovn\u00edch podm\u00ednek odborn\u011b zp\u016fsobil\u00e1 osoba navrhne za\u0159azen\u00ed jednotliv\u00fdch faktor\u016f do kategori\u00ed, jako\u017e i v\u00fdsledn\u00e9 za\u0159azen\u00ed, a zd\u016fvodn\u00ed, pro\u010d pr\u00e1ce nen\u00ed za\u0159azena do kategorie 1. Ve spolupr\u00e1ci s l\u00e9ka\u0159em poskytuj\u00edc\u00edm pracovn\u011bl\u00e9ka\u0159sk\u00e9 slu\u017eby navrhne pot\u0159ebn\u00e1 opat\u0159en\u00ed, kter\u00e1 pot\u00e9 nech\u00e1 schv\u00e1lit k tomu opr\u00e1vn\u011bn\u00fdm vedouc\u00edm zam\u011bstnancem (p\u0159\u00edpadn\u011b jin\u00e1, podle jeho rozhodnut\u00ed).<\/p>\n<p>Na z\u00e1v\u011br odborn\u011b zp\u016fsobil\u00e1 osoba \u017e\u00e1dost ode\u0161la na org\u00e1n ochrany ve\u0159ejn\u00e9ho zdrav\u00ed, nebo, pokud tomu nepodl\u00e9h\u00e1, vypln\u00ed rubriky o za\u0159azen\u00ed do z\u00e1hlav\u00ed (stejn\u011b tak u\u010din\u00ed po vyj\u00e1d\u0159en\u00ed org\u00e1nu ochrany ve\u0159ejn\u00e9ho zdrav\u00ed na formul\u00e1\u0159\u00edch jemu zaslan\u00fdch prac\u00ed).<\/p>\n<p style=\"text-align: right;\">2024-04-16<\/p>\n<p style=\"text-align: center;\">\u00a0<\/p>\n\n\n<pre class=\"wp-block-code\"><code><p align=\"center\"><a href=\"http:\/\/bozppo-neu.cz\/?page_id=751\"><img decoding=\"async\" loading=\"lazy\" src=\"http:\/\/bozppo-neu.cz\/img\/menubutton.jpg\" alt=\"o uroven vyse\" width=\"50\" height=\"72\"><\/a><\/p><\/code><\/pre>\n","protected":false},"excerpt":{"rendered":"<p>Podoba \u017e\u00e1dosti o za\u0159azen\u00ed do kategorie prac\u00ed nen\u00ed \u017e\u00e1dn\u00fdm pr\u00e1vn\u00edm p\u0159edpisem stanovena. Z\u00e1kon \u010d. 258\/2000 Sb., ve zn\u011bn\u00ed pozd\u011bj\u0161\u00edch p\u0159edpis\u016f, v \u00a7 37 odst. 3 pouze uv\u00e1d\u00ed, co m\u00e1 obsahovat &#8211; viz n\u00ed\u017ee. Nen\u00ed tedy ani nutn\u00e9, aby se jednalo o formul\u00e1\u0159. M\u016f\u017ee b\u00fdt pou\u017eita i jin\u00e1 forma, av\u0161ak mus\u00ed obsahovat p\u0159edepsan\u00e9 n\u00e1le\u017eitosti a p\u0159\u00edlohy. [&hellip;]<\/p>\n","protected":false},"author":1,"featured_media":0,"parent":0,"menu_order":0,"comment_status":"closed","ping_status":"closed","template":"","meta":[],"_links":{"self":[{"href":"http:\/\/bozppo-neu.cz\/index.php?rest_route=\/wp\/v2\/pages\/1301"}],"collection":[{"href":"http:\/\/bozppo-neu.cz\/index.php?rest_route=\/wp\/v2\/pages"}],"about":[{"href":"http:\/\/bozppo-neu.cz\/index.php?rest_route=\/wp\/v2\/types\/page"}],"author":[{"embeddable":true,"href":"http:\/\/bozppo-neu.cz\/index.php?rest_route=\/wp\/v2\/users\/1"}],"replies":[{"embeddable":true,"href":"http:\/\/bozppo-neu.cz\/index.php?rest_route=%2Fwp%2Fv2%2Fcomments&post=1301"}],"version-history":[{"count":10,"href":"http:\/\/bozppo-neu.cz\/index.php?rest_route=\/wp\/v2\/pages\/1301\/revisions"}],"predecessor-version":[{"id":5879,"href":"http:\/\/bozppo-neu.cz\/index.php?rest_route=\/wp\/v2\/pages\/1301\/revisions\/5879"}],"wp:attachment":[{"href":"http:\/\/bozppo-neu.cz\/index.php?rest_route=%2Fwp%2Fv2%2Fmedia&parent=1301"}],"curies":[{"name":"wp","href":"https:\/\/api.w.org\/{rel}","templated":true}]}}