{"id":13,"date":"2016-11-24T09:49:22","date_gmt":"2016-11-24T08:49:22","guid":{"rendered":"http:\/\/localhost\/TomasN\/?page_id=13"},"modified":"2023-03-22T18:59:51","modified_gmt":"2023-03-22T17:59:51","slug":"uprava-dokumentu","status":"publish","type":"page","link":"http:\/\/bozppo-neu.cz\/?page_id=13","title":{"rendered":"Tvorba dokument\u016f"},"content":{"rendered":"\n<p>Ned\u00edlnou sou\u010d\u00e1st\u00ed zaji\u0161\u0165ov\u00e1n\u00ed BOZP a PO je tvorba a veden\u00ed p\u0159\u00edslu\u0161n\u00e9 dokumentace, a to i v p\u0159\u00edpad\u011b, \u017ee firma nebo spole\u010dnost nem\u00e1 zaveden\u00fd <a href=\"http:\/\/bozppo-neu.cz\/?page_id=4043\">syst\u00e9m managementu<\/a>.<\/p>\n\n\n\n<p>Zpracov\u00e1n\u00ed a veden\u00ed dokumentace nen\u00ed snadnou z\u00e1le\u017eitost\u00ed, jak se m\u016f\u017ee zd\u00e1t. M\u00e1 sv\u00e1 \u00faskal\u00ed a m\u00e1 sv\u00e1 pravidla. Lze uv\u00e9st, \u017ee stejn\u011b jako po\u017e\u00e1rn\u00ed ochrana a krizov\u00fd management, tak i oblast tvorby &#8222;\u00fa\u0159edn\u00ed&#8220; dokumentace je oblast\u00ed, kter\u00e1 navazuje a prol\u00edn\u00e1 se do BOZP. Stejn\u011b to plat\u00ed i oblasti ochrany osobn\u00edch \u00fadaj\u016f.<\/p>\n\n\n\n<p>S oblast\u00ed tvorby dokument\u016f \u00fazce souvis\u00ed dovednost ovl\u00e1dat kl\u00e1vesnici deseti prsty, a to na profesion\u00e1ln\u00ed \u00farovni (<a href=\"http:\/\/bozppo-neu.cz\/?page_id=622\">hmatovou metodou<\/a>). I t\u00e9to problematice je v\u011bnov\u00e1no n\u011bkolik str\u00e1nek.<\/p>\n\n\n\n<h5>Dokumentace BOZP a PO<\/h5>\n\n\n\n<ul>\n<li><a href=\"http:\/\/bozppo-neu.cz\/?page_id=3436\">M\u00edstn\u00ed provozn\u011b bezpe\u010dnostn\u00ed p\u0159edpisy<\/a><\/li>\n<\/ul>\n\n\n\n<ul>\n<li><a href=\"http:\/\/bozppo-neu.cz\/?page_id=2595\">Vzory dokument\u016f BOZP a PO<\/a><\/li>\n<\/ul>\n\n\n\n<ul>\n<li><a href=\"http:\/\/bozppo-neu.cz\/?page_id=3477\">Interaktivn\u00ed formul\u00e1\u0159e<\/a><\/li>\n<\/ul>\n\n\n\n<ul>\n<li><a href=\"http:\/\/bozppo-neu.cz\/?page_id=1189\">Pou\u017eit\u00ed rodn\u00e9ho \u010d\u00edsla v dokumentaci BOZP nebo PO<\/a><\/li>\n<\/ul>\n\n\n\n<ul>\n<li><a href=\"http:\/\/bozppo-neu.cz\/?page_id=2415\">Nevhodn\u00e1 terminologie v dokumentech BOZP a PO<\/a><\/li>\n<\/ul>\n\n\n\n<ul>\n<li><a href=\"http:\/\/bozppo-neu.cz\/?page_id=884\">Doba uchov\u00e1n\u00ed dokument\u016f BOZP a PO<\/a><\/li>\n<\/ul>\n\n\n\n<h5>Ochrana osobn\u00edch \u00fadaj\u016f<\/h5>\n\n\n\n<p><\/p>\n\n\n\n<ul>\n<li><a href=\"http:\/\/bozppo-neu.cz\/?page_id=2699\">Obecn\u00e1 informace o GDPR<\/a><\/li>\n<\/ul>\n\n\n\n<ul>\n<li><a href=\"http:\/\/bozppo-neu.cz\/?page_id=2901\">GDPR \u2013 z\u00e1kladn\u00ed pojmy a z\u00e1sady<\/a><\/li>\n<\/ul>\n\n\n\n<ul>\n<li><a href=\"http:\/\/bozppo-neu.cz\/?page_id=2884\">Jak postupovat p\u0159i vytv\u00e1\u0159en\u00ed souladu s GDPR<\/a><\/li>\n<\/ul>\n\n\n\n<ul>\n<li><a href=\"http:\/\/bozppo-neu.cz\/?page_id=2933\">Ochrana osobn\u00edch \u00fadaj\u016f p\u0159i zaji\u0161\u0165ov\u00e1n\u00ed BOZP a PO podle GDPR<\/a><\/li>\n<\/ul>\n\n\n\n<h5>Pravidla form\u00e1ln\u00ed \u00fapravy dokument\u016f<\/h5>\n\n\n\n<ul>\n<li><a href=\"http:\/\/bozppo-neu.cz\/?page_id=547\">Spisov\u00e1 slu\u017eba<\/a><\/li>\n<\/ul>\n\n\n\n<ul>\n<li><a href=\"http:\/\/bozppo-neu.cz\/?page_id=570\">Pravidla pro pou\u017e\u00edv\u00e1n\u00ed raz\u00edtek a podepisov\u00e1n\u00ed dokument\u016f<\/a><\/li>\n<\/ul>\n\n\n\n<ul>\n<li><a href=\"http:\/\/bozppo-neu.cz\/?page_id=609\">Bibliografick\u00e9 citace aneb n\u011bco m\u00e1lo z autorsk\u00e9ho z\u00e1kona<\/a><\/li>\n<\/ul>\n\n\n\n<ul>\n<li><a href=\"http:\/\/bozppo-neu.cz\/?page_id=618\">\u00daprava rozs\u00e1hlej\u0161\u00edch dokument\u016f<\/a><\/li>\n<\/ul>\n\n\n\n<ul>\n<li><a href=\"http:\/\/bozppo-neu.cz\/?page_id=3744\">Vzory \u00fapravy dopis\u016f<\/a><\/li>\n<\/ul>\n\n\n\n<ul>\n<li><a href=\"http:\/\/bozppo-neu.cz\/?page_id=3760\">Pravidla pro psan\u00ed e-mailu<\/a><\/li>\n<\/ul>\n\n\n\n<h5>Profesion\u00e1ln\u00ed ovl\u00e1d\u00e1n\u00ed kl\u00e1vesnice<\/h5>\n\n\n\n<ul>\n<li><a href=\"http:\/\/bozppo-neu.cz\/?page_id=622\">Hmatov\u00e1 metoda ovl\u00e1d\u00e1n\u00ed kl\u00e1vesnice deseti prsty<\/a><\/li>\n<\/ul>\n\n\n\n<ul>\n<li><a href=\"http:\/\/bozppo-neu.cz\/wp-content\/uploads\/2017\/02\/rady-pro-samouky.pdf\">Z\u00e1kladn\u00ed pokyny pro samouky k v\u00fduce hmatov\u00e9 metody<\/a><\/li>\n<\/ul>\n\n\n\n<ul>\n<li><a href=\"http:\/\/bozppo-neu.cz\/wp-content\/uploads\/2017\/02\/QWERTZ.pdf\">Je v\u00fdhodn\u011bj\u0161\u00ed rozlo\u017een\u00ed kl\u00e1ves QWERTY nebo QWERTZ?<\/a><\/li>\n<\/ul>\n\n\n\n<ul>\n<li><a href=\"http:\/\/bozppo-neu.cz\/wp-content\/uploads\/2017\/02\/rekordy.pdf\">Nejen o \u010desk\u00fdch rekordech<\/a><\/li>\n<\/ul>\n","protected":false},"excerpt":{"rendered":"<p>Ned\u00edlnou sou\u010d\u00e1st\u00ed zaji\u0161\u0165ov\u00e1n\u00ed BOZP a PO je tvorba a veden\u00ed p\u0159\u00edslu\u0161n\u00e9 dokumentace, a to i v p\u0159\u00edpad\u011b, \u017ee firma nebo spole\u010dnost nem\u00e1 zaveden\u00fd syst\u00e9m managementu. Zpracov\u00e1n\u00ed a veden\u00ed dokumentace nen\u00ed snadnou z\u00e1le\u017eitost\u00ed, jak se m\u016f\u017ee zd\u00e1t. M\u00e1 sv\u00e1 \u00faskal\u00ed a m\u00e1 sv\u00e1 pravidla. Lze uv\u00e9st, \u017ee stejn\u011b jako po\u017e\u00e1rn\u00ed ochrana a krizov\u00fd management, tak i [&hellip;]<\/p>\n","protected":false},"author":1,"featured_media":4855,"parent":0,"menu_order":0,"comment_status":"closed","ping_status":"closed","template":"","meta":[],"_links":{"self":[{"href":"http:\/\/bozppo-neu.cz\/index.php?rest_route=\/wp\/v2\/pages\/13"}],"collection":[{"href":"http:\/\/bozppo-neu.cz\/index.php?rest_route=\/wp\/v2\/pages"}],"about":[{"href":"http:\/\/bozppo-neu.cz\/index.php?rest_route=\/wp\/v2\/types\/page"}],"author":[{"embeddable":true,"href":"http:\/\/bozppo-neu.cz\/index.php?rest_route=\/wp\/v2\/users\/1"}],"replies":[{"embeddable":true,"href":"http:\/\/bozppo-neu.cz\/index.php?rest_route=%2Fwp%2Fv2%2Fcomments&post=13"}],"version-history":[{"count":19,"href":"http:\/\/bozppo-neu.cz\/index.php?rest_route=\/wp\/v2\/pages\/13\/revisions"}],"predecessor-version":[{"id":5094,"href":"http:\/\/bozppo-neu.cz\/index.php?rest_route=\/wp\/v2\/pages\/13\/revisions\/5094"}],"wp:featuredmedia":[{"embeddable":true,"href":"http:\/\/bozppo-neu.cz\/index.php?rest_route=\/wp\/v2\/media\/4855"}],"wp:attachment":[{"href":"http:\/\/bozppo-neu.cz\/index.php?rest_route=%2Fwp%2Fv2%2Fmedia&parent=13"}],"curies":[{"name":"wp","href":"https:\/\/api.w.org\/{rel}","templated":true}]}}