{"id":1202,"date":"2017-01-27T19:45:35","date_gmt":"2017-01-27T18:45:35","guid":{"rendered":"http:\/\/bozppo-neu.cz\/?page_id=1202"},"modified":"2023-03-06T09:09:20","modified_gmt":"2023-03-06T08:09:20","slug":"film-moderni-doba","status":"publish","type":"page","link":"http:\/\/bozppo-neu.cz\/?page_id=1202","title":{"rendered":"Film &#8222;Modern\u00ed doba&#8220;"},"content":{"rendered":"<p>Dne 5. \u00fanora 1936 m\u011bl premi\u00e9ru americk\u00fd film \u201eModern\u00ed doba\u201c. Film \u00fadajn\u011b vznikl na z\u00e1klad\u011b rozhovoru Charlese Chaplina s\u00a0report\u00e9rem newyorksk\u00fdch novin o p\u00e1sov\u00e9 v\u00fdrob\u011b v\u00a0detroitsk\u00fdch tov\u00e1rn\u00e1ch, kter\u00e1 m\u011bla za n\u00e1sledek, \u017ee mlad\u00ed zdrav\u00ed lid\u00e9 se po n\u011bkolika letech pr\u00e1ce u b\u011b\u017e\u00edc\u00edho p\u00e1su nervov\u011b zhroutili.<\/p>\n<p>Lze jej opr\u00e1vn\u011bn\u011b za\u0159adit mezi filmy s\u00a0tematikou BOZP, p\u0159edev\u0161\u00edm ergonomie. I kdy\u017e se jedn\u00e1 o satirickou komedii, kter\u00e1 pran\u00fd\u0159uje sv\u011bt modern\u00ed pr\u016fmyslov\u00e9 v\u00fdroby t\u0159ic\u00e1t\u00fdch let 20. stolet\u00ed, obsahuje sc\u00e9ny, kter\u00e9 lze je\u0161t\u011b dnes do jist\u00e9 m\u00edry ozna\u010dit za instrukt\u00e1\u017en\u00ed (utahov\u00e1n\u00ed \u0161roub\u016f na p\u00e1su, automat na stravov\u00e1n\u00ed &#8211; viz <a href=\"https:\/\/video.pmgstatic.com\/files\/videos\/001\/461\/1461431\/157726744_c6de58.mp4\">uk\u00e1zka<\/a>), nebo\u0165 poukazuj\u00ed na to, \u017ee \u010dlov\u011bk slou\u017e\u00ed stroji, nikoliv naopak, jak by tomu m\u011blo b\u00fdt.<\/p>\n<p style=\"text-align: right;\">\n","protected":false},"excerpt":{"rendered":"<p>Dne 5. \u00fanora 1936 m\u011bl premi\u00e9ru americk\u00fd film \u201eModern\u00ed doba\u201c. Film \u00fadajn\u011b vznikl na z\u00e1klad\u011b rozhovoru Charlese Chaplina s\u00a0report\u00e9rem newyorksk\u00fdch novin o p\u00e1sov\u00e9 v\u00fdrob\u011b v\u00a0detroitsk\u00fdch tov\u00e1rn\u00e1ch, kter\u00e1 m\u011bla za n\u00e1sledek, \u017ee mlad\u00ed zdrav\u00ed lid\u00e9 se po n\u011bkolika letech pr\u00e1ce u b\u011b\u017e\u00edc\u00edho p\u00e1su nervov\u011b zhroutili. Lze jej opr\u00e1vn\u011bn\u011b za\u0159adit mezi filmy s\u00a0tematikou BOZP, p\u0159edev\u0161\u00edm ergonomie. I [&hellip;]<\/p>\n","protected":false},"author":1,"featured_media":0,"parent":0,"menu_order":0,"comment_status":"closed","ping_status":"closed","template":"","meta":[],"_links":{"self":[{"href":"http:\/\/bozppo-neu.cz\/index.php?rest_route=\/wp\/v2\/pages\/1202"}],"collection":[{"href":"http:\/\/bozppo-neu.cz\/index.php?rest_route=\/wp\/v2\/pages"}],"about":[{"href":"http:\/\/bozppo-neu.cz\/index.php?rest_route=\/wp\/v2\/types\/page"}],"author":[{"embeddable":true,"href":"http:\/\/bozppo-neu.cz\/index.php?rest_route=\/wp\/v2\/users\/1"}],"replies":[{"embeddable":true,"href":"http:\/\/bozppo-neu.cz\/index.php?rest_route=%2Fwp%2Fv2%2Fcomments&post=1202"}],"version-history":[{"count":3,"href":"http:\/\/bozppo-neu.cz\/index.php?rest_route=\/wp\/v2\/pages\/1202\/revisions"}],"predecessor-version":[{"id":4598,"href":"http:\/\/bozppo-neu.cz\/index.php?rest_route=\/wp\/v2\/pages\/1202\/revisions\/4598"}],"wp:attachment":[{"href":"http:\/\/bozppo-neu.cz\/index.php?rest_route=%2Fwp%2Fv2%2Fmedia&parent=1202"}],"curies":[{"name":"wp","href":"https:\/\/api.w.org\/{rel}","templated":true}]}}