{"id":1135,"date":"2017-01-26T08:53:07","date_gmt":"2017-01-26T07:53:07","guid":{"rendered":"http:\/\/bozppo-neu.cz\/?page_id=1135"},"modified":"2023-03-23T19:32:39","modified_gmt":"2023-03-23T18:32:39","slug":"umisteni-predmetu-na-unikovych-cestach","status":"publish","type":"page","link":"http:\/\/bozppo-neu.cz\/?page_id=1135","title":{"rendered":"Um\u00edst\u011bn\u00ed p\u0159edm\u011bt\u016f na \u00fanikov\u00fdch cest\u00e1ch"},"content":{"rendered":"<p>P\u0159i um\u00edst\u011bn\u00ed v\u00fdzdoby a dal\u0161\u00edch p\u0159edm\u011bt\u016f na&nbsp;\u00fanikov\u00fdch cest\u00e1ch je nezbytn\u00e9 dodr\u017eet po\u017eadavky vyhl\u00e1\u0161ky \u010d. 23\/2008&nbsp;Sb., o&nbsp;technick\u00fdch podm\u00ednk\u00e1ch po\u017e\u00e1rn\u00ed ochrany staveb. Jedn\u00e1 se p\u0159edev\u0161\u00edm o po\u017eadavky pro um\u00edst\u011bn\u00ed&nbsp;p\u0159edm\u011bt\u016f na chr\u00e1n\u011bn\u00fdch \u00fanikov\u00fdch cest\u00e1ch. Tou je&nbsp;trvale voln\u00fd komunika\u010dn\u00ed prostor, vedouc\u00ed k&nbsp;v\u00fdchodu na&nbsp;voln\u00e9 prostranstv\u00ed,&nbsp;chr\u00e1n\u011bn\u00fd proti \u00fa\u010dink\u016fm po\u017e\u00e1ru.<\/p>\n<p>Na chr\u00e1n\u011bnou \u00fanikovou cestu lze um\u00edstit p\u0159edm\u011bt z&nbsp;ho\u0159lav\u00e9 l\u00e1tky, resp. ho\u0159lav\u00fd p\u0159edm\u011bt za t\u011bchto podm\u00ednek:<\/p>\n<ol>\n<li>vzd\u00e1lenost ho\u0159lav\u00e9ho p\u0159edm\u011btu od \u010d\u00e1sti stavby z&nbsp;ho\u0159lav\u00fdch hmot s&nbsp;v\u00fdjimkou podlahy nebo jin\u00e9ho ho\u0159lav\u00e9ho p\u0159edm\u011btu mus\u00ed br\u00e1nit p\u0159enesen\u00ed ho\u0159en\u00ed, p\u0159i\u010dem\u017e tato vzd\u00e1lenost nesm\u00ed b\u00fdt men\u0161\u00ed ne\u017e 2&nbsp;m,<\/li>\n<li>ho\u0159lav\u00fd p\u0159edm\u011bt nebo jeho \u010d\u00e1st nesm\u00ed b\u00fdt z&nbsp;plastu, nen\u00ed-li d\u00e1le uvedeno jinak,<\/li>\n<li>ho\u0159lav\u00fd p\u0159edm\u011bt nesm\u00ed b\u00fdt um\u00edst\u011bn na strop nebo podhled nebo do prostoru pod stropem nebo podhledem v&nbsp;\u010d\u00e1sti chr\u00e1n\u011bn\u00e9 \u00fanikov\u00e9 cesty ur\u010den\u00e9 pro pohyb osob nebo \u010dinnost jednotek po\u017e\u00e1rn\u00ed ochrany,<\/li>\n<li>ho\u0159lav\u00fd p\u0159edm\u011bt mus\u00ed b\u00fdt p\u0159ipevn\u011bn tak, aby nedo\u0161lo k&nbsp;jeho uvoln\u011bn\u00ed p\u0159i \u00faniku osob nebo p\u0159i \u010dinnosti jednotek po\u017e\u00e1rn\u00ed ochrany,<\/li>\n<li>v&nbsp;prostoru chr\u00e1n\u011bn\u00e9 \u00fanikov\u00e9 cesty lze na st\u011bnu o plo\u0161e 60&nbsp;m<sup>2<\/sup> um\u00edstit pouze jeden ho\u0159lav\u00fd p\u0159edm\u011bt. Na podla\u017e\u00ed chr\u00e1n\u011bn\u00e9 \u00fanikov\u00e9 cesty nesm\u00ed b\u00fdt um\u00edst\u011bny v\u00edce ne\u017e t\u0159i ho\u0159lav\u00e9 p\u0159edm\u011bty,<\/li>\n<li>ho\u0159lav\u00fd p\u0159edm\u011bt ve tvaru n\u00e1st\u011bnky nesm\u00ed b\u00fdt v&nbsp;prostoru chr\u00e1n\u011bn\u00e9 \u00fanikov\u00e9 cesty um\u00edst\u011bn, je-li v\u011bt\u0161\u00ed ne\u017e 1,3&nbsp;m<sup>2<\/sup> p\u0159i tlou\u0161\u0165ce 4&nbsp;mm; um\u00edst\u011bn\u00ed jin\u00fdch ho\u0159lav\u00fdch p\u0159edm\u011bt\u016f, nen\u00ed-li d\u00e1le uvedeno jinak, je mo\u017en\u00e9 pouze tehdy, bude-li dosa\u017eeno nejm\u00e9n\u011b stejn\u00e9 \u00farovn\u011b po\u017e\u00e1rn\u00ed bezpe\u010dnosti, p\u0159i\u010dem\u017e plocha 1,3&nbsp;m<sup>2<\/sup> nesm\u00ed b\u00fdt p\u0159ekro\u010dena.<\/li>\n<\/ol>\n<p>V&nbsp;prostoru chr\u00e1n\u011bn\u00e9 \u00fanikov\u00e9 cesty lze d\u00e1le um\u00edstit:<\/p>\n<ol>\n<li>jeden mal\u00fd z\u00e1v\u011bsn\u00fd automat na n\u00e1poje, jin\u00e9 zbo\u017e\u00ed nebo slu\u017ebu pro t\u0159i podla\u017e\u00ed,<\/li>\n<li>kv\u011btinovou v\u00fdzdobu z&nbsp;plast\u016f, pokud pr\u016fm\u011br plochy t\u00e9to v\u00fdzdoby na st\u011bnu nen\u00ed v\u011bt\u0161\u00ed ne\u017e 0,5&nbsp;m<sup>2<\/sup> a hloubka t\u00e9to v\u00fdzdoby nep\u0159esahuje 0,1&nbsp;m. P\u0159i um\u00edst\u011bn\u00ed t\u00e9to v\u00fdzdoby nesm\u00ed b\u00fdt omezena minim\u00e1ln\u00ed \u0161\u00ed\u0159ka \u00fanikov\u00e9 cesty stanoven\u00e9 v\u00fdpo\u010dtem.<\/li>\n<\/ol>\n<p>Ho\u0159lav\u00fd p\u0159edm\u011bt, kter\u00fd nebyl v&nbsp;p\u0159edch\u00e1zej\u00edc\u00edch odstavc\u00edch uveden lze um\u00edstit, jestli\u017ee:<\/p>\n<ol>\n<li>jde o \u017eidli z&nbsp;neho\u0159lav\u00e9 konstrukce s&nbsp;\u010daloun\u011bnou \u00fapravou. P\u0159i um\u00edst\u011bn\u00ed v\u00edce ne\u017e dvou \u017eidl\u00ed, mus\u00ed b\u00fdt tyto z&nbsp;neho\u0159lav\u00e9ho konstrukce a z\u00e1rove\u0148 mus\u00ed b\u00fdt spln\u011bna podm\u00ednka, \u017ee \u010dalounick\u00e9 materi\u00e1ly vyhovuj\u00ed z&nbsp;hlediska z\u00e1palnosti,<\/li>\n<li>jde o jin\u00fd sedac\u00ed n\u00e1bytek, jeho\u017e \u010daloun\u011bn\u00e1 \u010d\u00e1st mus\u00ed spl\u0148ovat podm\u00ednku z&nbsp;hlediska z\u00e1palnosti a jeho konstrukce je vyrobena z&nbsp;materi\u00e1lu, kter\u00fd spl\u0148uje po\u017eadavky na t\u0159\u00eddu reakce na ohe\u0148, na stupe\u0148 ho\u0159lavosti a z\u00e1rove\u0148 velikost p\u0159edm\u011btu nesm\u00ed b\u00fdt o rozm\u011brech v\u011bt\u0161\u00edch, ne\u017e jsou obvykl\u00e9 u b\u011b\u017en\u00e9 \u017eidle.<\/li>\n<\/ol>\n<p>V\u00fd\u0161e uveden\u00e9 p\u0159edm\u011bty nesm\u00ed sv\u00fdm um\u00edst\u011bn\u00edm:<\/p>\n<ol>\n<li>ovliv\u0148ovat pohyb osob v&nbsp;chr\u00e1n\u011bn\u00e9 \u00fanikov\u00e9 cest\u011b nebo p\u0159i vstupu na ni nebo v\u00fdstupu z&nbsp;n\u00ed, zejm\u00e9na p\u0159i p\u0159evr\u017een\u00ed, p\u00e1du nebo odvalen\u00ed,<\/li>\n<li>zasahovat do minim\u00e1ln\u00ed \u0161\u00ed\u0159e chr\u00e1n\u011bn\u00e9 \u00fanikov\u00e9 cesty, stanoven\u00e9 v&nbsp;projektov\u00e9 nebo obdobn\u00e9 dokumentaci nebo v\u00fdpo\u010dtem,<\/li>\n<li>br\u00e1nit otev\u00edr\u00e1n\u00ed \u010di zav\u00edr\u00e1n\u00ed dve\u0159\u00ed na t\u00e9to komunikaci.<\/li>\n<\/ol>\n<div id=\"attachment_1657\" style=\"width: 510px\" class=\"wp-caption aligncenter\"><img aria-describedby=\"caption-attachment-1657\" decoding=\"async\" loading=\"lazy\" class=\"wp-image-1657\" src=\"http:\/\/bozppo-neu.cz\/wp-content\/uploads\/2017\/02\/Obr\u0102\u02c7zek1.jpg\" alt=\"obrazek1\" width=\"500\" height=\"376\"><p id=\"caption-attachment-1657\" class=\"wp-caption-text\"><span style=\"color: #400050;\"><em>Takto NE!<\/em><\/span><\/p><\/div>\n<p style=\"text-align: right;\">2017-01-26<\/p>\n<p style=\"text-align: right;\">\n<\/p><p style=\"text-align: left;\"><\/p>\n\n\n<pre class=\"wp-block-code\"><code><p align=\"center\"><a href=\"http:\/\/bozppo-neu.cz\/?page_id=5073\"><img decoding=\"async\" loading=\"lazy\" src=\"http:\/\/bozppo-neu.cz\/img\/menubutton.jpg\" alt=\"o uroven vyse\" width=\"50\" height=\"72\"><\/a><\/p><\/code><\/pre>\n","protected":false},"excerpt":{"rendered":"<p>P\u0159i um\u00edst\u011bn\u00ed v\u00fdzdoby a dal\u0161\u00edch p\u0159edm\u011bt\u016f na&nbsp;\u00fanikov\u00fdch cest\u00e1ch je nezbytn\u00e9 dodr\u017eet po\u017eadavky vyhl\u00e1\u0161ky \u010d. 23\/2008&nbsp;Sb., o&nbsp;technick\u00fdch podm\u00ednk\u00e1ch po\u017e\u00e1rn\u00ed ochrany staveb. Jedn\u00e1 se p\u0159edev\u0161\u00edm o po\u017eadavky pro um\u00edst\u011bn\u00ed&nbsp;p\u0159edm\u011bt\u016f na chr\u00e1n\u011bn\u00fdch \u00fanikov\u00fdch cest\u00e1ch. Tou je&nbsp;trvale voln\u00fd komunika\u010dn\u00ed prostor, vedouc\u00ed k&nbsp;v\u00fdchodu na&nbsp;voln\u00e9 prostranstv\u00ed,&nbsp;chr\u00e1n\u011bn\u00fd proti \u00fa\u010dink\u016fm po\u017e\u00e1ru. Na chr\u00e1n\u011bnou \u00fanikovou cestu lze um\u00edstit p\u0159edm\u011bt z&nbsp;ho\u0159lav\u00e9 l\u00e1tky, resp. ho\u0159lav\u00fd p\u0159edm\u011bt [&hellip;]<\/p>\n","protected":false},"author":1,"featured_media":0,"parent":0,"menu_order":0,"comment_status":"closed","ping_status":"closed","template":"","meta":[],"_links":{"self":[{"href":"http:\/\/bozppo-neu.cz\/index.php?rest_route=\/wp\/v2\/pages\/1135"}],"collection":[{"href":"http:\/\/bozppo-neu.cz\/index.php?rest_route=\/wp\/v2\/pages"}],"about":[{"href":"http:\/\/bozppo-neu.cz\/index.php?rest_route=\/wp\/v2\/types\/page"}],"author":[{"embeddable":true,"href":"http:\/\/bozppo-neu.cz\/index.php?rest_route=\/wp\/v2\/users\/1"}],"replies":[{"embeddable":true,"href":"http:\/\/bozppo-neu.cz\/index.php?rest_route=%2Fwp%2Fv2%2Fcomments&post=1135"}],"version-history":[{"count":10,"href":"http:\/\/bozppo-neu.cz\/index.php?rest_route=\/wp\/v2\/pages\/1135\/revisions"}],"predecessor-version":[{"id":5229,"href":"http:\/\/bozppo-neu.cz\/index.php?rest_route=\/wp\/v2\/pages\/1135\/revisions\/5229"}],"wp:attachment":[{"href":"http:\/\/bozppo-neu.cz\/index.php?rest_route=%2Fwp%2Fv2%2Fmedia&parent=1135"}],"curies":[{"name":"wp","href":"https:\/\/api.w.org\/{rel}","templated":true}]}}