{"id":1124,"date":"2017-01-25T21:43:43","date_gmt":"2017-01-25T20:43:43","guid":{"rendered":"http:\/\/bozppo-neu.cz\/?page_id=1124"},"modified":"2023-03-27T19:06:57","modified_gmt":"2023-03-27T17:06:57","slug":"jak-se-chovat-jako-rukojmi-pri-prepadeni","status":"publish","type":"page","link":"http:\/\/bozppo-neu.cz\/?page_id=1124","title":{"rendered":"Jak se chovat jako rukojm\u00ed p\u0159i p\u0159epaden\u00ed a jak p\u0159i teroristick\u00e9m \u00fatoku"},"content":{"rendered":"<p>Na n\u011bkter\u00fdch pracovi\u0161t\u00edch, nap\u0159\u00edklad bank, po\u0161t, benzinov\u00fdch \u010derpac\u00edch stanic, hroz\u00ed nebezpe\u010d\u00ed p\u0159epaden\u00ed. P\u0159i n\u011bm m\u016f\u017ee doj\u00edt k\u00a0dr\u017een\u00ed zam\u011bstnanc\u016f, p\u0159\u00edpadn\u011b i\u00a0dal\u0161\u00edch osob,\u00a0jako rukojm\u00edch. Jak by se rukojm\u00ed m\u011bli chovat, aby bylo minimalizov\u00e1no nebezpe\u010d\u00ed jejich zran\u011bn\u00ed, p\u0159\u00edpadn\u011b <img decoding=\"async\" loading=\"lazy\" class=\"alignright wp-image-1132\" src=\"http:\/\/bozppo-neu.cz\/wp-content\/uploads\/2017\/01\/rukojmi_3.jpg\" alt=\"rukojmi_3\" width=\"390\" height=\"260\" srcset=\"http:\/\/bozppo-neu.cz\/wp-content\/uploads\/2017\/01\/rukojmi_3.jpg 1740w, http:\/\/bozppo-neu.cz\/wp-content\/uploads\/2017\/01\/rukojmi_3-300x200.jpg 300w, http:\/\/bozppo-neu.cz\/wp-content\/uploads\/2017\/01\/rukojmi_3-768x512.jpg 768w, http:\/\/bozppo-neu.cz\/wp-content\/uploads\/2017\/01\/rukojmi_3-1024x683.jpg 1024w, http:\/\/bozppo-neu.cz\/wp-content\/uploads\/2017\/01\/rukojmi_3-1200x801.jpg 1200w\" sizes=\"(max-width: 390px) 100vw, 390px\" \/>usmrcen\u00ed?<\/p>\n<p>Podle informac\u00ed p\u0159ed lety poskytnut\u00fdch Kriminalistick\u00fdm \u00fastavem Praha by m\u011bli db\u00e1t t\u011bchto z\u00e1sad:<\/p>\n<ol>\n<li>sm\u00ed\u0159it se se svou situac\u00ed,<\/li>\n<li>zachovat klid,<\/li>\n<li>zachovat ostra\u017eitost,<\/li>\n<li>jednat lidsky,<\/li>\n<li>m\u00edt v\u00edru.<\/li>\n<\/ol>\n<p>V praxi tyto z\u00e1sady znamenaj\u00ed:<\/p>\n<ul>\n<li>zachov\u00e1vat klid, akce trv\u00e1 v pr\u016fm\u011bru \u010dty\u0159i a p\u016fl a\u017e p\u011bt hodin a v 95 % p\u0159\u00edpad\u016f kon\u010d\u00ed z\u00e1chranou,<\/li>\n<li>po\u010d\u00edtat s t\u00edm, \u017ee m\u016f\u017ee doj\u00edt k sv\u00e1z\u00e1n\u00ed, vsunut\u00ed roub\u00edku nebo p\u0159elepen\u00ed \u00fast, p\u0159\u00edpadn\u011b zav\u00e1z\u00e1n\u00ed o\u010d\u00ed,<\/li>\n<li>plnit p\u0159\u00edkazy pachatel\u016f (prvn\u00edch t\u0159icet minut je krizov\u00fdch),<\/li>\n<li>informovat \u00fato\u010dn\u00edky\u00a0o sv\u00fdch\u00a0zdravotn\u00edch probl\u00e9mech,<\/li>\n<li>udr\u017eovat ostra\u017eitost, ale nenechat se p\u0159istihnout p\u0159i pozorov\u00e1n\u00ed,<\/li>\n<li>sna\u017eit se zdr\u017eovat se co nejd\u00e1le od oken, dve\u0159\u00ed a od pachatel\u016f,<\/li>\n<li>vyvarovat se un\u00e1hlen\u00fdch pohyb\u016f,<\/li>\n<li>komunikovat norm\u00e1ln\u011b, neprojevovat hn\u011bv, pohrd\u00e1n\u00ed, tzv. hrdinstv\u00ed,<\/li>\n<li>nesna\u017eit se uniknout nebo zmaten\u011b ut\u00edkat,<\/li>\n<li>nekoordinovan\u011b nebo na vlastn\u00ed p\u011bst nepou\u017e\u00edt n\u00e1sil\u00ed, p\u0159\u00edpadn\u011b zbra\u0148,<\/li>\n<li>pokud mo\u017eno sednout si na zem,<\/li>\n<li>p\u0159i v\u00fdst\u0159elu si lehnout b\u0159ichem k zemi, pop\u0159\u00edpad\u011b d\u00e1t ruce za hlavu,<\/li>\n<li>neargumentovat (nap\u0159\u00edklad pot\u0159ebou j\u00edst, p\u00edt, doj\u00edt si na toaletu, sp\u011bchem),<\/li>\n<li>neodm\u00edtat slu\u017ebu nebo \u00faslu\u017enost (j\u00eddlo, pit\u00ed, televizi, \u010detbu apod.),<\/li>\n<li>neb\u00e1t se o nez\u00e1jem z venku,<\/li>\n<li>strp\u011bt t\u011b\u017ekosti jako rukojm\u00ed (v\u011bt\u0161inou se zach\u00e1z\u00ed slu\u0161n\u011b) a t\u00e9\u017e p\u0159i osvobozov\u00e1n\u00ed,<\/li>\n<li>po\u010d\u00edtat s t\u00edm, \u017ee po vysvobozen\u00ed m\u016f\u017ee b\u00fdt jedn\u00e1no s rukojm\u00edmi jako s pachatelem.<\/li>\n<\/ul>\n<p><strong>Pro p\u0159\u00edpad teroristick\u00e9ho \u00fatoku<\/strong> se doporu\u010duj\u00ed schodn\u00e1 pravidla, a to a\u017e na jednu v\u00fdjimku. Tou je \u00fat\u011bk, kter\u00fd p\u0159i \u00fatoku, jeho\u017e c\u00edlem je zab\u00edjet, je, na rozd\u00edl od \u201epouh\u00e9ho\u201c p\u0159epaden\u00ed, doporu\u010den. Gen. Andor \u0160andor ve sv\u00e9 knize \u201eJak p\u0159e\u017e\u00edt nejen teroristick\u00fd \u00fatok\u201c (Nakladatelstv\u00ed Autreo, 2017) uv\u00e1d\u00ed:<\/p>\n<ul>\n<li>neztr\u00e1cejte hlavu,<\/li>\n<li>udr\u017eujte nad\u011bji na z\u00e1chranu,<\/li>\n<li>uplatn\u011bte z\u00e1kladn\u00ed instinkty k\u00a0p\u0159e\u017eit\u00ed,<\/li>\n<li><strong>ute\u010dte, je-li to mo\u017en\u00e9,<\/strong><\/li>\n<li>nebu\u010fte zv\u011bdav\u00ed, nebezpe\u010d\u00ed nepozorujte,<\/li>\n<li>bra\u0148te se jen tehdy, nen\u00ed-li jin\u00e1 mo\u017enost,<\/li>\n<li>vyh\u00fdbejte se o\u010dn\u00edmu kontaktu s\u00a0potenci\u00e1ln\u00edm \u00fato\u010dn\u00edkem.<\/li>\n<\/ul>\n<p style=\"text-align: right;\">2020-11-09<\/p>\n<p style=\"text-align: left;\">\u00a0<\/p>\n\n\n<pre class=\"wp-block-code\"><code><p align=\"center\"><a href=\"http:\/\/bozppo-neu.cz\/?page_id=811\"><img decoding=\"async\" loading=\"lazy\" src=\"http:\/\/bozppo-neu.cz\/img\/menubutton.jpg\" alt=\"o uroven vyse\" width=\"50\" height=\"72\"><\/a><\/p><\/code><\/pre>\n","protected":false},"excerpt":{"rendered":"<p>Na n\u011bkter\u00fdch pracovi\u0161t\u00edch, nap\u0159\u00edklad bank, po\u0161t, benzinov\u00fdch \u010derpac\u00edch stanic, hroz\u00ed nebezpe\u010d\u00ed p\u0159epaden\u00ed. P\u0159i n\u011bm m\u016f\u017ee doj\u00edt k\u00a0dr\u017een\u00ed zam\u011bstnanc\u016f, p\u0159\u00edpadn\u011b i\u00a0dal\u0161\u00edch osob,\u00a0jako rukojm\u00edch. Jak by se rukojm\u00ed m\u011bli chovat, aby bylo minimalizov\u00e1no nebezpe\u010d\u00ed jejich zran\u011bn\u00ed, p\u0159\u00edpadn\u011b usmrcen\u00ed? Podle informac\u00ed p\u0159ed lety poskytnut\u00fdch Kriminalistick\u00fdm \u00fastavem Praha by m\u011bli db\u00e1t t\u011bchto z\u00e1sad: sm\u00ed\u0159it se se svou situac\u00ed, zachovat [&hellip;]<\/p>\n","protected":false},"author":1,"featured_media":0,"parent":0,"menu_order":0,"comment_status":"closed","ping_status":"closed","template":"","meta":[],"_links":{"self":[{"href":"http:\/\/bozppo-neu.cz\/index.php?rest_route=\/wp\/v2\/pages\/1124"}],"collection":[{"href":"http:\/\/bozppo-neu.cz\/index.php?rest_route=\/wp\/v2\/pages"}],"about":[{"href":"http:\/\/bozppo-neu.cz\/index.php?rest_route=\/wp\/v2\/types\/page"}],"author":[{"embeddable":true,"href":"http:\/\/bozppo-neu.cz\/index.php?rest_route=\/wp\/v2\/users\/1"}],"replies":[{"embeddable":true,"href":"http:\/\/bozppo-neu.cz\/index.php?rest_route=%2Fwp%2Fv2%2Fcomments&post=1124"}],"version-history":[{"count":16,"href":"http:\/\/bozppo-neu.cz\/index.php?rest_route=\/wp\/v2\/pages\/1124\/revisions"}],"predecessor-version":[{"id":5332,"href":"http:\/\/bozppo-neu.cz\/index.php?rest_route=\/wp\/v2\/pages\/1124\/revisions\/5332"}],"wp:attachment":[{"href":"http:\/\/bozppo-neu.cz\/index.php?rest_route=%2Fwp%2Fv2%2Fmedia&parent=1124"}],"curies":[{"name":"wp","href":"https:\/\/api.w.org\/{rel}","templated":true}]}}