{"id":11,"date":"2016-11-24T09:49:12","date_gmt":"2016-11-24T08:49:12","guid":{"rendered":"http:\/\/localhost\/TomasN\/?page_id=11"},"modified":"2024-03-29T16:17:16","modified_gmt":"2024-03-29T15:17:16","slug":"e-learning","status":"publish","type":"page","link":"http:\/\/bozppo-neu.cz\/?page_id=11","title":{"rendered":"Progresivn\u00ed zp\u016fsoby \u0161kolen\u00ed"},"content":{"rendered":"<ul class=\"sub-menu\">\n<li>E-LEARNING\n<ul class=\"sub-menu\">\n<li class=\"menu-item menu-item-type-post_type menu-item-object-page menu-item-563\"><a href=\"http:\/\/bozppo-neu.cz\/?page_id=561\"><u><span style=\"color: #0066cc;\">O e-learningu<\/span><\/u><\/a><\/li>\n<li class=\"menu-item menu-item-type-post_type menu-item-object-page menu-item-567\"><a href=\"http:\/\/bozppo-neu.cz\/?page_id=565\"><u><span style=\"color: #0066cc;\">Vyu\u017eit\u00ed e-learningu v BOZP a PO<\/span><\/u><\/a><\/li>\n<li class=\"menu-item menu-item-type-post_type menu-item-object-page menu-item-1896\"><a href=\"http:\/\/bozppo-neu.cz\/?page_id=1894\"><u><span style=\"color: #0066cc;\">Prov\u00e1d\u011bn\u00ed tzv. \u0161kolen\u00ed BOZP a \u0161kolen\u00ed PO pomoc\u00ed e-learningu<\/span><\/u><\/a><\/li>\n<li class=\"menu-item menu-item-type-post_type menu-item-object-page menu-item-863\"><a href=\"http:\/\/bozppo-neu.cz\/?page_id=861\"><u><span style=\"color: #0066cc;\">Uk\u00e1zka e-learningov\u00e9ho projektu<\/span><\/u><\/a><\/li>\n<li><a href=\"http:\/\/bozppo-neu.cz\/?page_id=5748\">Uk\u00e1zka podoby v\u00fdukov\u00e9ho textu v e-learningu<\/a><\/li>\n<\/ul>\n<\/li>\n<li>VIRTU\u00c1LN\u00cd REALITA\n<ul class=\"sub-menu\">\n<li><a href=\"http:\/\/bozppo-neu.cz\/?page_id=5779\">\u0160kolen\u00ed BOZP a PO ve virtu\u00e1ln\u00ed realit\u011b<\/a><\/li>\n<\/ul>\n<\/li>\n<\/ul>\n\n\n<pre class=\"wp-block-code\"><code><p align=\"center\"><a href=\"http:\/\/bozppo-neu.cz\/?page_id=995\"><img decoding=\"async\" loading=\"lazy\" src=\"http:\/\/bozppo-neu.cz\/img\/menubutton.jpg\" alt=\"o uroven vyse\" width=\"50\" height=\"72\"><\/a><\/p><\/code><\/pre>\n","protected":false},"excerpt":{"rendered":"<p>E-LEARNING O e-learningu Vyu\u017eit\u00ed e-learningu v BOZP a PO Prov\u00e1d\u011bn\u00ed tzv. \u0161kolen\u00ed BOZP a \u0161kolen\u00ed PO pomoc\u00ed e-learningu Uk\u00e1zka e-learningov\u00e9ho projektu Uk\u00e1zka podoby v\u00fdukov\u00e9ho textu v e-learningu VIRTU\u00c1LN\u00cd REALITA \u0160kolen\u00ed BOZP a PO ve virtu\u00e1ln\u00ed realit\u011b<\/p>\n","protected":false},"author":1,"featured_media":0,"parent":0,"menu_order":0,"comment_status":"closed","ping_status":"closed","template":"","meta":[],"_links":{"self":[{"href":"http:\/\/bozppo-neu.cz\/index.php?rest_route=\/wp\/v2\/pages\/11"}],"collection":[{"href":"http:\/\/bozppo-neu.cz\/index.php?rest_route=\/wp\/v2\/pages"}],"about":[{"href":"http:\/\/bozppo-neu.cz\/index.php?rest_route=\/wp\/v2\/types\/page"}],"author":[{"embeddable":true,"href":"http:\/\/bozppo-neu.cz\/index.php?rest_route=\/wp\/v2\/users\/1"}],"replies":[{"embeddable":true,"href":"http:\/\/bozppo-neu.cz\/index.php?rest_route=%2Fwp%2Fv2%2Fcomments&post=11"}],"version-history":[{"count":13,"href":"http:\/\/bozppo-neu.cz\/index.php?rest_route=\/wp\/v2\/pages\/11\/revisions"}],"predecessor-version":[{"id":5850,"href":"http:\/\/bozppo-neu.cz\/index.php?rest_route=\/wp\/v2\/pages\/11\/revisions\/5850"}],"wp:attachment":[{"href":"http:\/\/bozppo-neu.cz\/index.php?rest_route=%2Fwp%2Fv2%2Fmedia&parent=11"}],"curies":[{"name":"wp","href":"https:\/\/api.w.org\/{rel}","templated":true}]}}