{"id":108,"date":"2016-12-04T17:23:44","date_gmt":"2016-12-04T16:23:44","guid":{"rendered":"http:\/\/bozppo-neu.cz\/?page_id=108"},"modified":"2024-11-04T19:53:07","modified_gmt":"2024-11-04T18:53:07","slug":"publikacni-a-lektorska-cinnost","status":"publish","type":"page","link":"http:\/\/bozppo-neu.cz\/?page_id=108","title":{"rendered":"Seznam odborn\u00fdch publikac\u00ed a zvl\u00e1\u0161tn\u00edch \u010d\u00edsel \u010dasopis\u016f"},"content":{"rendered":"<h2>Odborn\u00e9 publikace<\/h2>\n<p>(uvedeny jsou roky jednotliv\u00fdch vyd\u00e1n\u00ed)<\/p>\n<ol>\n<li><strong>Jak rychle a snadno ps\u00e1t na psac\u00edm <\/strong><strong><img decoding=\"async\" loading=\"lazy\" class=\"alignright wp-image-1524\" src=\"http:\/\/bozppo-neu.cz\/wp-content\/uploads\/2017\/02\/kniha1.png\" alt=\"kniha1\" width=\"95\" height=\"134\" \/><\/strong><strong>stroji nebo po\u010d\u00edta\u010di,<\/strong> Petrkl\u00ed\u010d 1995, 1996 (U\u010debnice v\u00fduky <a href=\"http:\/\/bozppo-neu.cz\/?page_id=622\"><strong>desetiprstov\u00e9 metody psan\u00ed<\/strong><\/a> na psac\u00edch stroj\u00edch a na PC naslepo, tvorby dokument\u016f v textov\u00e9m procesoru T602 a bezpe\u010dn\u00e9 pr\u00e1ce s po\u010d\u00edta\u010dem. Byla prvn\u00ed u\u010debnic\u00ed u n\u00e1s pro v\u00fduku prostokladu pro &#8222;celou&#8220; po\u010d\u00edta\u010dovou kl\u00e1vesnici, jako\u017e i seznamuj\u00edc\u00ed s <a href=\"http:\/\/bozppo-neu.cz\/?page_id=924\"><strong>po\u017eadavky na ochranu zdrav\u00ed p\u0159i pr\u00e1ci s PC<\/strong><\/a><strong>.<\/strong> Celkov\u00fd n\u00e1klad 7 500 v\u00fdtisk\u016f.)<\/li>\n<li><strong>Bezpe\u010dnost pr\u00e1ce v administrativ\u011b,<\/strong> Pragoeduca 1997 (Z\u00e1kladem pro tuto publikaci byla m\u00e1 z\u00e1v\u011bre\u010dn\u00e1 pr\u00e1ce pomaturitn\u00edho studia bezpe\u010dnosti a ochrany zdrav\u00ed p\u0159i pr\u00e1ci. Publikace nebyla u\u0161et\u0159ena plagi\u00e1torstv\u00ed.)<\/li>\n<li><strong>Psan\u00ed na po\u010d\u00edta\u010di v\u0161emi deseti,<\/strong> Computer Press 1998, 2001, 2002 (U\u010debnice nejen pro v\u00fduku ovl\u00e1d\u00e1n\u00ed kl\u00e1vesnice PC, ale t\u00e9\u017e normativn\u00edch pravidel \u00fapravy textov\u00fdch dokument\u016f a psan\u00ed text\u016f v programu Microsoft Word. \u010c\u00e1st publikace je v\u011bnov\u00e1na zdrav\u00ed p\u0159i pr\u00e1ci s PC.)<\/li>\n<li><strong>Ka\u017ed\u00e1 firma produkuje odpad,<\/strong> Newsletter 1999 (Komplexn\u00ed pr\u016fvodce odpadov\u00fdm hospod\u00e1\u0159sv\u00edm pro p\u016fvodce odpad\u016f. Sou\u010d\u00e1st\u00ed byl i se\u0161it pro veden\u00ed pr\u016fb\u011b\u017en\u00e9 evidence odpad\u016f v souladu s po\u017eadavky pr\u00e1vn\u00edch p\u0159edpis\u016f.)<\/li>\n<li><strong>Jak plnit nov\u00e9 po\u017eadavky bezpe\u010dnosti pr\u00e1ce,<\/strong> Hor\u00e1k-Rego 2002 (V publikaci je uveden p\u0159ehled z\u00e1kladn\u00edch informac\u00ed o povinnostech zam\u011bstnavatel\u016f i zam\u011bstnanc\u016f v BOZP. Text reaguje na euronovelu z\u00e1kon\u00edku pr\u00e1ce \u010d. 155\/2000 Sb. V\u00fdznamnou m\u011brou se v\u011bnuje vyhled\u00e1n\u00ed a vyhodnocen\u00ed rizik p\u0159i pr\u00e1ci, v\u010detn\u011b popisu jednotliv\u00fdch metod &#8211; <a href=\"http:\/\/bozppo-neu.cz\/?page_id=755\"><strong>JBM<\/strong><\/a>, <a href=\"http:\/\/bozppo-neu.cz\/?page_id=1790\"><strong>BOMECH<\/strong><\/a>, Kittsova metoda atd.)<\/li>\n<li><strong>Pracovn\u00ed \u00faraz &#8211; evidence a n\u00e1hrady \u0161kod podle nov\u00fdch p\u0159edpis\u016f,<\/strong> V\u00daBP &#8211; NIVOS 2002 (Komplexn\u00ed n\u00e1vod pro zam\u011bstnavatele, resp. vedouc\u00ed zam\u011bstnance, jak na sv\u00fdch pracovi\u0161t\u00edch \u0159e\u0161it problematiku evidence pracovn\u00edch \u00faraz\u016f a vypl\u00e1cen\u00ed n\u00e1hrad \u0161kod vznikl\u00fdch v d\u016fsledku pracovn\u00edch \u00faraz\u016f.)<\/li>\n<li><strong>Profesion\u00e1lem v administrativ\u011b,<\/strong> Rubico 2004 (U\u010debnice v\u00fduky psan\u00ed deseti prsty na kl\u00e1vesnici, tvorby a nakl\u00e1d\u00e1n\u00ed s p\u00edsemnostmi a zdrav\u00e9ho zp\u016fsobu pr\u00e1ce s PC &#8211; maxim\u00e1ln\u00ed po\u010det povolen\u00fdch \u00fahoz\u016f, sezen\u00ed na kancel\u00e1\u0159sk\u00e9 \u017eidli, po\u017eadavky pr\u00e1vn\u00edch p\u0159edpis\u016f atd.).<\/li>\n<li><strong>Poskytov\u00e1n\u00ed osobn\u00edch ochrann\u00fdch pracovn\u00edch prost\u0159edk\u016f a ochrann\u00fdch n\u00e1poj\u016f,<\/strong> ASPI 2007 (Publikace poskytuje nejen teoretick\u00fd, ale i praktick\u00fd n\u00e1vod, jak zajistit poskytov\u00e1n\u00ed <a href=\"http:\/\/bozppo-neu.cz\/?page_id=998\"><strong>OOPP<\/strong><\/a> a <a href=\"http:\/\/bozppo-neu.cz\/?page_id=2517\"><strong>ochrann\u00fdch n\u00e1poj\u016f zam\u011bstnanc\u016fm<\/strong><\/a><strong>.<\/strong> Popisuje nejen po\u017eadavky pr\u00e1vn\u00edch p\u0159edpis\u016f, ale t\u00e9\u017e uv\u00e1d\u00ed na p\u0159\u00edkladu fiktivn\u00ed firmy cel\u00fd proces od stanoven\u00ed po\u017eadavk\u016f na poskytov\u00e1n\u00ed a\u017e po fyzickou likvidaci pou\u017eit\u00fdch prost\u0159edk\u016f. Mimo jin\u00e9 obsahuje vzorovou sm\u011brnici, formul\u00e1\u0159e pro vyhodnocen\u00ed rizik a pro evidenci poskytnut\u00fdch prost\u0159edk\u016f.)<\/li>\n<li><strong><a href=\"https:\/\/obchod.wolterskluwer.cz\/cz\/obsah.dm-18254.pdf\">Vyhled\u00e1n\u00ed a vyhodnocen\u00ed rizik v praxi<\/a>,<\/strong> <a href=\"https:\/\/obchod.wolterskluwer.cz\/cz\/ukazka.dm-18255.pdf\"><img decoding=\"async\" loading=\"lazy\" class=\"alignright wp-image-3060\" src=\"http:\/\/bozppo-neu.cz\/wp-content\/uploads\/2018\/09\/18253.jpg\" alt=\"18253\" width=\"63\" height=\"89\" srcset=\"http:\/\/bozppo-neu.cz\/wp-content\/uploads\/2018\/09\/18253.jpg 423w, http:\/\/bozppo-neu.cz\/wp-content\/uploads\/2018\/09\/18253-212x300.jpg 212w\" sizes=\"(max-width: 63px) 100vw, 63px\" \/><\/a>ASPI 2008, Wolters Kluwer \u010cR 2014, 2018 (Publikace nejen objas\u0148uje pom\u011brn\u011b slo\u017eitou a n\u00e1ro\u010dnou problematiku managementu rizik p\u0159i pr\u00e1ci, ale t\u00e9\u017e na praktick\u00fdch p\u0159\u00edkladech ukazuje konkr\u00e9tn\u00ed postup v praxi. Podrobn\u011b popisuje metody <a href=\"http:\/\/bozppo-neu.cz\/?page_id=1790\"><strong>BOMECH<\/strong><\/a> a <strong><a href=\"http:\/\/bozppo-neu.cz\/?page_id=755\">JBM<\/a><\/strong> v\u010detn\u011b doprovodn\u00e9 dokumentace.)\u00a0\u00a0\u00a0\u00a0\u00a0\u00a0\u00a0\u00a0\u00a0 \u00a0 \u00a0 \u00a0\u00a0 <span style=\"color: #666699;\">Pro zobrazen\u00ed uk\u00e1zky z t\u0159et\u00edho roz\u0161\u00ed\u0159en\u00e9ho vyd\u00e1n\u00ed klikn\u011bte na knihu. Pro zobrazen\u00ed obsahu na n\u00e1zev.<\/span><\/li>\n<li><strong>Nov\u00e1 pravidla p\u00edsemn\u00e9 a elektronick\u00e9 komunikace,<\/strong> Computer Media 2009 (V\u011bnuje se z\u00e1vazn\u00fdm, doporu\u010den\u00fdm i &#8222;zvykov\u00fdm&#8220; pravidl\u016fm p\u00edsemn\u00e9 a elektronick\u00e9 komunikace, kter\u00e9 poj\u00edm\u00e1 \u0161\u00ed\u0159eji a do v\u011bt\u0161\u00ed hloubky ne\u017e klasick\u00e9 u\u010debnice. Seznamuje nap\u0159\u00edklad s odli\u0161n\u00fdmi po\u017eadavky na form\u00e1ln\u00ed \u00fapravu dokument\u016f ve\u0159ejnopr\u00e1vn\u00edch a soukromopr\u00e1vn\u00edch subjekt\u016f, s uplatn\u011bn\u00edm typografick\u00fdch pravidel p\u0159i tvorb\u011b webov\u00fdch str\u00e1nek, s pravidly pro telefonn\u00ed styk.)<\/li>\n<li><a href=\"http:\/\/obchod.wolterskluwer.cz\/cz\/ukazka.dm-16376.pdf\"><img decoding=\"async\" loading=\"lazy\" class=\"alignright wp-image-855\" src=\"http:\/\/bozppo-neu.cz\/wp-content\/uploads\/2017\/01\/bezpecnost-a-ochrana-zdravi-pri-praci-v-kostce-202x300.jpg\" alt=\"bezpecnost-a-ochrana-zdravi-pri-praci-v-kostce\" width=\"63\" height=\"94\" srcset=\"http:\/\/bozppo-neu.cz\/wp-content\/uploads\/2017\/01\/bezpecnost-a-ochrana-zdravi-pri-praci-v-kostce-202x300.jpg 202w, http:\/\/bozppo-neu.cz\/wp-content\/uploads\/2017\/01\/bezpecnost-a-ochrana-zdravi-pri-praci-v-kostce.jpg 333w\" sizes=\"(max-width: 63px) 100vw, 63px\" \/><\/a><strong><a href=\"http:\/\/obchod.wolterskluwer.cz\/cz\/obsah.dm-16375.pdf\">Bezpe\u010dnost a ochrana zdrav\u00ed p\u0159i pr\u00e1ci v kostce neboli o \u010dem je sou\u010dasn\u00e1 BOZP<\/a>,<\/strong> Wolters Kluwer \u010cR 2010, 2016 (Pod\u00e1v\u00e1 komplexn\u00ed pohled na BOZP v\u010detn\u011b PO, firemn\u00ed ekologie a krizov\u00e9ho managementu. Vy\u0161la i jako e-kniha.) \u00a0\u00a0\u00a0\u00a0\u00a0\u00a0\u00a0\u00a0 \u00a0 \u00a0 \u00a0\u00a0 <span style=\"color: #666699;\">Pro zobrazen\u00ed uk\u00e1zky z druh\u00e9ho roz\u0161\u00ed\u0159en\u00e9ho vyd\u00e1n\u00ed klikn\u011bte na knihu. Pro zobrazen\u00ed obsahu na n\u00e1zev.<\/span><\/li>\n<li><strong><a href=\"https:\/\/obchod.wolterskluwer.cz\/cz\/ukazka.dm-17776.pdf\"><img decoding=\"async\" loading=\"lazy\" class=\"alignright wp-image-2978\" src=\"http:\/\/bozppo-neu.cz\/wp-content\/uploads\/2018\/04\/17774-1.jpg\" alt=\"17774\" width=\"63\" height=\"88\" srcset=\"http:\/\/bozppo-neu.cz\/wp-content\/uploads\/2018\/04\/17774-1.jpg 430w, http:\/\/bozppo-neu.cz\/wp-content\/uploads\/2018\/04\/17774-1-215x300.jpg 215w\" sizes=\"(max-width: 63px) 100vw, 63px\" \/><\/a><a href=\"https:\/\/obchod.wolterskluwer.cz\/cz\/obsah.dm-17775.pdf\">\u0160kolen\u00ed bezpe\u010dnosti pr\u00e1ce, po\u017e\u00e1rn\u00ed ochrany a motiva\u010dn\u00ed \u0161kolen\u00ed k prevenci rizik,<\/a><\/strong> Wolters Kluwer \u010cR 2014, 2018 (Publikace seznamuje s r\u016fzn\u00fdmi druhy \u0161kolen\u00ed BOZP, kter\u00e1 je zam\u011bstnavatel povinen zam\u011bstnanc\u016fm zajistit, se \u0161kolen\u00edm\u00ed a odborn\u00fdmi p\u0159\u00edpravami PO a s nepovin\u00fdm <a href=\"http:\/\/bozppo-neu.cz\/?page_id=1008\"><strong>motiva\u010dn\u00edm \u0161kolen\u00edm zam\u011bstnanc\u016f k prevenci rizik<\/strong><\/a><strong>.<\/strong> Tak\u00e9 obsahuje informace o tom, co je nutn\u00e9 zajistit v p\u0159\u00edpad\u011b, kdy\u017e si zam\u011bstnavatel objedn\u00e1 proveden\u00ed \u0161kolen\u00ed u extern\u00ed firmy, a co v p\u0159\u00edpad\u011b, kdy\u017e si je bude prov\u00e1d\u011bt s\u00e1m.)\u00a0\u00a0\u00a0\u00a0\u00a0\u00a0\u00a0\u00a0\u00a0 \u00a0 \u00a0 \u00a0 \u00a0 \u00a0 \u00a0 \u00a0\u00a0\u00a0\u00a0\u00a0\u00a0 \u00a0 \u00a0 \u00a0 \u00a0 \u00a0\u00a0 \u00a0 <span style=\"color: #666699;\">Pro zobrazen\u00ed uk\u00e1zky z druh\u00e9ho roz\u0161\u00ed\u0159en\u00e9ho vyd\u00e1n\u00ed klikn\u011bte na knihu. Pro zobrazen\u00ed obsahu na n\u00e1zev.<\/span><\/li>\n<li><strong>Zdrav\u00ed d<a href=\"http:\/\/bozppo-neu.cz\/wp-content\/uploads\/2022\/10\/PUBLIKACE_WEB.pdf\"><img decoding=\"async\" loading=\"lazy\" class=\"alignright wp-image-4495\" src=\"http:\/\/bozppo-neu.cz\/wp-content\/uploads\/2022\/10\/TITULKA.jpg\" alt=\"titulka\" width=\"68\" height=\"97\" srcset=\"http:\/\/bozppo-neu.cz\/wp-content\/uploads\/2022\/10\/TITULKA.jpg 2477w, http:\/\/bozppo-neu.cz\/wp-content\/uploads\/2022\/10\/TITULKA-211x300.jpg 211w, http:\/\/bozppo-neu.cz\/wp-content\/uploads\/2022\/10\/TITULKA-768x1094.jpg 768w, http:\/\/bozppo-neu.cz\/wp-content\/uploads\/2022\/10\/TITULKA-719x1024.jpg 719w, http:\/\/bozppo-neu.cz\/wp-content\/uploads\/2022\/10\/TITULKA-1200x1709.jpg 1200w\" sizes=\"(max-width: 68px) 100vw, 68px\" \/><\/a>o pr\u00e1ce, zdrav\u00ed z pr\u00e1ce,<\/strong> A\u017dD Praha s.r.o. 2022, elektronick\u00e1 verze (Pro spole\u010dnost A\u017dD jsem v r\u00e1mci integrovan\u00e9ho syst\u00e9mu managementu spole\u010dnosti zpracoval publikaci, v\u010detn\u011b tituln\u00ed str\u00e1nky, formou odpov\u011bd\u00ed na z\u00e1sadn\u00ed ot\u00e1zky zaji\u0161\u0165ov\u00e1n\u00ed a \u0159\u00edzen\u00ed BOZP a PO ve spole\u010dnosti. Publikace je hojn\u011b dopln\u011bna tematick\u00fdmi obr\u00e1zky).\u00a0\u00a0\u00a0\u00a0\u00a0\u00a0\u00a0\u00a0\u00a0\u00a0\u00a0\u00a0\u00a0\u00a0\u00a0\u00a0\u00a0\u00a0\u00a0\u00a0\u00a0\u00a0\u00a0\u00a0\u00a0\u00a0\u00a0\u00a0\u00a0\u00a0\u00a0\u00a0\u00a0\u00a0\u00a0\u00a0\u00a0\u00a0\u00a0\u00a0\u00a0\u00a0\u00a0\u00a0\u00a0\u00a0\u00a0\u00a0\u00a0\u00a0\u00a0\u00a0\u00a0\u00a0\u00a0\u00a0\u00a0\u00a0\u00a0\u00a0\u00a0\u00a0\u00a0\u00a0\u00a0\u00a0\u00a0\u00a0 <span style=\"color: #666699;\">Pro zobrazen\u00ed uk\u00e1zky klikn\u011bte na tituln\u00ed str\u00e1nku publikace.<\/span><\/li>\n<li><strong><a href=\"https:\/\/www.dashofer.cz\/jak-zajistit-oopp-podle-nv-c-390-2021-sb-productusoop\/\">Poskytov\u00e1n\u00ed OOPP, myc\u00edch, \u010distic\u00edch a dezinfek\u010dn\u00edch prost\u0159edk\u016f podle na\u0159\u00edzen\u00ed vl\u00e1dy \u010d. 390\/2021 Sb.<\/a>, <\/strong>Verlag Dash\u00f6fer 2022 (Popisuje, jak by m\u011bl syst\u00e9m poskytov\u00e1n\u00ed OOPP u zam\u011bstnavatele vypadat, t\u00e9\u017e obsahuje n\u00e1vod pro vytvo\u0159en\u00ed intern\u00edho p\u0159edpisu zam\u011bstnavatele pro poskytov\u00e1n\u00ed OOPP a p\u0159ehled rizik, vznikaj\u00edc\u00edch z pou\u017e\u00edv\u00e1n\u00ed ochrann\u00fdch prost\u0159edk\u016f).<img decoding=\"async\" loading=\"lazy\" class=\"wp-image-4546 alignright\" src=\"http:\/\/bozppo-neu.cz\/wp-content\/uploads\/2023\/01\/PICT0147.jpg\" alt=\"pict0147\" width=\"63\" height=\"88\" srcset=\"http:\/\/bozppo-neu.cz\/wp-content\/uploads\/2023\/01\/PICT0147.jpg 2087w, http:\/\/bozppo-neu.cz\/wp-content\/uploads\/2023\/01\/PICT0147-215x300.jpg 215w, http:\/\/bozppo-neu.cz\/wp-content\/uploads\/2023\/01\/PICT0147-768x1069.jpg 768w, http:\/\/bozppo-neu.cz\/wp-content\/uploads\/2023\/01\/PICT0147-735x1024.jpg 735w, http:\/\/bozppo-neu.cz\/wp-content\/uploads\/2023\/01\/PICT0147-1200x1671.jpg 1200w\" sizes=\"(max-width: 63px) 100vw, 63px\" \/><\/li>\n<\/ol>\n<p>Tak\u00e9 publikuji ve sborn\u00edc\u00edch, nap\u0159\u00edklad &#8222;\u0160kolen\u00ed bezpe\u010dnosti pr\u00e1ce a po\u017e\u00e1rn\u00ed ochrany&#8220;.<\/p>\n<p><img decoding=\"async\" loading=\"lazy\" class=\"wp-image-286 aligncenter\" src=\"http:\/\/bozppo-neu.cz\/wp-content\/uploads\/2016\/12\/image003-2.jpg\" alt=\"image003\" width=\"500\" height=\"328\" srcset=\"http:\/\/bozppo-neu.cz\/wp-content\/uploads\/2016\/12\/image003-2.jpg 892w, http:\/\/bozppo-neu.cz\/wp-content\/uploads\/2016\/12\/image003-2-300x197.jpg 300w, http:\/\/bozppo-neu.cz\/wp-content\/uploads\/2016\/12\/image003-2-768x505.jpg 768w\" sizes=\"(max-width: 500px) 100vw, 500px\" \/><\/p>\n<h2>Zvl\u00e1\u0161tn\u00ed \u010d\u00edsla \u010dasopis\u016f<\/h2>\n<ol>\n<li><strong>Prevence rizik v praxi,<\/strong> BHP \u010d. 7\u20138\/2001 (Komplexn\u011b popisuje problematiku prevence rizik od z\u00e1konn\u00e9 povinnosti, p\u0159es metody vyhled\u00e1n\u00ed rizik a vyhodnocen\u00ed rizik, zp\u016fsob stanoven\u00ed opat\u0159en\u00ed, dokumentaci procesu, po vyu\u017eit\u00ed poznatk\u016f z hodnocen\u00ed rizik a op\u011btovn\u00e9 vyhled\u00e1n\u00ed rizik.)<\/li>\n<li><strong>Pr\u016fvodce problematikou bezpe\u010dnosti a ochrany zdrav\u00ed p\u0159i pr\u00e1ci,<\/strong> Pr\u016fvodce extra \u010d. 2\/2010 (Pr\u016fvodce nejen z\u00e1kladn\u00edmi povinnostmi zaji\u0161t\u011bn\u00ed BOZP, ale t\u00e9\u017e i histori\u00ed BOZP, jej\u00edm sou\u010dasn\u00fdm pojet\u00edm, t\u00edm, kdo v\u0161echno m\u00e1 m\u00edt z\u00e1jem na zaji\u0161t\u011bn\u00ed BOZP atd.)<\/li>\n<\/ol>\n<p style=\"text-align: right;\">2023-03-25<\/p>\n<p style=\"text-align: left;\">\u00a0<\/p>\n\n\n<pre class=\"wp-block-code\"><code><p align=\"center\"><a href=\"http:\/\/bozppo-neu.cz\/?page_id=5\"><img decoding=\"async\" loading=\"lazy\" src=\"http:\/\/bozppo-neu.cz\/img\/menubutton.jpg\" alt=\"o uroven vyse\" width=\"50\" height=\"72\"><\/a><\/p><\/code><\/pre>\n","protected":false},"excerpt":{"rendered":"<p>Odborn\u00e9 publikace (uvedeny jsou roky jednotliv\u00fdch vyd\u00e1n\u00ed) Jak rychle a snadno ps\u00e1t na psac\u00edm stroji nebo po\u010d\u00edta\u010di, Petrkl\u00ed\u010d 1995, 1996 (U\u010debnice v\u00fduky desetiprstov\u00e9 metody psan\u00ed na psac\u00edch stroj\u00edch a na PC naslepo, tvorby dokument\u016f v textov\u00e9m procesoru T602 a bezpe\u010dn\u00e9 pr\u00e1ce s po\u010d\u00edta\u010dem. Byla prvn\u00ed u\u010debnic\u00ed u n\u00e1s pro v\u00fduku prostokladu pro &#8222;celou&#8220; po\u010d\u00edta\u010dovou kl\u00e1vesnici, [&hellip;]<\/p>\n","protected":false},"author":1,"featured_media":0,"parent":0,"menu_order":0,"comment_status":"closed","ping_status":"closed","template":"","meta":[],"_links":{"self":[{"href":"http:\/\/bozppo-neu.cz\/index.php?rest_route=\/wp\/v2\/pages\/108"}],"collection":[{"href":"http:\/\/bozppo-neu.cz\/index.php?rest_route=\/wp\/v2\/pages"}],"about":[{"href":"http:\/\/bozppo-neu.cz\/index.php?rest_route=\/wp\/v2\/types\/page"}],"author":[{"embeddable":true,"href":"http:\/\/bozppo-neu.cz\/index.php?rest_route=\/wp\/v2\/users\/1"}],"replies":[{"embeddable":true,"href":"http:\/\/bozppo-neu.cz\/index.php?rest_route=%2Fwp%2Fv2%2Fcomments&post=108"}],"version-history":[{"count":60,"href":"http:\/\/bozppo-neu.cz\/index.php?rest_route=\/wp\/v2\/pages\/108\/revisions"}],"predecessor-version":[{"id":6010,"href":"http:\/\/bozppo-neu.cz\/index.php?rest_route=\/wp\/v2\/pages\/108\/revisions\/6010"}],"wp:attachment":[{"href":"http:\/\/bozppo-neu.cz\/index.php?rest_route=%2Fwp%2Fv2%2Fmedia&parent=108"}],"curies":[{"name":"wp","href":"https:\/\/api.w.org\/{rel}","templated":true}]}}