{"id":1017,"date":"2017-01-20T23:27:07","date_gmt":"2017-01-20T22:27:07","guid":{"rendered":"http:\/\/bozppo-neu.cz\/?page_id=1017"},"modified":"2024-11-04T18:45:42","modified_gmt":"2024-11-04T17:45:42","slug":"jak-je-to-se-skolenim-bozp","status":"publish","type":"page","link":"http:\/\/bozppo-neu.cz\/?page_id=1017","title":{"rendered":"Jak je to se \u0161kolen\u00edm BOZP?"},"content":{"rendered":"<p>\u017d\u00e1dn\u00fd pr\u00e1vn\u00ed ani ostatn\u00ed p\u0159edpis k zaji\u0161t\u011bn\u00ed BOZP nezn\u00e1 pojem \u0161kolen\u00ed BOZP. Jedn\u00e1 se v\u0161ak o v praxi b\u011b\u017en\u011b pou\u017e\u00edvan\u00fd pojem. Vzhledem k tomu, \u017ee nen\u00ed nijak bl\u00ed\u017ee specifikov\u00e1n, m\u016f\u017ee si pod n\u00edm ka\u017ed\u00fd p\u0159edstavit n\u011bco jin\u00e9ho. Proto si tuto problematiku up\u0159esn\u011bme.<\/p>\n<p>Zam\u011bstnavatel je ze z\u00e1kon\u00edku pr\u00e1ce povinen zam\u011bstnanc\u016fm zajistit \u0161kolen\u00ed o pr\u00e1vn\u00edch a ostatn\u00edch p\u0159edpisech k\u00a0zaji\u0161t\u011bn\u00ed BOZP, kter\u00e9 dopl\u0148uj\u00ed jejich odborn\u00e9 p\u0159edpoklady a po\u017eadavky pro v\u00fdkon pr\u00e1ce, kter\u00e9 se t\u00fdkaj\u00ed jimi vykon\u00e1van\u00e9 pr\u00e1ce a vztahuj\u00ed se k\u00a0rizik\u016fm s\u00a0nimi\u017e m\u016f\u017ee p\u0159ij\u00edt zam\u011bstnanec na pracovi\u0161ti, na kter\u00e9m pr\u00e1ci vykon\u00e1v\u00e1, do styku. Sou\u010d\u00e1st\u00ed tohoto \u0161kolen\u00ed maj\u00ed b\u00fdt i p\u0159\u00edslu\u0161n\u00e9 po\u017eadavky z technick\u00fdch norem (ostatn\u00ed p\u0159edpisy). Obsah neur\u010duje \u0161kol\u00edc\u00ed, ale zam\u011bstnavatel. Stejn\u00e9 je to i se stanoven\u00edm \u010detnosti \u0161kolen\u00ed a ur\u010den\u00ed osoby, kter\u00e9 \u0161kolen\u00ed provede.<\/p>\n<p>Toto \u0161kolen\u00ed je mo\u017en\u00e9 pova\u017eovat za z\u00e1klad tzv. \u0161kolen\u00ed BOZP. To v\u0161ak m\u016f\u017ee obsahovat i dal\u0161\u00ed z\u00e1kon\u00edkem pr\u00e1ce po\u017eadovan\u00e9 informace:<\/p>\n<ul>\n<li>sezn\u00e1men\u00ed zam\u011bstnanc\u016f s\u00a0<a href=\"http:\/\/bozppo-neu.cz\/?page_id=1026\"><strong>riziky<\/strong><\/a>, kter\u00e1 jsou spojena s\u00a0v\u00fdkonem pracovn\u00ed \u010dinnosti nebo s\u00a0prostory, v\u00a0kter\u00fdch je pr\u00e1ce vykon\u00e1v\u00e1na, a s\u00a0opat\u0159en\u00edmi p\u0159ijat\u00fdmi ke sn\u00ed\u017een\u00ed jejich vlivu (t\u00fdk\u00e1 se i rizik a opat\u0159en\u00ed vypl\u00fdvaj\u00edc\u00edch z kategorizace prac\u00ed),<\/li>\n<li>sezn\u00e1men\u00ed zam\u011bstnanc\u016f o tom, do jak\u00e9 <a href=\"http:\/\/bozppo-neu.cz\/?page_id=1263\"><strong>kategorie<\/strong><\/a> byla jimi vykon\u00e1van\u00e1 pr\u00e1ce za\u0159azena (poskytnut\u00ed informace, \u017ee pr\u00e1ce byla za\u0159azena do kategorie \u010d. &#8230; nen\u00ed dostate\u010dn\u00e9; je t\u0159eba objasnit, co to znamen\u00e1 a jak\u00e9 to m\u00e1 pro zam\u011bstnance d\u016fsledky).<\/li>\n<\/ul>\n<p>Tato t\u0159i \u0161kolen\u00ed, resp. sezn\u00e1men\u00ed,\u00a0je mo\u017eno pova\u017eovat za z\u00e1kladn\u00ed, tedy tvo\u0159\u00edc\u00ed tzv. \u0161kolen\u00ed BOZP. Av\u0161ak m\u016f\u017ee k nim b\u00fdt p\u0159i\u0159azeno i zaji\u0161t\u011bn\u00ed p\u0159im\u011b\u0159en\u00fdch a dostate\u010dn\u00fdch informac\u00ed a pokyn\u016f o BOZP. Tedy to, co je mo\u017en\u00e9 pova\u017eovat za tzv. \u0161kolen\u00ed BOZP z\u00e1le\u017e\u00ed pouze na zam\u011bstnavateli. Nejedn\u00e1 se jen o tato \u0161kolen\u00ed a sezn\u00e1meni. T\u011bch je mnohem, mnohem v\u00edce. Jejich seznam je uveden na <strong><a href=\"http:\/\/bozppo-neu.cz\/?page_id=3130\">zde<\/a><\/strong>.<\/p>\n<p>Z v\u00fd\u0161e uveden\u00e9ho jasn\u011b vypl\u00fdv\u00e1, \u017ee v \u017e\u00e1dn\u00e9m p\u0159\u00edpad\u011b nen\u00ed mo\u017en\u00e9 poskytov\u00e1n\u00ed informac\u00ed z oblasti BOZP zam\u011bstnanc\u016fm shrnout do jednoho \u0161kolen\u00ed, tzv. \u0161kolen\u00ed BOZP. U\u017e v\u016fbec ne je poskytovat pouze formou <a href=\"http:\/\/bozppo-neu.cz\/?page_id=565\"><strong>e-learningu<\/strong><\/a> nebo <a href=\"http:\/\/bozppo-neu.cz\/?page_id=5779\"><strong>virtu\u00e1ln\u00ed reality<\/strong><\/a>. N\u011bkter\u00e1 \u0161kolen\u00ed a poskytov\u00e1n\u00ed informac\u00ed lze kumulovat a je to v\u00fdhodn\u00e9, ne v\u0161ak v\u0161echna.<\/p>\n<p style=\"text-align: right;\">2024-11-04<\/p>\n<p style=\"text-align: center;\">\u00a0<\/p>\n\n\n<pre class=\"wp-block-code\"><code><p align=\"center\"><a href=\"http:\/\/bozppo-neu.cz\/?page_id=995\"><img decoding=\"async\" loading=\"lazy\" src=\"http:\/\/bozppo-neu.cz\/img\/menubutton.jpg\" alt=\"o uroven vyse\" width=\"50\" height=\"72\"><\/a><\/p><\/code><\/pre>\n","protected":false},"excerpt":{"rendered":"<p>\u017d\u00e1dn\u00fd pr\u00e1vn\u00ed ani ostatn\u00ed p\u0159edpis k zaji\u0161t\u011bn\u00ed BOZP nezn\u00e1 pojem \u0161kolen\u00ed BOZP. Jedn\u00e1 se v\u0161ak o v praxi b\u011b\u017en\u011b pou\u017e\u00edvan\u00fd pojem. Vzhledem k tomu, \u017ee nen\u00ed nijak bl\u00ed\u017ee specifikov\u00e1n, m\u016f\u017ee si pod n\u00edm ka\u017ed\u00fd p\u0159edstavit n\u011bco jin\u00e9ho. Proto si tuto problematiku up\u0159esn\u011bme. Zam\u011bstnavatel je ze z\u00e1kon\u00edku pr\u00e1ce povinen zam\u011bstnanc\u016fm zajistit \u0161kolen\u00ed o pr\u00e1vn\u00edch a ostatn\u00edch [&hellip;]<\/p>\n","protected":false},"author":1,"featured_media":0,"parent":0,"menu_order":0,"comment_status":"closed","ping_status":"closed","template":"","meta":[],"_links":{"self":[{"href":"http:\/\/bozppo-neu.cz\/index.php?rest_route=\/wp\/v2\/pages\/1017"}],"collection":[{"href":"http:\/\/bozppo-neu.cz\/index.php?rest_route=\/wp\/v2\/pages"}],"about":[{"href":"http:\/\/bozppo-neu.cz\/index.php?rest_route=\/wp\/v2\/types\/page"}],"author":[{"embeddable":true,"href":"http:\/\/bozppo-neu.cz\/index.php?rest_route=\/wp\/v2\/users\/1"}],"replies":[{"embeddable":true,"href":"http:\/\/bozppo-neu.cz\/index.php?rest_route=%2Fwp%2Fv2%2Fcomments&post=1017"}],"version-history":[{"count":17,"href":"http:\/\/bozppo-neu.cz\/index.php?rest_route=\/wp\/v2\/pages\/1017\/revisions"}],"predecessor-version":[{"id":6002,"href":"http:\/\/bozppo-neu.cz\/index.php?rest_route=\/wp\/v2\/pages\/1017\/revisions\/6002"}],"wp:attachment":[{"href":"http:\/\/bozppo-neu.cz\/index.php?rest_route=%2Fwp%2Fv2%2Fmedia&parent=1017"}],"curies":[{"name":"wp","href":"https:\/\/api.w.org\/{rel}","templated":true}]}}