{"id":1008,"date":"2017-01-20T19:51:34","date_gmt":"2017-01-20T18:51:34","guid":{"rendered":"http:\/\/bozppo-neu.cz\/?page_id=1008"},"modified":"2025-11-28T09:31:47","modified_gmt":"2025-11-28T08:31:47","slug":"motivacni-skoleni","status":"publish","type":"page","link":"http:\/\/bozppo-neu.cz\/?page_id=1008","title":{"rendered":"Motiva\u010dn\u00ed \u0161kolen\u00ed zam\u011bstnanc\u016f k prevenci rizik"},"content":{"rendered":"<p>Motiva\u010dn\u00ed \u0161kolen\u00ed zam\u011bstnanc\u016f na podporu vytv\u00e1\u0159en\u00ed pozitivn\u00edho p\u0159\u00edstupu k prevenci rizik nepat\u0159\u00ed mezi povinn\u00e1 \u0161kolen\u00ed. Bylo vytvo\u0159eno pro zam\u011bstnavatele, kte\u0159\u00ed maj\u00ed z\u00e1jem neust\u00e1le zvy\u0161ovat \u00farove\u0148 zaji\u0161t\u011bn\u00ed BOZP na sv\u00fdch pracovi\u0161t\u00edch a hledaj\u00ed nov\u00e9 mo\u017enosti, jak toho dos\u00e1hnout.<\/p>\n<p><img decoding=\"async\" loading=\"lazy\" class=\"wp-image-1022 alignright\" src=\"http:\/\/bozppo-neu.cz\/wp-content\/uploads\/2017\/01\/13363-213x300.jpg\" alt=\"13363\" width=\"136\" height=\"192\" srcset=\"http:\/\/bozppo-neu.cz\/wp-content\/uploads\/2017\/01\/13363-213x300.jpg 213w, http:\/\/bozppo-neu.cz\/wp-content\/uploads\/2017\/01\/13363.jpg 260w\" sizes=\"(max-width: 136px) 100vw, 136px\" \/>Tv\u016fr\u010d\u00ed t\u00fdm vypracoval osnovu, kter\u00e1 v\u0161ak nen\u00ed z\u00e1vazn\u00e1, ale je pouh\u00fdm metodick\u00fdm n\u00e1vodem pro vypracov\u00e1n\u00ed osnovy \u0161kolen\u00ed podle konkr\u00e9tn\u00edch podm\u00ednek na pracovi\u0161ti. Podrobn\u011bj\u0161\u00ed informace naleznete ve <a href=\"http:\/\/bozppo-neu.cz\/wp-content\/uploads\/2017\/01\/navod.pdf\"><strong>stru\u010dn\u00e9m n\u00e1vodu<\/strong><\/a> k proveden\u00ed motiva\u010dn\u00edho \u0161kolen\u00ed.<\/p>\n<p>Zcela podrobn\u00e9 informace, v\u010detn\u011b variant \u0161kolen\u00ed, sn\u00edmk\u016f prezentace a vyhodnocen\u00ed proveden\u00fdch \u0161kolen\u00ed, naleznete v m\u00e9 publikaci &#8222;\u0160kolen\u00ed bezpe\u010dnosti pr\u00e1ce, po\u017e\u00e1rn\u00ed ochrany a motiva\u010dn\u00ed \u0161kolen\u00ed k prevenci rizik&#8220;. Se <strong><a href=\"http:\/\/bozppo-neu.cz\/wp-content\/uploads\/2017\/02\/motivacni.pdf\">sn\u00edmky prezentace <\/a><\/strong>pou\u017eit\u00e9 p\u0159i pilotn\u00edm proveden\u00ed \u0161kolen\u00ed ve VFN se m\u016f\u017eete sezn\u00e1mit i na t\u011bchto str\u00e1nk\u00e1ch.<\/p>\n<p style=\"text-align: right;\">2017-01-20<\/p>\n<p>\u00a0<\/p>\n<p style=\"text-align: center;\">\u00a0<\/p>\n\n\n<pre class=\"wp-block-code\"><code><p align=\"center\"><a href=\"http:\/\/bozppo-neu.cz\/?page_id=995\"><img decoding=\"async\" loading=\"lazy\" src=\"http:\/\/bozppo-neu.cz\/img\/menubutton.jpg\" alt=\"o uroven vyse\" width=\"50\" height=\"72\"><\/a><\/p><\/code><\/pre>\n","protected":false},"excerpt":{"rendered":"<p>Motiva\u010dn\u00ed \u0161kolen\u00ed zam\u011bstnanc\u016f na podporu vytv\u00e1\u0159en\u00ed pozitivn\u00edho p\u0159\u00edstupu k prevenci rizik nepat\u0159\u00ed mezi povinn\u00e1 \u0161kolen\u00ed. Bylo vytvo\u0159eno pro zam\u011bstnavatele, kte\u0159\u00ed maj\u00ed z\u00e1jem neust\u00e1le zvy\u0161ovat \u00farove\u0148 zaji\u0161t\u011bn\u00ed BOZP na sv\u00fdch pracovi\u0161t\u00edch a hledaj\u00ed nov\u00e9 mo\u017enosti, jak toho dos\u00e1hnout. Tv\u016fr\u010d\u00ed t\u00fdm vypracoval osnovu, kter\u00e1 v\u0161ak nen\u00ed z\u00e1vazn\u00e1, ale je pouh\u00fdm metodick\u00fdm n\u00e1vodem pro vypracov\u00e1n\u00ed osnovy \u0161kolen\u00ed podle [&hellip;]<\/p>\n","protected":false},"author":1,"featured_media":0,"parent":0,"menu_order":0,"comment_status":"closed","ping_status":"closed","template":"","meta":[],"_links":{"self":[{"href":"http:\/\/bozppo-neu.cz\/index.php?rest_route=\/wp\/v2\/pages\/1008"}],"collection":[{"href":"http:\/\/bozppo-neu.cz\/index.php?rest_route=\/wp\/v2\/pages"}],"about":[{"href":"http:\/\/bozppo-neu.cz\/index.php?rest_route=\/wp\/v2\/types\/page"}],"author":[{"embeddable":true,"href":"http:\/\/bozppo-neu.cz\/index.php?rest_route=\/wp\/v2\/users\/1"}],"replies":[{"embeddable":true,"href":"http:\/\/bozppo-neu.cz\/index.php?rest_route=%2Fwp%2Fv2%2Fcomments&post=1008"}],"version-history":[{"count":14,"href":"http:\/\/bozppo-neu.cz\/index.php?rest_route=\/wp\/v2\/pages\/1008\/revisions"}],"predecessor-version":[{"id":6161,"href":"http:\/\/bozppo-neu.cz\/index.php?rest_route=\/wp\/v2\/pages\/1008\/revisions\/6161"}],"wp:attachment":[{"href":"http:\/\/bozppo-neu.cz\/index.php?rest_route=%2Fwp%2Fv2%2Fmedia&parent=1008"}],"curies":[{"name":"wp","href":"https:\/\/api.w.org\/{rel}","templated":true}]}}